{"id":64006,"date":"2025-03-14T05:02:31","date_gmt":"2025-03-14T05:02:31","guid":{"rendered":"https:\/\/e.kosmolat.eu\/product\/camouflage-concealer-maskejosais-konsileris-tonis-03\/"},"modified":"2026-04-10T07:00:49","modified_gmt":"2026-04-10T07:00:49","slug":"camouflage-maskejos-konsileris-tonis-03-5-ml","status":"publish","type":"product","link":"https:\/\/e.kosmolat.eu\/ru\/product\/camouflage-maskejos-konsileris-tonis-03-5-ml\/","title":{"rendered":"QUIZ Camouflage \u041a\u043e\u043d\u0441\u0438\u043b\u0435\u0440, \u0442\u043e\u043d 03, 5 \u043c\u043b"},"content":{"rendered":"<p>Uzglab\u0101t temperat\u016br\u0101 no +2\u00b0C l\u012bdz +25\u00b0C.<\/p>\n","protected":false},"excerpt":{"rendered":"<p>Uzglab\u0101t temperat\u016br\u0101 no +2\u00b0C l\u012bdz +25\u00b0C.<\/p>\n","protected":false},"featured_media":96918,"template":"","meta":[],"product_cat":[1489],"product_tag":[],"class_list":{"0":"post-64006","1":"product","2":"type-product","3":"status-publish","4":"has-post-thumbnail","6":"product_brand-quiz_bim_pl-ru","7":"product_cat-1489","9":"first","10":"instock","11":"taxable","12":"shipping-taxable","13":"product-type-simple"},"_links":{"self":[{"href":"https:\/\/e.kosmolat.eu\/ru\/wp-json\/wp\/v2\/product\/64006","targetHints":{"allow":["GET"]}}],"collection":[{"href":"https:\/\/e.kosmolat.eu\/ru\/wp-json\/wp\/v2\/product"}],"about":[{"href":"https:\/\/e.kosmolat.eu\/ru\/wp-json\/wp\/v2\/types\/product"}],"wp:featuredmedia":[{"embeddable":true,"href":"https:\/\/e.kosmolat.eu\/ru\/wp-json\/wp\/v2\/media\/96918"}],"wp:attachment":[{"href":"https:\/\/e.kosmolat.eu\/ru\/wp-json\/wp\/v2\/media?parent=64006"}],"wp:term":[{"taxonomy":"product_cat","embeddable":true,"href":"https:\/\/e.kosmolat.eu\/ru\/wp-json\/wp\/v2\/product_cat?post=64006"},{"taxonomy":"product_tag","embeddable":true,"href":"https:\/\/e.kosmolat.eu\/ru\/wp-json\/wp\/v2\/product_tag?post=64006"}],"curies":[{"name":"wp","href":"https:\/\/api.w.org\/{rel}","templated":true}]}}