{"id":51821,"date":"2024-05-17T04:09:22","date_gmt":"2024-05-17T04:09:22","guid":{"rendered":"https:\/\/e.kosmolat.eu\/product\/skin-love-kr-zeleja-ar-alveju-kombinet-un-jutigai-sejas-adai-60-g\/"},"modified":"2025-09-20T05:12:25","modified_gmt":"2025-09-20T05:12:25","slug":"skin-love-kr-zeleja-ar-alveju-kombinet-un-jutigai-sejas-adai-60-g","status":"publish","type":"product","link":"https:\/\/e.kosmolat.eu\/ru\/product\/skin-love-kr-zeleja-ar-alveju-kombinet-un-jutigai-sejas-adai-60-g\/","title":{"rendered":"Skin Love \u041a\u0440\u0435\u043c-\u0433\u0435\u043b\u044c \u0441 \u0430\u043b\u043e\u044d \u0432\u0435\u0440\u0430 \u0434\u043b\u044f \u043a\u043e\u043c\u0431\u0438\u043d\u0438\u0440. \u0438 \u0447\u0443\u0432\u0441\u0442\u0432\u0438\u0442. \u043a\u043e\u0436\u0438 \u043b\u0438\u0446\u0430, 60 \u0433"},"content":{"rendered":"<p>Alvejas sula nomierina, atsvaidzina, toniz\u0113, mazina lob\u012b&scaron;anos, mitrina un atjauno \u0101du.<\/p>\n<p><strong>Lieto&scaron;ana: <\/strong>uzkl\u0101t uz sausas, att\u012br\u012btas, sejas un dekolt\u0113 zonas \u0101das un maigi sadal\u012bt pa mas\u0101\u017eas l\u012bnij\u0101m. Var lietot k\u0101 grima b\u0101zi.<\/p>\n<p>Uzglab\u0101t temperat\u016br\u0101 no +5 &deg;\u0421 l\u012bdz +25 &deg;\u0421.&nbsp;<\/p>\n<p><strong>Der\u012bguma termi\u0146&scaron;:<\/strong> 36 m\u0113ne&scaron;i.<br \/>\n&nbsp;<\/p>\n","protected":false},"excerpt":{"rendered":"<p>Alvejas sula nomierina, atsvaidzina, toniz\u0113, mazina lob\u012b&scaron;anos, mitrina un atjauno \u0101du. Lieto&scaron;ana: uzkl\u0101t uz sausas, att\u012br\u012btas, sejas un dekolt\u0113 zonas \u0101das un maigi sadal\u012bt pa mas\u0101\u017eas l\u012bnij\u0101m. Var lietot k\u0101 grima b\u0101zi. Uzglab\u0101t temperat\u016br\u0101 no +5 &deg;\u0421 l\u012bdz +25 &deg;\u0421.&nbsp; Der\u012bguma termi\u0146&scaron;: 36 m\u0113ne&scaron;i. &nbsp;<\/p>\n","protected":false},"featured_media":92622,"template":"","meta":[],"product_cat":[1323],"product_tag":[],"class_list":{"0":"post-51821","1":"product","2":"type-product","3":"status-publish","4":"has-post-thumbnail","6":"product_brand-belkosmex_by-ru","7":"product_cat-1323","9":"first","10":"outofstock","11":"taxable","12":"shipping-taxable","13":"product-type-simple"},"_links":{"self":[{"href":"https:\/\/e.kosmolat.eu\/ru\/wp-json\/wp\/v2\/product\/51821","targetHints":{"allow":["GET"]}}],"collection":[{"href":"https:\/\/e.kosmolat.eu\/ru\/wp-json\/wp\/v2\/product"}],"about":[{"href":"https:\/\/e.kosmolat.eu\/ru\/wp-json\/wp\/v2\/types\/product"}],"wp:featuredmedia":[{"embeddable":true,"href":"https:\/\/e.kosmolat.eu\/ru\/wp-json\/wp\/v2\/media\/92622"}],"wp:attachment":[{"href":"https:\/\/e.kosmolat.eu\/ru\/wp-json\/wp\/v2\/media?parent=51821"}],"wp:term":[{"taxonomy":"product_cat","embeddable":true,"href":"https:\/\/e.kosmolat.eu\/ru\/wp-json\/wp\/v2\/product_cat?post=51821"},{"taxonomy":"product_tag","embeddable":true,"href":"https:\/\/e.kosmolat.eu\/ru\/wp-json\/wp\/v2\/product_tag?post=51821"}],"curies":[{"name":"wp","href":"https:\/\/api.w.org\/{rel}","templated":true}]}}