{"id":39588,"date":"2023-12-22T23:40:08","date_gmt":"2023-12-22T23:40:08","guid":{"rendered":"https:\/\/e.kosmolat.eu\/product\/top-ten-pretblaugznu-sampuns-viriesiem-250-ml\/"},"modified":"2025-07-31T10:41:03","modified_gmt":"2025-07-31T10:41:03","slug":"top-ten-pretblaugznu-sampuns-viriesiem-250-ml","status":"publish","type":"product","link":"https:\/\/e.kosmolat.eu\/ru\/product\/top-ten-pretblaugznu-sampuns-viriesiem-250-ml\/","title":{"rendered":"TOP TEN \u0428\u0430\u043c\u043f\u0443\u043d\u044c \u0434\u043b\u044f \u043c\u0443\u0436\u0447\u0438\u043d \u043f\u0440\u043e\u0442\u0438\u0432 \u043f\u0435\u0440\u0445\u043e\u0442\u0438, 250 \u043c\u043b"},"content":{"rendered":"<p>\u0160amp\u016bnas i\u0161valo galvos od\u0105 ir 100% pa\u0161alina pleiskanas. Specialiai sukurta formul\u0117 yra aktyvintos anglies ir kofeino kompleksas. Aktyvuota anglis \u0161velniai valo galvos od\u0105, o kofeinas ma\u017eina plauk\u0173 slinkim\u0105. Po 4 savai\u010di\u0173 naudojimo Top Ten \u0161amp\u016bnas nuo pleiskan\u0173 vyrams \u017eymiai pagerina galvos odos b\u016bkl\u0119 ir suma\u017eina pleiskan\u0173 atsiradim\u0105. Tinka bet kokio tipo plaukams. Kasdieniniam naudojimui. Dermatologi\u0161kai patikrintas. Naudojimas: Tepkite ant dr\u0117gn\u0173 plauk\u0173 ir masa\u017euokite, kol susidarys tir\u0161tos putos, tada kruop\u0161\u010diai nuplaukite vandeniu. Jei reikia, pakartokite. Patekus \u012f akis, kruop\u0161\u010diai nuplaukite vandeniu.<\/p>\n","protected":false},"excerpt":{"rendered":"<p>\u0160amp\u016bnas i\u0161valo galvos od\u0105 ir 100% pa\u0161alina pleiskanas. Specialiai sukurta formul\u0117 yra aktyvintos anglies ir kofeino kompleksas. Aktyvuota anglis \u0161velniai valo galvos od\u0105, o kofeinas ma\u017eina plauk\u0173 slinkim\u0105. Po 4 savai\u010di\u0173 naudojimo Top Ten \u0161amp\u016bnas nuo pleiskan\u0173 vyrams \u017eymiai pagerina galvos odos b\u016bkl\u0119 ir suma\u017eina pleiskan\u0173 atsiradim\u0105. Tinka bet kokio tipo plaukams. Kasdieniniam naudojimui. Dermatologi\u0161kai [&#8230;]\n","protected":false},"featured_media":740,"template":"","meta":[],"product_cat":[1687],"product_tag":[],"class_list":{"0":"post-39588","1":"product","2":"type-product","3":"status-publish","4":"has-post-thumbnail","6":"product_brand-rubella-bg-ru","7":"product_cat-1687","9":"first","10":"outofstock","11":"taxable","12":"shipping-taxable","13":"product-type-simple"},"_links":{"self":[{"href":"https:\/\/e.kosmolat.eu\/ru\/wp-json\/wp\/v2\/product\/39588","targetHints":{"allow":["GET"]}}],"collection":[{"href":"https:\/\/e.kosmolat.eu\/ru\/wp-json\/wp\/v2\/product"}],"about":[{"href":"https:\/\/e.kosmolat.eu\/ru\/wp-json\/wp\/v2\/types\/product"}],"wp:featuredmedia":[{"embeddable":true,"href":"https:\/\/e.kosmolat.eu\/ru\/wp-json\/wp\/v2\/media\/740"}],"wp:attachment":[{"href":"https:\/\/e.kosmolat.eu\/ru\/wp-json\/wp\/v2\/media?parent=39588"}],"wp:term":[{"taxonomy":"product_cat","embeddable":true,"href":"https:\/\/e.kosmolat.eu\/ru\/wp-json\/wp\/v2\/product_cat?post=39588"},{"taxonomy":"product_tag","embeddable":true,"href":"https:\/\/e.kosmolat.eu\/ru\/wp-json\/wp\/v2\/product_tag?post=39588"}],"curies":[{"name":"wp","href":"https:\/\/api.w.org\/{rel}","templated":true}]}}