{"id":38435,"date":"2023-12-22T21:33:11","date_gmt":"2023-12-22T21:33:11","guid":{"rendered":"https:\/\/e.kosmolat.eu\/product\/jc-ipas-mitrinoss-pedu-krems-100-ml\/"},"modified":"2026-04-17T13:39:27","modified_gmt":"2026-04-17T13:39:27","slug":"jc-ipas-mitrinoss-pedu-krems-100-ml","status":"publish","type":"product","link":"https:\/\/e.kosmolat.eu\/ru\/product\/jc-ipas-mitrinoss-pedu-krems-100-ml\/","title":{"rendered":"JC \u042d\u043a\u0441\u0442\u0440\u0430 \u0443\u0432\u043b\u0430\u0436\u043d\u044f\u044e\u0449\u0438\u0439 \u043a\u0440\u0435\u043c \u0434\u043b\u044f \u043d\u043e\u0433, 100 \u043c\u043b"},"content":{"rendered":"<p>Satur persiku kauli\u0146u e\u013c\u013cu, 10% ur\u012bnvielu. Nov\u0113r&scaron; \u0101das sausumu un plais\u0101&scaron;anu.&nbsp;<\/p>\n<p><strong>Lieto&scaron;ana: <\/strong>uzkl\u0101t uz sausas, t\u012bras p\u0113du \u0101das katru dienu.&nbsp;<\/p>\n<p><strong>Piesardz\u012bbas pas\u0101kumi:<\/strong> ja iek\u013c\u016bst ac\u012bs, izskalot ar siltu \u016bdeni.<\/p>\n<p>Uzglab\u0101t temperat\u016br\u0101 no 0&deg;C l\u012bdz +25&deg;C.<br \/>\n&nbsp;<\/p>\n<p>&nbsp;<\/p>\n","protected":false},"excerpt":{"rendered":"<p>Satur persiku kauli\u0146u e\u013c\u013cu, 10% ur\u012bnvielu. Nov\u0113r&scaron; \u0101das sausumu un plais\u0101&scaron;anu.&nbsp; Lieto&scaron;ana: uzkl\u0101t uz sausas, t\u012bras p\u0113du \u0101das katru dienu.&nbsp; Piesardz\u012bbas pas\u0101kumi: ja iek\u013c\u016bst ac\u012bs, izskalot ar siltu \u016bdeni. Uzglab\u0101t temperat\u016br\u0101 no 0&deg;C l\u012bdz +25&deg;C. &nbsp; &nbsp;<\/p>\n","protected":false},"featured_media":98163,"template":"","meta":[],"product_cat":[1762],"product_tag":[],"class_list":{"0":"post-38435","1":"product","2":"type-product","3":"status-publish","4":"has-post-thumbnail","6":"product_brand-kombi_ua-ru","7":"product_cat-1762","9":"first","10":"instock","11":"taxable","12":"shipping-taxable","13":"product-type-simple"},"_links":{"self":[{"href":"https:\/\/e.kosmolat.eu\/ru\/wp-json\/wp\/v2\/product\/38435","targetHints":{"allow":["GET"]}}],"collection":[{"href":"https:\/\/e.kosmolat.eu\/ru\/wp-json\/wp\/v2\/product"}],"about":[{"href":"https:\/\/e.kosmolat.eu\/ru\/wp-json\/wp\/v2\/types\/product"}],"wp:featuredmedia":[{"embeddable":true,"href":"https:\/\/e.kosmolat.eu\/ru\/wp-json\/wp\/v2\/media\/98163"}],"wp:attachment":[{"href":"https:\/\/e.kosmolat.eu\/ru\/wp-json\/wp\/v2\/media?parent=38435"}],"wp:term":[{"taxonomy":"product_cat","embeddable":true,"href":"https:\/\/e.kosmolat.eu\/ru\/wp-json\/wp\/v2\/product_cat?post=38435"},{"taxonomy":"product_tag","embeddable":true,"href":"https:\/\/e.kosmolat.eu\/ru\/wp-json\/wp\/v2\/product_tag?post=38435"}],"curies":[{"name":"wp","href":"https:\/\/api.w.org\/{rel}","templated":true}]}}