{"id":98474,"date":"2025-10-13T12:50:55","date_gmt":"2025-10-13T12:50:55","guid":{"rendered":"https:\/\/e.kosmolat.eu\/?post_type=product&#038;p=98474"},"modified":"2026-04-24T05:51:04","modified_gmt":"2026-04-24T05:51:04","slug":"spkrug-fito-balzams-lacu-45-g","status":"publish","type":"product","link":"https:\/\/e.kosmolat.eu\/lv\/product\/spkrug-fito-balzams-lacu-45-g\/","title":{"rendered":"SpKrug Fito-balzams L\u0101\u010du, 45 g"},"content":{"rendered":"<p>Sildo\u0161s fito-balzams uz dab\u012bgo tauku pamata. Lietot uz t\u012bras, sausas \u0101das. Kosm\u0113tisks l\u012bdzelkis.<\/p>\n<p>Glab\u0101t temperat\u016br\u0101 no +2 l\u012bdz +25 \u00b0C.<\/p>\n","protected":false},"excerpt":{"rendered":"<p>Sildo\u0161s fito-balzams uz dab\u012bgo tauku pamata. Lietot uz t\u012bras, sausas \u0101das. Kosm\u0113tisks l\u012bdzelkis. Glab\u0101t temperat\u016br\u0101 no +2 l\u012bdz +25 \u00b0C.<\/p>\n","protected":false},"featured_media":98478,"template":"","meta":[],"product_cat":[1388],"product_tag":[],"class_list":{"0":"post-98474","1":"product","2":"type-product","3":"status-publish","4":"has-post-thumbnail","6":"product_brand-elpis","7":"product_cat-kermena-kremi-pienini-sviesti","9":"first","10":"instock","11":"taxable","12":"shipping-taxable","13":"product-type-simple"},"_links":{"self":[{"href":"https:\/\/e.kosmolat.eu\/lv\/wp-json\/wp\/v2\/product\/98474","targetHints":{"allow":["GET"]}}],"collection":[{"href":"https:\/\/e.kosmolat.eu\/lv\/wp-json\/wp\/v2\/product"}],"about":[{"href":"https:\/\/e.kosmolat.eu\/lv\/wp-json\/wp\/v2\/types\/product"}],"wp:featuredmedia":[{"embeddable":true,"href":"https:\/\/e.kosmolat.eu\/lv\/wp-json\/wp\/v2\/media\/98478"}],"wp:attachment":[{"href":"https:\/\/e.kosmolat.eu\/lv\/wp-json\/wp\/v2\/media?parent=98474"}],"wp:term":[{"taxonomy":"product_cat","embeddable":true,"href":"https:\/\/e.kosmolat.eu\/lv\/wp-json\/wp\/v2\/product_cat?post=98474"},{"taxonomy":"product_tag","embeddable":true,"href":"https:\/\/e.kosmolat.eu\/lv\/wp-json\/wp\/v2\/product_tag?post=98474"}],"curies":[{"name":"wp","href":"https:\/\/api.w.org\/{rel}","templated":true}]}}