{"id":98445,"date":"2025-10-13T10:06:53","date_gmt":"2025-10-13T10:06:53","guid":{"rendered":"https:\/\/e.kosmolat.eu\/?post_type=product&#038;p=98445"},"modified":"2026-04-23T05:49:47","modified_gmt":"2026-04-23T05:49:47","slug":"spasatel-hondroitins-1000-balzams-kerm-50-g","status":"publish","type":"product","link":"https:\/\/e.kosmolat.eu\/lv\/product\/spasatel-hondroitins-1000-balzams-kerm-50-g\/","title":{"rendered":"Spasatel Hondroit\u012bns 1000 Balzams \u0137erm., 50 g"},"content":{"rendered":"<p>Akt\u012bv\u0101s sast\u0101vda\u013cas: hondroit\u012bna sulf\u0101ts, glikozam\u012bna sulf\u0101ts, nikot\u012bnsk\u0101be, organiskais sil\u012bcijs, kan\u0113\u013ca \u0113terisk\u0101 e\u013c\u013ca.<\/p>\n<p>Paredz\u0113ts lieto\u0161anai ce\u013cgalu, elko\u0146u un plaukstu loc\u012btavu zon\u0101s. Uzkl\u0101t uz t\u012bras, sausas \u0101das. Kosm\u0113tisks l\u012bdzelkis.<\/p>\n<p>Glab\u0101t temperat\u016br\u0101 no +2 l\u012bdz +25 \u00b0C.<\/p>\n","protected":false},"excerpt":{"rendered":"<p>Akt\u012bv\u0101s sast\u0101vda\u013cas: hondroit\u012bna sulf\u0101ts, glikozam\u012bna sulf\u0101ts, nikot\u012bnsk\u0101be, organiskais sil\u012bcijs, kan\u0113\u013ca \u0113terisk\u0101 e\u013c\u013ca. Paredz\u0113ts lieto\u0161anai ce\u013cgalu, elko\u0146u un plaukstu loc\u012btavu zon\u0101s. Uzkl\u0101t uz t\u012bras, sausas \u0101das. Kosm\u0113tisks l\u012bdzelkis. Glab\u0101t temperat\u016br\u0101 no +2 l\u012bdz +25 \u00b0C.<\/p>\n","protected":false},"featured_media":98449,"template":"","meta":[],"product_cat":[1388],"product_tag":[],"class_list":{"0":"post-98445","1":"product","2":"type-product","3":"status-publish","4":"has-post-thumbnail","6":"product_brand-elpis","7":"product_cat-kermena-kremi-pienini-sviesti","9":"first","10":"instock","11":"taxable","12":"shipping-taxable","13":"product-type-simple"},"_links":{"self":[{"href":"https:\/\/e.kosmolat.eu\/lv\/wp-json\/wp\/v2\/product\/98445","targetHints":{"allow":["GET"]}}],"collection":[{"href":"https:\/\/e.kosmolat.eu\/lv\/wp-json\/wp\/v2\/product"}],"about":[{"href":"https:\/\/e.kosmolat.eu\/lv\/wp-json\/wp\/v2\/types\/product"}],"wp:featuredmedia":[{"embeddable":true,"href":"https:\/\/e.kosmolat.eu\/lv\/wp-json\/wp\/v2\/media\/98449"}],"wp:attachment":[{"href":"https:\/\/e.kosmolat.eu\/lv\/wp-json\/wp\/v2\/media?parent=98445"}],"wp:term":[{"taxonomy":"product_cat","embeddable":true,"href":"https:\/\/e.kosmolat.eu\/lv\/wp-json\/wp\/v2\/product_cat?post=98445"},{"taxonomy":"product_tag","embeddable":true,"href":"https:\/\/e.kosmolat.eu\/lv\/wp-json\/wp\/v2\/product_tag?post=98445"}],"curies":[{"name":"wp","href":"https:\/\/api.w.org\/{rel}","templated":true}]}}