{"id":98409,"date":"2025-10-13T07:20:51","date_gmt":"2025-10-13T07:20:51","guid":{"rendered":"https:\/\/e.kosmolat.eu\/?post_type=product&#038;p=98409"},"modified":"2026-04-13T10:05:58","modified_gmt":"2026-04-13T10:05:58","slug":"golden-star-balm-zelta-zvaigzne-4-g","status":"publish","type":"product","link":"https:\/\/e.kosmolat.eu\/lv\/product\/golden-star-balm-zelta-zvaigzne-4-g\/","title":{"rendered":"Golden Star Balm Zelta zvaigzne, 4 g"},"content":{"rendered":"<p>\u0100r\u012bgai lieto\u0161anai. Vjetnamas arom\u0101tiskais balz\u0101ms ar rakstur\u012bgu \u0113terisko e\u013c\u013cu smar\u017eu. Satur piparm\u0113tras, t\u0113jas koka, krustnagli\u0146u, kan\u0113\u013ca \u0113terisk\u0101s e\u013c\u013cas, mentolu un kamparu. Ir piem\u0113rots kosm\u0113tikas l\u012bdzek\u013cu bag\u0101tin\u0101\u0161anai, aromterapijai, parfim\u0113rijas kompoz\u012bcij\u0101m.<\/p>\n<p>Lieto\u0161ana: kosm\u0113tikas pamatl\u012bdzeklim pievienot arom\u0101tisko balz\u0101mu attiec\u012bb\u0101 10:1, r\u016bp\u012bgi sajaukt pirms uzkl\u0101\u0161anas uz \u0101das.<\/p>\n<p>Br\u012bdin\u0101jumi: nelietot individu\u0101l\u0101s nepanes\u012bbas gad\u012bjum\u0101, gr\u016btniec\u0113m un barojo\u0161\u0101m m\u0101t\u0113m. Izvair\u012bties no iek\u013c\u016b\u0161anas ac\u012bs, uz g\u013cot\u0101das vai boj\u0101tas \u0101das (\u0161ajos gad\u012bjumos skalot ar \u016bdeni vair\u0101kas min\u016btes).<\/p>\n<p>Glab\u0101t temperat\u016br\u0101 l\u012bdz +30 \u00b0C, b\u0113rniem nepieejam\u0101 viet\u0101.<\/p>\n","protected":false},"excerpt":{"rendered":"<p>\u0100r\u012bgai lieto\u0161anai. Vjetnamas arom\u0101tiskais balz\u0101ms ar rakstur\u012bgu \u0113terisko e\u013c\u013cu smar\u017eu. Satur piparm\u0113tras, t\u0113jas koka, krustnagli\u0146u, kan\u0113\u013ca \u0113terisk\u0101s e\u013c\u013cas, mentolu un kamparu. Ir piem\u0113rots kosm\u0113tikas l\u012bdzek\u013cu bag\u0101tin\u0101\u0161anai, aromterapijai, parfim\u0113rijas kompoz\u012bcij\u0101m. Lieto\u0161ana: kosm\u0113tikas pamatl\u012bdzeklim pievienot arom\u0101tisko balz\u0101mu attiec\u012bb\u0101 10:1, r\u016bp\u012bgi sajaukt pirms uzkl\u0101\u0161anas uz \u0101das. Br\u012bdin\u0101jumi: nelietot individu\u0101l\u0101s nepanes\u012bbas gad\u012bjum\u0101, gr\u016btniec\u0113m un barojo\u0161\u0101m m\u0101t\u0113m. Izvair\u012bties no iek\u013c\u016b\u0161anas [&#8230;]\n","protected":false},"featured_media":98413,"template":"","meta":[],"product_cat":[1999],"product_tag":[],"class_list":{"0":"post-98409","1":"product","2":"type-product","3":"status-publish","4":"has-post-thumbnail","6":"product_brand-elpis","7":"product_cat-bez-kategorijas","9":"first","10":"outofstock","11":"taxable","12":"shipping-taxable","13":"product-type-simple"},"_links":{"self":[{"href":"https:\/\/e.kosmolat.eu\/lv\/wp-json\/wp\/v2\/product\/98409","targetHints":{"allow":["GET"]}}],"collection":[{"href":"https:\/\/e.kosmolat.eu\/lv\/wp-json\/wp\/v2\/product"}],"about":[{"href":"https:\/\/e.kosmolat.eu\/lv\/wp-json\/wp\/v2\/types\/product"}],"wp:featuredmedia":[{"embeddable":true,"href":"https:\/\/e.kosmolat.eu\/lv\/wp-json\/wp\/v2\/media\/98413"}],"wp:attachment":[{"href":"https:\/\/e.kosmolat.eu\/lv\/wp-json\/wp\/v2\/media?parent=98409"}],"wp:term":[{"taxonomy":"product_cat","embeddable":true,"href":"https:\/\/e.kosmolat.eu\/lv\/wp-json\/wp\/v2\/product_cat?post=98409"},{"taxonomy":"product_tag","embeddable":true,"href":"https:\/\/e.kosmolat.eu\/lv\/wp-json\/wp\/v2\/product_tag?post=98409"}],"curies":[{"name":"wp","href":"https:\/\/api.w.org\/{rel}","templated":true}]}}