{"id":97570,"date":"2025-10-01T07:45:49","date_gmt":"2025-10-01T07:45:49","guid":{"rendered":"https:\/\/e.kosmolat.eu\/product\/astera-flex-act-duo-pack-videji-cieta-zobu-birste-2-gab\/"},"modified":"2026-04-01T08:39:20","modified_gmt":"2026-04-01T08:39:20","slug":"astera-flex-act-duo-pack-videji-cieta-zobu-birste-2-gab","status":"publish","type":"product","link":"https:\/\/e.kosmolat.eu\/lv\/product\/astera-flex-act-duo-pack-videji-cieta-zobu-birste-2-gab\/","title":{"rendered":"Astera Flex Act. Duo Pack Vid\u0113ji cieta zobu birste, 2 gab."},"content":{"rendered":"<p>Vair\u0101k nek\u0101 2000 sari\u0146u. Elast\u012bgs kakli\u0146\u0161. Ergonomisks rokturis.<\/p>\n","protected":false},"excerpt":{"rendered":"<p>Vair\u0101k nek\u0101 2000 sari\u0146u. Elast\u012bgs kakli\u0146\u0161. Ergonomisks rokturis.<\/p>\n","protected":false},"featured_media":97574,"template":"","meta":[],"product_cat":[2181],"product_tag":[],"class_list":{"0":"post-97570","1":"product","2":"type-product","3":"status-publish","4":"has-post-thumbnail","6":"product_brand-aroma-bg","7":"product_cat-bez-kategorijas-lt","9":"first","10":"instock","11":"taxable","12":"shipping-taxable","13":"product-type-simple"},"_links":{"self":[{"href":"https:\/\/e.kosmolat.eu\/lv\/wp-json\/wp\/v2\/product\/97570","targetHints":{"allow":["GET"]}}],"collection":[{"href":"https:\/\/e.kosmolat.eu\/lv\/wp-json\/wp\/v2\/product"}],"about":[{"href":"https:\/\/e.kosmolat.eu\/lv\/wp-json\/wp\/v2\/types\/product"}],"wp:featuredmedia":[{"embeddable":true,"href":"https:\/\/e.kosmolat.eu\/lv\/wp-json\/wp\/v2\/media\/97574"}],"wp:attachment":[{"href":"https:\/\/e.kosmolat.eu\/lv\/wp-json\/wp\/v2\/media?parent=97570"}],"wp:term":[{"taxonomy":"product_cat","embeddable":true,"href":"https:\/\/e.kosmolat.eu\/lv\/wp-json\/wp\/v2\/product_cat?post=97570"},{"taxonomy":"product_tag","embeddable":true,"href":"https:\/\/e.kosmolat.eu\/lv\/wp-json\/wp\/v2\/product_tag?post=97570"}],"curies":[{"name":"wp","href":"https:\/\/api.w.org\/{rel}","templated":true}]}}