{"id":97562,"date":"2025-10-01T07:45:32","date_gmt":"2025-10-01T07:45:32","guid":{"rendered":"https:\/\/e.kosmolat.eu\/product\/aroma-fc-mitras-salvetes-rokam-ar-mellenu-aromatu-15-gab\/"},"modified":"2026-04-15T09:34:19","modified_gmt":"2026-04-15T09:34:19","slug":"aroma-fc-mitras-salvetes-rokam-ar-mellenu-aromatu-15-gab","status":"publish","type":"product","link":"https:\/\/e.kosmolat.eu\/lv\/product\/aroma-fc-mitras-salvetes-rokam-ar-mellenu-aromatu-15-gab\/","title":{"rendered":"Aroma  F&#038;C Mitr\u0101s salvetes rok\u0101m ar melle\u0146u arom\u0101tu, 15 gab."},"content":{"rendered":"<p>Att\u012bra, mitrina un atsvaidzina roku \u0101du, atst\u0101jot maigu t\u012br\u012bbas saj\u016btu.<\/p>\n<p>Der\u012bguma termi\u0146\u0161: 3 gadi no izgatavo\u0161anas datuma.<\/p>\n","protected":false},"excerpt":{"rendered":"<p>Att\u012bra, mitrina un atsvaidzina roku \u0101du, atst\u0101jot maigu t\u012br\u012bbas saj\u016btu. Der\u012bguma termi\u0146\u0161: 3 gadi no izgatavo\u0161anas datuma.<\/p>\n","protected":false},"featured_media":97566,"template":"","meta":[],"product_cat":[1806],"product_tag":[],"class_list":{"0":"post-97562","1":"product","2":"type-product","3":"status-publish","4":"has-post-thumbnail","6":"product_brand-aroma-bg","7":"product_cat-mitras-salvetes-un-kabataslakatini","9":"first","10":"outofstock","11":"taxable","12":"shipping-taxable","13":"product-type-simple"},"_links":{"self":[{"href":"https:\/\/e.kosmolat.eu\/lv\/wp-json\/wp\/v2\/product\/97562","targetHints":{"allow":["GET"]}}],"collection":[{"href":"https:\/\/e.kosmolat.eu\/lv\/wp-json\/wp\/v2\/product"}],"about":[{"href":"https:\/\/e.kosmolat.eu\/lv\/wp-json\/wp\/v2\/types\/product"}],"wp:featuredmedia":[{"embeddable":true,"href":"https:\/\/e.kosmolat.eu\/lv\/wp-json\/wp\/v2\/media\/97566"}],"wp:attachment":[{"href":"https:\/\/e.kosmolat.eu\/lv\/wp-json\/wp\/v2\/media?parent=97562"}],"wp:term":[{"taxonomy":"product_cat","embeddable":true,"href":"https:\/\/e.kosmolat.eu\/lv\/wp-json\/wp\/v2\/product_cat?post=97562"},{"taxonomy":"product_tag","embeddable":true,"href":"https:\/\/e.kosmolat.eu\/lv\/wp-json\/wp\/v2\/product_tag?post=97562"}],"curies":[{"name":"wp","href":"https:\/\/api.w.org\/{rel}","templated":true}]}}