{"id":97546,"date":"2025-10-01T07:44:54","date_gmt":"2025-10-01T07:44:54","guid":{"rendered":"https:\/\/e.kosmolat.eu\/product\/astera-diamond-mutes-dobuma-skalos-lidz-6-in-1-300-ml\/"},"modified":"2026-04-16T08:47:27","modified_gmt":"2026-04-16T08:47:27","slug":"astera-diamond-mutes-dobuma-skalos-lidz-6-in-1-300-ml","status":"publish","type":"product","link":"https:\/\/e.kosmolat.eu\/lv\/product\/astera-diamond-mutes-dobuma-skalos-lidz-6-in-1-300-ml\/","title":{"rendered":"Astera Diamond Mutes dobuma skalo\u0161. l\u012bdz. 6 in 1, 300 ml"},"content":{"rendered":"<p>Nodro\u0161ina visaptvero\u0161u mutes dobuma kop\u0161anu. Satur \u012bpa\u0161u tr\u012bsk\u0101r\u0161o kompleksu pret zobu aplikumu, kariesu un nepat\u012bkamu elpu. Piem\u0113rots ikdienas lieto\u0161anai: neitraliz\u0113 kait\u012bg\u0101s bakt\u0113rijas un nodro\u0161ina ilgsto\u0161u aizsardz\u012bbu pret aplikumu. Atsvaidzina elpu, veicina smaganu un zobu vesel\u012bbu. Pal\u012bdz nov\u0113rst kariesu un zobu jut\u012bgumu. Nesatur alkoholu.<\/p>\n<p>Lieto\u0161ana: Piepildiet v\u0101ci\u0146u un r\u016bp\u012bgi skalojiet muti apm\u0113ram 1 min\u016bti.<\/p>\n<p>Piesardz\u012bbas pas\u0101kumi: Nenor\u012bt. Nav ieteicams b\u0113rniem, kas jaun\u0101ki par 7 gadiem. satur n\u0101trija fluor\u012bdu 0,0225%, kas apr\u0113\u0137in\u0101ti k\u0101 F.<\/p>\n","protected":false},"excerpt":{"rendered":"<p>Nodro\u0161ina visaptvero\u0161u mutes dobuma kop\u0161anu. Satur \u012bpa\u0161u tr\u012bsk\u0101r\u0161o kompleksu pret zobu aplikumu, kariesu un nepat\u012bkamu elpu. Piem\u0113rots ikdienas lieto\u0161anai: neitraliz\u0113 kait\u012bg\u0101s bakt\u0113rijas un nodro\u0161ina ilgsto\u0161u aizsardz\u012bbu pret aplikumu. Atsvaidzina elpu, veicina smaganu un zobu vesel\u012bbu. Pal\u012bdz nov\u0113rst kariesu un zobu jut\u012bgumu. Nesatur alkoholu. Lieto\u0161ana: Piepildiet v\u0101ci\u0146u un r\u016bp\u012bgi skalojiet muti apm\u0113ram 1 min\u016bti. Piesardz\u012bbas pas\u0101kumi: [&#8230;]\n","protected":false},"featured_media":97550,"template":"","meta":[],"product_cat":[1313],"product_tag":[],"class_list":{"0":"post-97546","1":"product","2":"type-product","3":"status-publish","4":"has-post-thumbnail","6":"product_brand-aroma-bg","7":"product_cat-burnos-skalavimo-priemones","9":"first","10":"instock","11":"taxable","12":"shipping-taxable","13":"product-type-simple"},"_links":{"self":[{"href":"https:\/\/e.kosmolat.eu\/lv\/wp-json\/wp\/v2\/product\/97546","targetHints":{"allow":["GET"]}}],"collection":[{"href":"https:\/\/e.kosmolat.eu\/lv\/wp-json\/wp\/v2\/product"}],"about":[{"href":"https:\/\/e.kosmolat.eu\/lv\/wp-json\/wp\/v2\/types\/product"}],"wp:featuredmedia":[{"embeddable":true,"href":"https:\/\/e.kosmolat.eu\/lv\/wp-json\/wp\/v2\/media\/97550"}],"wp:attachment":[{"href":"https:\/\/e.kosmolat.eu\/lv\/wp-json\/wp\/v2\/media?parent=97546"}],"wp:term":[{"taxonomy":"product_cat","embeddable":true,"href":"https:\/\/e.kosmolat.eu\/lv\/wp-json\/wp\/v2\/product_cat?post=97546"},{"taxonomy":"product_tag","embeddable":true,"href":"https:\/\/e.kosmolat.eu\/lv\/wp-json\/wp\/v2\/product_tag?post=97546"}],"curies":[{"name":"wp","href":"https:\/\/api.w.org\/{rel}","templated":true}]}}