{"id":97538,"date":"2025-10-01T07:44:34","date_gmt":"2025-10-01T07:44:34","guid":{"rendered":"https:\/\/e.kosmolat.eu\/product\/parodont-active-prebiotic-mutes-dobuma-skalos-lidz-300-ml\/"},"modified":"2026-04-15T09:34:07","modified_gmt":"2026-04-15T09:34:07","slug":"parodont-active-prebiotic-mutes-dobuma-skalos-lidz-300-ml","status":"publish","type":"product","link":"https:\/\/e.kosmolat.eu\/lv\/product\/parodont-active-prebiotic-mutes-dobuma-skalos-lidz-300-ml\/","title":{"rendered":"Parodont Active Prebiotic Mutes dobuma skalo\u0161. l\u012bdz., 300 ml"},"content":{"rendered":"<p>Mutes dobuma skalo\u0161anas l\u012bdzeklis stiprina un toniz\u0113 smaganas, pal\u012bdz uztur\u0113t dabisko labv\u0113l\u012bg\u0101s mikrofloras l\u012bdzsvaru.<\/p>\n<p>Piesardz\u012bbas pas\u0101kumi: Nenor\u012bt. Nav ieteicams b\u0113rniem, kas jaun\u0101ki par 7 gadiem. satur n\u0101trija fluor\u012bdu 0,045 %, kas apr\u0113\u0137in\u0101ti k\u0101 F.<\/p>\n<p>Lieto\u0161ana: Piepildiet v\u0101ci\u0146u un r\u016bp\u012bgi skalojiet muti apm\u0113ram 1 min\u016bti. Lietojiet 2 reizes dien\u0101 p\u0113c zobu t\u012br\u012b\u0161anas.<\/p>\n","protected":false},"excerpt":{"rendered":"<p>Mutes dobuma skalo\u0161anas l\u012bdzeklis stiprina un toniz\u0113 smaganas, pal\u012bdz uztur\u0113t dabisko labv\u0113l\u012bg\u0101s mikrofloras l\u012bdzsvaru. Piesardz\u012bbas pas\u0101kumi: Nenor\u012bt. Nav ieteicams b\u0113rniem, kas jaun\u0101ki par 7 gadiem. satur n\u0101trija fluor\u012bdu 0,045 %, kas apr\u0113\u0137in\u0101ti k\u0101 F. Lieto\u0161ana: Piepildiet v\u0101ci\u0146u un r\u016bp\u012bgi skalojiet muti apm\u0113ram 1 min\u016bti. Lietojiet 2 reizes dien\u0101 p\u0113c zobu t\u012br\u012b\u0161anas.<\/p>\n","protected":false},"featured_media":97542,"template":"","meta":[],"product_cat":[1313],"product_tag":[],"class_list":{"0":"post-97538","1":"product","2":"type-product","3":"status-publish","4":"has-post-thumbnail","6":"product_brand-aroma-bg","7":"product_cat-burnos-skalavimo-priemones","9":"first","10":"instock","11":"taxable","12":"shipping-taxable","13":"product-type-simple"},"_links":{"self":[{"href":"https:\/\/e.kosmolat.eu\/lv\/wp-json\/wp\/v2\/product\/97538","targetHints":{"allow":["GET"]}}],"collection":[{"href":"https:\/\/e.kosmolat.eu\/lv\/wp-json\/wp\/v2\/product"}],"about":[{"href":"https:\/\/e.kosmolat.eu\/lv\/wp-json\/wp\/v2\/types\/product"}],"wp:featuredmedia":[{"embeddable":true,"href":"https:\/\/e.kosmolat.eu\/lv\/wp-json\/wp\/v2\/media\/97542"}],"wp:attachment":[{"href":"https:\/\/e.kosmolat.eu\/lv\/wp-json\/wp\/v2\/media?parent=97538"}],"wp:term":[{"taxonomy":"product_cat","embeddable":true,"href":"https:\/\/e.kosmolat.eu\/lv\/wp-json\/wp\/v2\/product_cat?post=97538"},{"taxonomy":"product_tag","embeddable":true,"href":"https:\/\/e.kosmolat.eu\/lv\/wp-json\/wp\/v2\/product_tag?post=97538"}],"curies":[{"name":"wp","href":"https:\/\/api.w.org\/{rel}","templated":true}]}}