{"id":97530,"date":"2025-10-01T07:44:15","date_gmt":"2025-10-01T07:44:15","guid":{"rendered":"https:\/\/e.kosmolat.eu\/product\/astera-kids-bernu-mutes-dob-skalos-lidz-zemene-6-gadi-300-ml\/"},"modified":"2026-04-01T08:38:27","modified_gmt":"2026-04-01T08:38:27","slug":"astera-kids-bernu-mutes-dob-skalos-lidz-zemene-6-gadi-300-ml","status":"publish","type":"product","link":"https:\/\/e.kosmolat.eu\/lv\/product\/astera-kids-bernu-mutes-dob-skalos-lidz-zemene-6-gadi-300-ml\/","title":{"rendered":"Astera Kids B\u0113rnu mutes dob. skalo\u0161. l\u012bdz. Zemene, 6+ gadi, 300 ml"},"content":{"rendered":"<p>B\u0113rnu mutes skalo\u0161anas l\u012bdzeklis \u012bpa\u0161i izstr\u0101d\u0101ts piena un pirmo past\u0101v\u012bgo zobu aizsardz\u012bbai. R\u016bp\u0113jas par b\u0113rna smaganu vesel\u012bbu un nov\u0113r\u0161 zobu aplikuma veido\u0161anos. Ar pat\u012bkamu zeme\u0146u gar\u0161u.<\/p>\n<p>Lieto\u0161ana: Lietot divas reizes dien\u0101 p\u0113c zobu t\u012br\u012b\u0161anas ar zobu pastu. Piepildiet v\u0101ci\u0146u l\u012bdz pusei un intens\u012bvi skalojiet muti 1 min\u016bti. Izvairieties no \u0113\u0161anas un dzer\u0161anas 30 min\u016btes p\u0113c lieto\u0161anas.<\/p>\n<p>Satur n\u0101trija fluor\u012bdu 0,0225%, kas apr\u0113\u0137in\u0101ti k\u0101 F. Nesatur cukuru un alkoholu. Produkts ir piem\u0113rots gan b\u0113rniem, gan pieaugu\u0161ajiem. Nav ieteicams b\u0113rniem, kas jaun\u0101ki par 6 gadiem. Lietot l\u012bdzekli pieaugu\u0161\u0101 uzraudz\u012bb\u0101, lai samazin\u0101tu nor\u012b\u0161anas iesp\u0113ju. Ja lietojat citus fluoru saturo\u0161us l\u012bdzek\u013cus, konsult\u0113jieties ar zob\u0101rstu vai \u0101rstu.<\/p>\n<p>Piesardz\u012bbas pas\u0101kumi: Nenor\u012bt. Kairin\u0101juma gad\u012bjum\u0101 p\u0101rtraukt lieto\u0161anu. Uzglab\u0101t b\u0113rniem nepieejam\u0101 viet\u0101.<\/p>\n","protected":false},"excerpt":{"rendered":"<p>B\u0113rnu mutes skalo\u0161anas l\u012bdzeklis \u012bpa\u0161i izstr\u0101d\u0101ts piena un pirmo past\u0101v\u012bgo zobu aizsardz\u012bbai. R\u016bp\u0113jas par b\u0113rna smaganu vesel\u012bbu un nov\u0113r\u0161 zobu aplikuma veido\u0161anos. Ar pat\u012bkamu zeme\u0146u gar\u0161u. Lieto\u0161ana: Lietot divas reizes dien\u0101 p\u0113c zobu t\u012br\u012b\u0161anas ar zobu pastu. Piepildiet v\u0101ci\u0146u l\u012bdz pusei un intens\u012bvi skalojiet muti 1 min\u016bti. Izvairieties no \u0113\u0161anas un dzer\u0161anas 30 min\u016btes p\u0113c [&#8230;]\n","protected":false},"featured_media":97534,"template":"","meta":[],"product_cat":[1999],"product_tag":[],"class_list":{"0":"post-97530","1":"product","2":"type-product","3":"status-publish","4":"has-post-thumbnail","6":"product_brand-aroma-bg","7":"product_cat-bez-kategorijas","9":"first","10":"outofstock","11":"taxable","12":"shipping-taxable","13":"product-type-simple"},"_links":{"self":[{"href":"https:\/\/e.kosmolat.eu\/lv\/wp-json\/wp\/v2\/product\/97530","targetHints":{"allow":["GET"]}}],"collection":[{"href":"https:\/\/e.kosmolat.eu\/lv\/wp-json\/wp\/v2\/product"}],"about":[{"href":"https:\/\/e.kosmolat.eu\/lv\/wp-json\/wp\/v2\/types\/product"}],"wp:featuredmedia":[{"embeddable":true,"href":"https:\/\/e.kosmolat.eu\/lv\/wp-json\/wp\/v2\/media\/97534"}],"wp:attachment":[{"href":"https:\/\/e.kosmolat.eu\/lv\/wp-json\/wp\/v2\/media?parent=97530"}],"wp:term":[{"taxonomy":"product_cat","embeddable":true,"href":"https:\/\/e.kosmolat.eu\/lv\/wp-json\/wp\/v2\/product_cat?post=97530"},{"taxonomy":"product_tag","embeddable":true,"href":"https:\/\/e.kosmolat.eu\/lv\/wp-json\/wp\/v2\/product_tag?post=97530"}],"curies":[{"name":"wp","href":"https:\/\/api.w.org\/{rel}","templated":true}]}}