{"id":97522,"date":"2025-10-01T07:43:58","date_gmt":"2025-10-01T07:43:58","guid":{"rendered":"https:\/\/e.kosmolat.eu\/product\/astera-mutes-dob-skalos-lidz-ar-02-hlorheks-digluk-300-ml\/"},"modified":"2026-04-01T08:38:13","modified_gmt":"2026-04-01T08:38:13","slug":"astera-mutes-dob-skalos-lidz-ar-02-hlorheks-digluk-300-ml","status":"publish","type":"product","link":"https:\/\/e.kosmolat.eu\/lv\/product\/astera-mutes-dob-skalos-lidz-ar-02-hlorheks-digluk-300-ml\/","title":{"rendered":"Astera Mutes dob. skalo\u0161. l\u012bdz. ar 0,2% hlorheks. digluk., 300 ml"},"content":{"rendered":"<p>Mutes skalo\u0161anas l\u012bdzeklis intens\u012bvai kop\u0161anai. Pal\u012bdz uztur\u0113t mutes dobuma higi\u0113nu pirms un p\u0113c zob\u0101rstniec\u012bbas proced\u016br\u0101m.<\/p>\n<p>\u2022 Atsvaidzina elpu<br \/>\n\u2022 No\u0146em zobu aplikumu<br \/>\n\u2022 Aizsarg\u0101 mutes dobumu<\/p>\n<p>Akt\u012bv\u0101 viela: 0,2% hlorheksid\u012bna diglukon\u0101ts. Nesatur alkoholu.<\/p>\n<p>Lieto\u0161ana: Lietot 2 reizes dien\u0101 pa 1 min\u016btei, izmantojot 10 ml \u0161\u0137idruma. Pirms lieto\u0161anas ieteicams izt\u012br\u012bt zobus un r\u016bp\u012bgi izskalot muti ar \u016bdeni. Piem\u0113rots pieaugu\u0161ajiem un b\u0113rniem no 16 gadu vecuma.<\/p>\n<p>Piesardz\u012bbas pas\u0101kumi: Nenor\u012bt! Uzglab\u0101t b\u0113rniem nepieejam\u0101 viet\u0101. Ilgsto\u0161as lieto\u0161anas gad\u012bjum\u0101 iesp\u0113jama zobu un m\u0113les \u012bslaic\u012bga pigment\u0101cija, kas izz\u016bd p\u0113c produkta lieto\u0161anas p\u0101rtrauk\u0161anas.<\/p>\n","protected":false},"excerpt":{"rendered":"<p>Mutes skalo\u0161anas l\u012bdzeklis intens\u012bvai kop\u0161anai. Pal\u012bdz uztur\u0113t mutes dobuma higi\u0113nu pirms un p\u0113c zob\u0101rstniec\u012bbas proced\u016br\u0101m. \u2022 Atsvaidzina elpu \u2022 No\u0146em zobu aplikumu \u2022 Aizsarg\u0101 mutes dobumu Akt\u012bv\u0101 viela: 0,2% hlorheksid\u012bna diglukon\u0101ts. Nesatur alkoholu. Lieto\u0161ana: Lietot 2 reizes dien\u0101 pa 1 min\u016btei, izmantojot 10 ml \u0161\u0137idruma. Pirms lieto\u0161anas ieteicams izt\u012br\u012bt zobus un r\u016bp\u012bgi izskalot muti ar [&#8230;]\n","protected":false},"featured_media":97526,"template":"","meta":[],"product_cat":[1999],"product_tag":[],"class_list":{"0":"post-97522","1":"product","2":"type-product","3":"status-publish","4":"has-post-thumbnail","6":"product_brand-aroma-bg","7":"product_cat-bez-kategorijas","9":"first","10":"outofstock","11":"taxable","12":"shipping-taxable","13":"product-type-simple"},"_links":{"self":[{"href":"https:\/\/e.kosmolat.eu\/lv\/wp-json\/wp\/v2\/product\/97522","targetHints":{"allow":["GET"]}}],"collection":[{"href":"https:\/\/e.kosmolat.eu\/lv\/wp-json\/wp\/v2\/product"}],"about":[{"href":"https:\/\/e.kosmolat.eu\/lv\/wp-json\/wp\/v2\/types\/product"}],"wp:featuredmedia":[{"embeddable":true,"href":"https:\/\/e.kosmolat.eu\/lv\/wp-json\/wp\/v2\/media\/97526"}],"wp:attachment":[{"href":"https:\/\/e.kosmolat.eu\/lv\/wp-json\/wp\/v2\/media?parent=97522"}],"wp:term":[{"taxonomy":"product_cat","embeddable":true,"href":"https:\/\/e.kosmolat.eu\/lv\/wp-json\/wp\/v2\/product_cat?post=97522"},{"taxonomy":"product_tag","embeddable":true,"href":"https:\/\/e.kosmolat.eu\/lv\/wp-json\/wp\/v2\/product_tag?post=97522"}],"curies":[{"name":"wp","href":"https:\/\/api.w.org\/{rel}","templated":true}]}}