{"id":97514,"date":"2025-10-01T07:43:42","date_gmt":"2025-10-01T07:43:42","guid":{"rendered":"https:\/\/e.kosmolat.eu\/product\/astera-total-mutes-dobuma-skalos-lidz-viss-viena-300-ml\/"},"modified":"2026-04-01T08:38:00","modified_gmt":"2026-04-01T08:38:00","slug":"astera-total-mutes-dobuma-skalos-lidz-viss-viena-300-ml","status":"publish","type":"product","link":"https:\/\/e.kosmolat.eu\/lv\/product\/astera-total-mutes-dobuma-skalos-lidz-viss-viena-300-ml\/","title":{"rendered":"Astera Total Mutes dobuma skalo\u0161. l\u012bdz. Viss vien\u0101, 300 ml"},"content":{"rendered":"<p>Fluora un piparm\u0113tru arom\u0101ta kombin\u0101cija nodro\u0161ina ilgsto\u0161u svaigumu un aizsarg\u0101 pret kariesu. Nesatur alkoholu.<\/p>\n<p>Lieto\u0161ana: Piepildiet v\u0101ci\u0146u un r\u016bp\u012bgi skalojiet muti apm\u0113ram 1 min\u016bti.<\/p>\n<p>Piesardz\u012bbas pas\u0101kumi: Nenor\u012bt. Nav ieteicams b\u0113rniem, kas jaun\u0101ki par 7 gadiem. Satur n\u0101trija fluor\u012bdu 0,0225%, kas apr\u0113\u0137in\u0101ti k\u0101 F.<\/p>\n","protected":false},"excerpt":{"rendered":"<p>Fluora un piparm\u0113tru arom\u0101ta kombin\u0101cija nodro\u0161ina ilgsto\u0161u svaigumu un aizsarg\u0101 pret kariesu. Nesatur alkoholu. Lieto\u0161ana: Piepildiet v\u0101ci\u0146u un r\u016bp\u012bgi skalojiet muti apm\u0113ram 1 min\u016bti. Piesardz\u012bbas pas\u0101kumi: Nenor\u012bt. Nav ieteicams b\u0113rniem, kas jaun\u0101ki par 7 gadiem. Satur n\u0101trija fluor\u012bdu 0,0225%, kas apr\u0113\u0137in\u0101ti k\u0101 F.<\/p>\n","protected":false},"featured_media":97518,"template":"","meta":[],"product_cat":[2181],"product_tag":[],"class_list":{"0":"post-97514","1":"product","2":"type-product","3":"status-publish","4":"has-post-thumbnail","6":"product_brand-aroma-bg","7":"product_cat-bez-kategorijas-lt","9":"first","10":"instock","11":"taxable","12":"shipping-taxable","13":"product-type-simple"},"_links":{"self":[{"href":"https:\/\/e.kosmolat.eu\/lv\/wp-json\/wp\/v2\/product\/97514","targetHints":{"allow":["GET"]}}],"collection":[{"href":"https:\/\/e.kosmolat.eu\/lv\/wp-json\/wp\/v2\/product"}],"about":[{"href":"https:\/\/e.kosmolat.eu\/lv\/wp-json\/wp\/v2\/types\/product"}],"wp:featuredmedia":[{"embeddable":true,"href":"https:\/\/e.kosmolat.eu\/lv\/wp-json\/wp\/v2\/media\/97518"}],"wp:attachment":[{"href":"https:\/\/e.kosmolat.eu\/lv\/wp-json\/wp\/v2\/media?parent=97514"}],"wp:term":[{"taxonomy":"product_cat","embeddable":true,"href":"https:\/\/e.kosmolat.eu\/lv\/wp-json\/wp\/v2\/product_cat?post=97514"},{"taxonomy":"product_tag","embeddable":true,"href":"https:\/\/e.kosmolat.eu\/lv\/wp-json\/wp\/v2\/product_tag?post=97514"}],"curies":[{"name":"wp","href":"https:\/\/api.w.org\/{rel}","templated":true}]}}