{"id":97506,"date":"2025-10-01T07:43:23","date_gmt":"2025-10-01T07:43:23","guid":{"rendered":"https:\/\/e.kosmolat.eu\/product\/astera-vaskots-zobu-diegs-ar-piparmetru-aromatu-50-m\/"},"modified":"2026-04-07T11:23:18","modified_gmt":"2026-04-07T11:23:18","slug":"astera-vaskots-zobu-diegs-ar-piparmetru-aromatu-50-m","status":"publish","type":"product","link":"https:\/\/e.kosmolat.eu\/lv\/product\/astera-vaskots-zobu-diegs-ar-piparmetru-aromatu-50-m\/","title":{"rendered":"Astera Vaskots zobu diegs ar piparm\u0113tru arom\u0101tu, 50 m"},"content":{"rendered":"<p>Zobu diegs ar vaska p\u0101rkl\u0101jumu nodro\u0161ina vieglu un vienm\u0113r\u012bgu sl\u012bd\u0113\u0161anu, un t\u0101 plakana strukt\u016bra saudz\u012bgi att\u012bra starpzobu spraugas. Piem\u0113rots ikdienas lieto\u0161anai.<\/p>\n<p>Mutes dobuma kop\u0161anas padomi: Izmantojiet zobu diegu katru vakaru pirms zobu t\u012br\u012b\u0161anas ar zobu birsti. \u0160is solis ir nepiecie\u0161ams kariesa profilaksei. Visbie\u017e\u0101k starpzobu spraugas ir \u013coti \u0161auras, un tie\u0161i tur uzkr\u0101jas aplikums, kas izraisa gingiv\u012btu un smaganu iekaisumu. Nepiln\u012bga starpzobu t\u012br\u012b\u0161ana var veicin\u0101t kariesa att\u012bst\u012bbu uz blakus eso\u0161ajiem zobiem.<\/p>\n<p>Lieto\u0161ana: Nogrieziet 30\u201340 cm diega un izt\u012briet starpzobu spraugas, veicot vilk\u0161anas kust\u012bbas pie zobu sien\u0101m no ab\u0101m pus\u0113m. Esiet uzman\u012bgi, lai nesavainotu smaganas.<\/p>\n","protected":false},"excerpt":{"rendered":"<p>Zobu diegs ar vaska p\u0101rkl\u0101jumu nodro\u0161ina vieglu un vienm\u0113r\u012bgu sl\u012bd\u0113\u0161anu, un t\u0101 plakana strukt\u016bra saudz\u012bgi att\u012bra starpzobu spraugas. Piem\u0113rots ikdienas lieto\u0161anai. Mutes dobuma kop\u0161anas padomi: Izmantojiet zobu diegu katru vakaru pirms zobu t\u012br\u012b\u0161anas ar zobu birsti. \u0160is solis ir nepiecie\u0161ams kariesa profilaksei. Visbie\u017e\u0101k starpzobu spraugas ir \u013coti \u0161auras, un tie\u0161i tur uzkr\u0101jas aplikums, kas izraisa [&#8230;]\n","protected":false},"featured_media":97510,"template":"","meta":[],"product_cat":[1783],"product_tag":[],"class_list":{"0":"post-97506","1":"product","2":"type-product","3":"status-publish","4":"has-post-thumbnail","6":"product_brand-aroma-bg","7":"product_cat-dantu-siulai-ir-priedai","9":"first","10":"instock","11":"taxable","12":"shipping-taxable","13":"product-type-simple"},"_links":{"self":[{"href":"https:\/\/e.kosmolat.eu\/lv\/wp-json\/wp\/v2\/product\/97506","targetHints":{"allow":["GET"]}}],"collection":[{"href":"https:\/\/e.kosmolat.eu\/lv\/wp-json\/wp\/v2\/product"}],"about":[{"href":"https:\/\/e.kosmolat.eu\/lv\/wp-json\/wp\/v2\/types\/product"}],"wp:featuredmedia":[{"embeddable":true,"href":"https:\/\/e.kosmolat.eu\/lv\/wp-json\/wp\/v2\/media\/97510"}],"wp:attachment":[{"href":"https:\/\/e.kosmolat.eu\/lv\/wp-json\/wp\/v2\/media?parent=97506"}],"wp:term":[{"taxonomy":"product_cat","embeddable":true,"href":"https:\/\/e.kosmolat.eu\/lv\/wp-json\/wp\/v2\/product_cat?post=97506"},{"taxonomy":"product_tag","embeddable":true,"href":"https:\/\/e.kosmolat.eu\/lv\/wp-json\/wp\/v2\/product_tag?post=97506"}],"curies":[{"name":"wp","href":"https:\/\/api.w.org\/{rel}","templated":true}]}}