{"id":97498,"date":"2025-10-01T07:43:07","date_gmt":"2025-10-01T07:43:07","guid":{"rendered":"https:\/\/e.kosmolat.eu\/product\/astera-zobu-bakstamie-ar-diegu-20-gab\/"},"modified":"2026-04-01T08:37:31","modified_gmt":"2026-04-01T08:37:31","slug":"astera-zobu-bakstamie-ar-diegu-20-gab","status":"publish","type":"product","link":"https:\/\/e.kosmolat.eu\/lv\/product\/astera-zobu-bakstamie-ar-diegu-20-gab\/","title":{"rendered":"Astera Zobu bakst\u0101mie ar diegu, 20 gab."},"content":{"rendered":"<p>Efekt\u012bvi att\u012bra gr\u016bti pieejam\u0101s starpzobu spraugas, nov\u0113r\u0161ot aplikuma veido\u0161anos, smaganu iekaisumu, kariesu un nepat\u012bkamu elpu.<\/p>\n<p>T\u012br\u012b\u0161ana ar diegu: Saudz\u012bgi ievietojiet diegu starp zobiem un veiciet vienm\u0113r\u012bgas kust\u012bbas uz priek\u0161u un atpaka\u013c. P\u0101rvietojiet diegu aug\u0161up un lejup gar zoba virsmu, lai no\u0146emtu aplikumu un p\u0101rtikas atliekas virs un zem smaganu l\u012bnijas.<\/p>\n<p>Lieto\u0161ana k\u0101 zobu bakst\u0101majiem koci\u0146iem: Ievietojiet plastmasas bakst\u0101m\u0101 koci\u0146a galu starp zobiem pie smaganu l\u012bnijas. Ar viegl\u0101m kust\u012bb\u0101m uz iek\u0161u un uz \u0101ru no\u0146emiet aplikumu un p\u0101rtikas atliekas.<\/p>\n","protected":false},"excerpt":{"rendered":"<p>Efekt\u012bvi att\u012bra gr\u016bti pieejam\u0101s starpzobu spraugas, nov\u0113r\u0161ot aplikuma veido\u0161anos, smaganu iekaisumu, kariesu un nepat\u012bkamu elpu. T\u012br\u012b\u0161ana ar diegu: Saudz\u012bgi ievietojiet diegu starp zobiem un veiciet vienm\u0113r\u012bgas kust\u012bbas uz priek\u0161u un atpaka\u013c. P\u0101rvietojiet diegu aug\u0161up un lejup gar zoba virsmu, lai no\u0146emtu aplikumu un p\u0101rtikas atliekas virs un zem smaganu l\u012bnijas. Lieto\u0161ana k\u0101 zobu bakst\u0101majiem koci\u0146iem: [&#8230;]\n","protected":false},"featured_media":97502,"template":"","meta":[],"product_cat":[1999],"product_tag":[],"class_list":{"0":"post-97498","1":"product","2":"type-product","3":"status-publish","4":"has-post-thumbnail","6":"product_brand-aroma-bg","7":"product_cat-bez-kategorijas","9":"first","10":"outofstock","11":"taxable","12":"shipping-taxable","13":"product-type-simple"},"_links":{"self":[{"href":"https:\/\/e.kosmolat.eu\/lv\/wp-json\/wp\/v2\/product\/97498","targetHints":{"allow":["GET"]}}],"collection":[{"href":"https:\/\/e.kosmolat.eu\/lv\/wp-json\/wp\/v2\/product"}],"about":[{"href":"https:\/\/e.kosmolat.eu\/lv\/wp-json\/wp\/v2\/types\/product"}],"wp:featuredmedia":[{"embeddable":true,"href":"https:\/\/e.kosmolat.eu\/lv\/wp-json\/wp\/v2\/media\/97502"}],"wp:attachment":[{"href":"https:\/\/e.kosmolat.eu\/lv\/wp-json\/wp\/v2\/media?parent=97498"}],"wp:term":[{"taxonomy":"product_cat","embeddable":true,"href":"https:\/\/e.kosmolat.eu\/lv\/wp-json\/wp\/v2\/product_cat?post=97498"},{"taxonomy":"product_tag","embeddable":true,"href":"https:\/\/e.kosmolat.eu\/lv\/wp-json\/wp\/v2\/product_tag?post=97498"}],"curies":[{"name":"wp","href":"https:\/\/api.w.org\/{rel}","templated":true}]}}