{"id":97490,"date":"2025-10-01T07:42:49","date_gmt":"2025-10-01T07:42:49","guid":{"rendered":"https:\/\/e.kosmolat.eu\/product\/astera-kids-strawberry-bernu-zobu-pasta-0-gadi-50-ml\/"},"modified":"2026-04-07T10:04:37","modified_gmt":"2026-04-07T10:04:37","slug":"astera-kids-strawberry-bernu-zobu-pasta-0-gadi-50-ml","status":"publish","type":"product","link":"https:\/\/e.kosmolat.eu\/lv\/product\/astera-kids-strawberry-bernu-zobu-pasta-0-gadi-50-ml\/","title":{"rendered":"Astera Kids Strawberry B\u0113rnu zobu pasta 0+ gadi, 50 ml"},"content":{"rendered":"<p>Agr\u012bnas r\u016bpes par b\u0113rnu zobiem ir ieguld\u012bjums visai dz\u012bvei.<\/p>\n<p>\u2022 G\u0113lveida zobu pasta ar maigu formulu<br \/>\n\u2022 Nesatur fluoru<br \/>\n\u2022 Dro\u0161a nor\u012b\u0161anas gad\u012bjum\u0101<br \/>\n\u2022 Efekt\u012bvi att\u012bra piena zobus<br \/>\n\u2022 Nesatur cukuru un tai ir pat\u012bkama gar\u0161a<\/p>\n<p>Lieto\u0161ana: t\u012br\u012bt b\u0113rna zobus pieaugu\u0161\u0101 uzraudz\u012bb\u0101.<\/p>\n","protected":false},"excerpt":{"rendered":"<p>Agr\u012bnas r\u016bpes par b\u0113rnu zobiem ir ieguld\u012bjums visai dz\u012bvei. \u2022 G\u0113lveida zobu pasta ar maigu formulu \u2022 Nesatur fluoru \u2022 Dro\u0161a nor\u012b\u0161anas gad\u012bjum\u0101 \u2022 Efekt\u012bvi att\u012bra piena zobus \u2022 Nesatur cukuru un tai ir pat\u012bkama gar\u0161a Lieto\u0161ana: t\u012br\u012bt b\u0113rna zobus pieaugu\u0161\u0101 uzraudz\u012bb\u0101.<\/p>\n","protected":false},"featured_media":97494,"template":"","meta":[],"product_cat":[2181],"product_tag":[],"class_list":{"0":"post-97490","1":"product","2":"type-product","3":"status-publish","4":"has-post-thumbnail","6":"product_brand-aroma-bg","7":"product_cat-bez-kategorijas-lt","9":"first","10":"instock","11":"taxable","12":"shipping-taxable","13":"product-type-simple"},"_links":{"self":[{"href":"https:\/\/e.kosmolat.eu\/lv\/wp-json\/wp\/v2\/product\/97490","targetHints":{"allow":["GET"]}}],"collection":[{"href":"https:\/\/e.kosmolat.eu\/lv\/wp-json\/wp\/v2\/product"}],"about":[{"href":"https:\/\/e.kosmolat.eu\/lv\/wp-json\/wp\/v2\/types\/product"}],"wp:featuredmedia":[{"embeddable":true,"href":"https:\/\/e.kosmolat.eu\/lv\/wp-json\/wp\/v2\/media\/97494"}],"wp:attachment":[{"href":"https:\/\/e.kosmolat.eu\/lv\/wp-json\/wp\/v2\/media?parent=97490"}],"wp:term":[{"taxonomy":"product_cat","embeddable":true,"href":"https:\/\/e.kosmolat.eu\/lv\/wp-json\/wp\/v2\/product_cat?post=97490"},{"taxonomy":"product_tag","embeddable":true,"href":"https:\/\/e.kosmolat.eu\/lv\/wp-json\/wp\/v2\/product_tag?post=97490"}],"curies":[{"name":"wp","href":"https:\/\/api.w.org\/{rel}","templated":true}]}}