{"id":97482,"date":"2025-10-01T07:42:31","date_gmt":"2025-10-01T07:42:31","guid":{"rendered":"https:\/\/e.kosmolat.eu\/product\/astera-vitamin-3-white-piparmetru-zobu-pasta-110-g\/"},"modified":"2026-04-01T08:37:17","modified_gmt":"2026-04-01T08:37:17","slug":"astera-vitamin-3-white-piparmetru-zobu-pasta-110-g","status":"publish","type":"product","link":"https:\/\/e.kosmolat.eu\/lv\/product\/astera-vitamin-3-white-piparmetru-zobu-pasta-110-g\/","title":{"rendered":"Astera Vitamin 3 + White Piparm\u0113tru zobu pasta, 110 g"},"content":{"rendered":"<p>Zobu pasta satur A, E un B5 vitam\u012bnu kompleksu. Tai piem\u012bt nomierino\u0161a un balino\u0161a iedarb\u012bba.<\/p>\n<p>Lieto\u0161ana: Lai nodro\u0161in\u0101tu zobu un smaganu vesel\u012bbu, t\u012briet zobus 2-3 min\u016btes vismaz divas reizes dien\u0101. <\/p>\n<p>Br\u012bdin\u0101jumi: Satur n\u0101trija monofluorfosf\u0101tu 0,1 %, kas apr\u0113\u0137in\u0101ti k\u0101 F. B\u0113rniem vecum\u0101 l\u012bdz se\u0161iem gadiem: lietot pastu zir\u0146a lielum\u0101 un t\u012br\u012bt zobus pieaugu\u0161\u0101 uzraudz\u012bb\u0101, lai samazin\u0101tu nor\u012b\u0161anas iesp\u0113ju. Ja lietojat citus fluoru saturo\u0161us l\u012bdzek\u013cus, konsult\u0113jieties ar zob\u0101rstu vai \u0101rstu. Satur A vitam\u012bnu. L\u016bgums pirms lieto\u0161anas p\u0101rdom\u0101t savu dienas devu.<\/p>\n","protected":false},"excerpt":{"rendered":"<p>Zobu pasta satur A, E un B5 vitam\u012bnu kompleksu. Tai piem\u012bt nomierino\u0161a un balino\u0161a iedarb\u012bba. Lieto\u0161ana: Lai nodro\u0161in\u0101tu zobu un smaganu vesel\u012bbu, t\u012briet zobus 2-3 min\u016btes vismaz divas reizes dien\u0101. Br\u012bdin\u0101jumi: Satur n\u0101trija monofluorfosf\u0101tu 0,1 %, kas apr\u0113\u0137in\u0101ti k\u0101 F. B\u0113rniem vecum\u0101 l\u012bdz se\u0161iem gadiem: lietot pastu zir\u0146a lielum\u0101 un t\u012br\u012bt zobus pieaugu\u0161\u0101 uzraudz\u012bb\u0101, lai [&#8230;]\n","protected":false},"featured_media":97486,"template":"","meta":[],"product_cat":[1999],"product_tag":[],"class_list":{"0":"post-97482","1":"product","2":"type-product","3":"status-publish","4":"has-post-thumbnail","6":"product_brand-aroma-bg","7":"product_cat-bez-kategorijas","9":"first","10":"outofstock","11":"taxable","12":"shipping-taxable","13":"product-type-simple"},"_links":{"self":[{"href":"https:\/\/e.kosmolat.eu\/lv\/wp-json\/wp\/v2\/product\/97482","targetHints":{"allow":["GET"]}}],"collection":[{"href":"https:\/\/e.kosmolat.eu\/lv\/wp-json\/wp\/v2\/product"}],"about":[{"href":"https:\/\/e.kosmolat.eu\/lv\/wp-json\/wp\/v2\/types\/product"}],"wp:featuredmedia":[{"embeddable":true,"href":"https:\/\/e.kosmolat.eu\/lv\/wp-json\/wp\/v2\/media\/97486"}],"wp:attachment":[{"href":"https:\/\/e.kosmolat.eu\/lv\/wp-json\/wp\/v2\/media?parent=97482"}],"wp:term":[{"taxonomy":"product_cat","embeddable":true,"href":"https:\/\/e.kosmolat.eu\/lv\/wp-json\/wp\/v2\/product_cat?post=97482"},{"taxonomy":"product_tag","embeddable":true,"href":"https:\/\/e.kosmolat.eu\/lv\/wp-json\/wp\/v2\/product_tag?post=97482"}],"curies":[{"name":"wp","href":"https:\/\/api.w.org\/{rel}","templated":true}]}}