{"id":97466,"date":"2025-10-01T07:41:57","date_gmt":"2025-10-01T07:41:57","guid":{"rendered":"https:\/\/e.kosmolat.eu\/product\/dento-kisss-whitening-zobu-pasta-125-g\/"},"modified":"2026-04-01T08:36:51","modified_gmt":"2026-04-01T08:36:51","slug":"dento-kisss-whitening-zobu-pasta-125-g","status":"publish","type":"product","link":"https:\/\/e.kosmolat.eu\/lv\/product\/dento-kisss-whitening-zobu-pasta-125-g\/","title":{"rendered":"Dento Kisss Whitening Zobu pasta, 125 g"},"content":{"rendered":"<p>Balino\u0161a zobu pasta ar fluoru pal\u012bdz no\u0146emt zobu aplikumu, stiprina emalju un nov\u0113r\u0161 kariesa ra\u0161anos. Akt\u012bv\u0101s sast\u0101vda\u013cas nodro\u0161ina ilgsto\u0161u dabisku zobu balin\u0101\u0161anu. Regul\u0101ra zobu pastas lieto\u0161ana padara zobus t\u012brus, baltus un vesel\u012bgus.<\/p>\n<p>Lieto\u0161ana: lai nodro\u0161in\u0101tu zobu un smaganu vesel\u012bbu, t\u012briet zobus 2-3 min\u016btes vismaz divas reizes dien\u0101. <\/p>\n<p>Br\u012bdin\u0101jums: Satur n\u0101trija monofluorfosf\u0101tu 0,1 %, kas apr\u0113\u0137in\u0101ti k\u0101 F. B\u0113rniem vecum\u0101 l\u012bdz se\u0161iem gadiem: lietot pastu zir\u0146a lielum\u0101 un t\u012br\u012bt zobus pieaugu\u0161\u0101 uzraudz\u012bb\u0101, lai samazin\u0101tu nor\u012b\u0161anas iesp\u0113ju. Ja lietojat citus fluoru saturo\u0161us l\u012bdzek\u013cus, konsult\u0113jieties ar zob\u0101rstu vai \u0101rstu.<\/p>\n","protected":false},"excerpt":{"rendered":"<p>Balino\u0161a zobu pasta ar fluoru pal\u012bdz no\u0146emt zobu aplikumu, stiprina emalju un nov\u0113r\u0161 kariesa ra\u0161anos. Akt\u012bv\u0101s sast\u0101vda\u013cas nodro\u0161ina ilgsto\u0161u dabisku zobu balin\u0101\u0161anu. Regul\u0101ra zobu pastas lieto\u0161ana padara zobus t\u012brus, baltus un vesel\u012bgus. Lieto\u0161ana: lai nodro\u0161in\u0101tu zobu un smaganu vesel\u012bbu, t\u012briet zobus 2-3 min\u016btes vismaz divas reizes dien\u0101. Br\u012bdin\u0101jums: Satur n\u0101trija monofluorfosf\u0101tu 0,1 %, kas apr\u0113\u0137in\u0101ti [&#8230;]\n","protected":false},"featured_media":97470,"template":"","meta":[],"product_cat":[2181],"product_tag":[],"class_list":{"0":"post-97466","1":"product","2":"type-product","3":"status-publish","4":"has-post-thumbnail","6":"product_brand-aroma-bg","7":"product_cat-bez-kategorijas-lt","9":"first","10":"instock","11":"taxable","12":"shipping-taxable","13":"product-type-simple"},"_links":{"self":[{"href":"https:\/\/e.kosmolat.eu\/lv\/wp-json\/wp\/v2\/product\/97466","targetHints":{"allow":["GET"]}}],"collection":[{"href":"https:\/\/e.kosmolat.eu\/lv\/wp-json\/wp\/v2\/product"}],"about":[{"href":"https:\/\/e.kosmolat.eu\/lv\/wp-json\/wp\/v2\/types\/product"}],"wp:featuredmedia":[{"embeddable":true,"href":"https:\/\/e.kosmolat.eu\/lv\/wp-json\/wp\/v2\/media\/97470"}],"wp:attachment":[{"href":"https:\/\/e.kosmolat.eu\/lv\/wp-json\/wp\/v2\/media?parent=97466"}],"wp:term":[{"taxonomy":"product_cat","embeddable":true,"href":"https:\/\/e.kosmolat.eu\/lv\/wp-json\/wp\/v2\/product_cat?post=97466"},{"taxonomy":"product_tag","embeddable":true,"href":"https:\/\/e.kosmolat.eu\/lv\/wp-json\/wp\/v2\/product_tag?post=97466"}],"curies":[{"name":"wp","href":"https:\/\/api.w.org\/{rel}","templated":true}]}}