{"id":97458,"date":"2025-10-01T07:41:38","date_gmt":"2025-10-01T07:41:38","guid":{"rendered":"https:\/\/e.kosmolat.eu\/product\/dento-kisss-total-zobu-pasta-125-g\/"},"modified":"2026-04-01T08:54:40","modified_gmt":"2026-04-01T08:54:40","slug":"dento-kisss-total-zobu-pasta-125-g","status":"publish","type":"product","link":"https:\/\/e.kosmolat.eu\/lv\/product\/dento-kisss-total-zobu-pasta-125-g\/","title":{"rendered":"Dento Kisss Total Zobu pasta, 125 g"},"content":{"rendered":"<p>\u0160\u012b zobu pasta nodro\u0161ina piln\u012bgu aizsardz\u012bbu pret kariesu. Alanto\u012bna un fluora kombin\u0101cija pal\u012bdz no\u0146emt zobu aplikumu, stiprina zobu emalju, nov\u0113r\u0161 kariesa veido\u0161anos un aizsarg\u0101 smaganas. Piparm\u0113tru gar\u0161a sniedz ilgsto\u0161u svaiguma saj\u016btu.<\/p>\n<p>Lieto\u0161ana: lai nodro\u0161in\u0101tu zobu un smaganu vesel\u012bbu, t\u012briet zobus 2-3 min\u016btes vismaz divas reizes dien\u0101. <\/p>\n<p>Br\u012bdin\u0101jums: Satur n\u0101trija monofluorfosf\u0101tu 0,1 %, kas apr\u0113\u0137in\u0101ti k\u0101 F. B\u0113rniem vecum\u0101 l\u012bdz se\u0161iem gadiem: lietot pastu zir\u0146a lielum\u0101 un t\u012br\u012bt zobus pieaugu\u0161\u0101 uzraudz\u012bb\u0101, lai samazin\u0101tu nor\u012b\u0161anas iesp\u0113ju. Ja lietojat citus fluoru saturo\u0161us l\u012bdzek\u013cus, konsult\u0113jieties ar zob\u0101rstu vai \u0101rstu.<\/p>\n","protected":false},"excerpt":{"rendered":"<p>\u0160\u012b zobu pasta nodro\u0161ina piln\u012bgu aizsardz\u012bbu pret kariesu. Alanto\u012bna un fluora kombin\u0101cija pal\u012bdz no\u0146emt zobu aplikumu, stiprina zobu emalju, nov\u0113r\u0161 kariesa veido\u0161anos un aizsarg\u0101 smaganas. Piparm\u0113tru gar\u0161a sniedz ilgsto\u0161u svaiguma saj\u016btu. Lieto\u0161ana: lai nodro\u0161in\u0101tu zobu un smaganu vesel\u012bbu, t\u012briet zobus 2-3 min\u016btes vismaz divas reizes dien\u0101. Br\u012bdin\u0101jums: Satur n\u0101trija monofluorfosf\u0101tu 0,1 %, kas apr\u0113\u0137in\u0101ti k\u0101 [&#8230;]\n","protected":false},"featured_media":97578,"template":"","meta":[],"product_cat":[2181],"product_tag":[],"class_list":{"0":"post-97458","1":"product","2":"type-product","3":"status-publish","4":"has-post-thumbnail","6":"product_brand-aroma-bg","7":"product_cat-bez-kategorijas-lt","9":"first","10":"instock","11":"taxable","12":"shipping-taxable","13":"product-type-simple"},"_links":{"self":[{"href":"https:\/\/e.kosmolat.eu\/lv\/wp-json\/wp\/v2\/product\/97458","targetHints":{"allow":["GET"]}}],"collection":[{"href":"https:\/\/e.kosmolat.eu\/lv\/wp-json\/wp\/v2\/product"}],"about":[{"href":"https:\/\/e.kosmolat.eu\/lv\/wp-json\/wp\/v2\/types\/product"}],"wp:featuredmedia":[{"embeddable":true,"href":"https:\/\/e.kosmolat.eu\/lv\/wp-json\/wp\/v2\/media\/97578"}],"wp:attachment":[{"href":"https:\/\/e.kosmolat.eu\/lv\/wp-json\/wp\/v2\/media?parent=97458"}],"wp:term":[{"taxonomy":"product_cat","embeddable":true,"href":"https:\/\/e.kosmolat.eu\/lv\/wp-json\/wp\/v2\/product_cat?post=97458"},{"taxonomy":"product_tag","embeddable":true,"href":"https:\/\/e.kosmolat.eu\/lv\/wp-json\/wp\/v2\/product_tag?post=97458"}],"curies":[{"name":"wp","href":"https:\/\/api.w.org\/{rel}","templated":true}]}}