{"id":97450,"date":"2025-10-01T07:41:20","date_gmt":"2025-10-01T07:41:20","guid":{"rendered":"https:\/\/e.kosmolat.eu\/product\/parodont-active-white-zobu-pasta-75-ml\/"},"modified":"2026-04-01T08:36:22","modified_gmt":"2026-04-01T08:36:22","slug":"parodont-active-white-zobu-pasta-75-ml","status":"publish","type":"product","link":"https:\/\/e.kosmolat.eu\/lv\/product\/parodont-active-white-zobu-pasta-75-ml\/","title":{"rendered":"Parodont Active White Zobu pasta, 75 ml"},"content":{"rendered":"<p>Visbie\u017e\u0101kie zobu kr\u0101sas mai\u0146as iemesli:<br \/>\n\u2022 Kafijas un sarkanv\u012bna lieto\u0161ana<br \/>\n\u2022 Aug\u013cu un aug\u013cu sulu lieto\u0161ana<br \/>\n\u2022 Cigare\u0161u sm\u0113\u0137\u0113\u0161ana<br \/>\n\u2022 Slikta zobu un mutes dobuma higi\u0113na<\/p>\n<p>Patent\u0113t\u0101 balin\u0101\u0161anas sist\u0113ma Parodont Active White:<br \/>\n\u2022 No\u0146em plankumus, nesaskr\u0101p\u0113jot un neboj\u0101jot emalju<br \/>\n\u2022 Nov\u0113r\u0161 atk\u0101rtotu aplikuma un plankumu veido\u0161anos<\/p>\n<p>Lieto\u0161ana: lai nodro\u0161in\u0101tu zobu un smaganu vesel\u012bbu, t\u012briet zobus 2-3 min\u016btes vismaz divas reizes dien\u0101. Ieteicamas regul\u0101ras zob\u0101rsta p\u0101rbaudes.<\/p>\n<p>Tikai pieaugu\u0161ajiem. Nelietot b\u0113rniem vecum\u0101 l\u012bdz 3 gadiem. Satur n\u0101trija monofluorfosf\u0101tu 0,1 %, kas apr\u0113\u0137in\u0101ti k\u0101 F.<\/p>\n","protected":false},"excerpt":{"rendered":"<p>Visbie\u017e\u0101kie zobu kr\u0101sas mai\u0146as iemesli: \u2022 Kafijas un sarkanv\u012bna lieto\u0161ana \u2022 Aug\u013cu un aug\u013cu sulu lieto\u0161ana \u2022 Cigare\u0161u sm\u0113\u0137\u0113\u0161ana \u2022 Slikta zobu un mutes dobuma higi\u0113na Patent\u0113t\u0101 balin\u0101\u0161anas sist\u0113ma Parodont Active White: \u2022 No\u0146em plankumus, nesaskr\u0101p\u0113jot un neboj\u0101jot emalju \u2022 Nov\u0113r\u0161 atk\u0101rtotu aplikuma un plankumu veido\u0161anos Lieto\u0161ana: lai nodro\u0161in\u0101tu zobu un smaganu vesel\u012bbu, t\u012briet zobus [&#8230;]\n","protected":false},"featured_media":97454,"template":"","meta":[],"product_cat":[2181],"product_tag":[],"class_list":{"0":"post-97450","1":"product","2":"type-product","3":"status-publish","4":"has-post-thumbnail","6":"product_brand-aroma-bg","7":"product_cat-bez-kategorijas-lt","9":"first","10":"instock","11":"taxable","12":"shipping-taxable","13":"product-type-simple"},"_links":{"self":[{"href":"https:\/\/e.kosmolat.eu\/lv\/wp-json\/wp\/v2\/product\/97450","targetHints":{"allow":["GET"]}}],"collection":[{"href":"https:\/\/e.kosmolat.eu\/lv\/wp-json\/wp\/v2\/product"}],"about":[{"href":"https:\/\/e.kosmolat.eu\/lv\/wp-json\/wp\/v2\/types\/product"}],"wp:featuredmedia":[{"embeddable":true,"href":"https:\/\/e.kosmolat.eu\/lv\/wp-json\/wp\/v2\/media\/97454"}],"wp:attachment":[{"href":"https:\/\/e.kosmolat.eu\/lv\/wp-json\/wp\/v2\/media?parent=97450"}],"wp:term":[{"taxonomy":"product_cat","embeddable":true,"href":"https:\/\/e.kosmolat.eu\/lv\/wp-json\/wp\/v2\/product_cat?post=97450"},{"taxonomy":"product_tag","embeddable":true,"href":"https:\/\/e.kosmolat.eu\/lv\/wp-json\/wp\/v2\/product_tag?post=97450"}],"curies":[{"name":"wp","href":"https:\/\/api.w.org\/{rel}","templated":true}]}}