{"id":97442,"date":"2025-10-01T07:41:03","date_gmt":"2025-10-01T07:41:03","guid":{"rendered":"https:\/\/e.kosmolat.eu\/product\/parodont-active-prebiotic-zobu-pasta-75-ml\/"},"modified":"2026-04-01T08:36:08","modified_gmt":"2026-04-01T08:36:08","slug":"parodont-active-prebiotic-zobu-pasta-75-ml","status":"publish","type":"product","link":"https:\/\/e.kosmolat.eu\/lv\/product\/parodont-active-prebiotic-zobu-pasta-75-ml\/","title":{"rendered":"Parodont Active Prebiotic Zobu pasta, 75 ml"},"content":{"rendered":"<p>\u2022 Satur dab\u012bgo prebiotiku inul\u012bnu (cigori\u0146u saknes un agaves ekstraktu), kas pal\u012bdz uztur\u0113t mutes dobuma labv\u0113l\u012bg\u0101s mikrofloras l\u012bdzsvaru.<br \/>\n\u2022 Pal\u012bdz saglab\u0101t g\u013cot\u0101das dabisko mitrumu un nodro\u0161ina komforta saj\u016btu.<br \/>\n\u2022 Satur cinka citr\u0101tu, kas mazina aplikumu.<br \/>\n\u2022 Satur alum\u012bnija lakt\u0101tu, kas pal\u012bdz uztur\u0113t mutes dobuma t\u012br\u012bbu.<br \/>\n\u2022 Ieteicamas regul\u0101ras zob\u0101rsta p\u0101rbaudes.<\/p>\n<p>Lieto\u0161ana: lai nodro\u0161in\u0101tu zobu un smaganu vesel\u012bbu, t\u012briet zobus 2-3 min\u016btes vismaz divas reizes dien\u0101. <\/p>\n<p>Tikai pieaugu\u0161ajiem. Satur n\u0101trija monofluorfosf\u0101tu 0,1 %, kas apr\u0113\u0137in\u0101ti k\u0101 F.<\/p>\n","protected":false},"excerpt":{"rendered":"<p>\u2022 Satur dab\u012bgo prebiotiku inul\u012bnu (cigori\u0146u saknes un agaves ekstraktu), kas pal\u012bdz uztur\u0113t mutes dobuma labv\u0113l\u012bg\u0101s mikrofloras l\u012bdzsvaru. \u2022 Pal\u012bdz saglab\u0101t g\u013cot\u0101das dabisko mitrumu un nodro\u0161ina komforta saj\u016btu. \u2022 Satur cinka citr\u0101tu, kas mazina aplikumu. \u2022 Satur alum\u012bnija lakt\u0101tu, kas pal\u012bdz uztur\u0113t mutes dobuma t\u012br\u012bbu. \u2022 Ieteicamas regul\u0101ras zob\u0101rsta p\u0101rbaudes. Lieto\u0161ana: lai nodro\u0161in\u0101tu zobu un [&#8230;]\n","protected":false},"featured_media":97446,"template":"","meta":[],"product_cat":[2181],"product_tag":[],"class_list":{"0":"post-97442","1":"product","2":"type-product","3":"status-publish","4":"has-post-thumbnail","6":"product_brand-aroma-bg","7":"product_cat-bez-kategorijas-lt","9":"first","10":"instock","11":"taxable","12":"shipping-taxable","13":"product-type-simple"},"_links":{"self":[{"href":"https:\/\/e.kosmolat.eu\/lv\/wp-json\/wp\/v2\/product\/97442","targetHints":{"allow":["GET"]}}],"collection":[{"href":"https:\/\/e.kosmolat.eu\/lv\/wp-json\/wp\/v2\/product"}],"about":[{"href":"https:\/\/e.kosmolat.eu\/lv\/wp-json\/wp\/v2\/types\/product"}],"wp:featuredmedia":[{"embeddable":true,"href":"https:\/\/e.kosmolat.eu\/lv\/wp-json\/wp\/v2\/media\/97446"}],"wp:attachment":[{"href":"https:\/\/e.kosmolat.eu\/lv\/wp-json\/wp\/v2\/media?parent=97442"}],"wp:term":[{"taxonomy":"product_cat","embeddable":true,"href":"https:\/\/e.kosmolat.eu\/lv\/wp-json\/wp\/v2\/product_cat?post=97442"},{"taxonomy":"product_tag","embeddable":true,"href":"https:\/\/e.kosmolat.eu\/lv\/wp-json\/wp\/v2\/product_tag?post=97442"}],"curies":[{"name":"wp","href":"https:\/\/api.w.org\/{rel}","templated":true}]}}