{"id":97386,"date":"2025-10-01T07:38:53","date_gmt":"2025-10-01T07:38:53","guid":{"rendered":"https:\/\/e.kosmolat.eu\/product\/astera-microgranules-neon-zobu-pasta-75-ml\/"},"modified":"2026-04-01T08:34:22","modified_gmt":"2026-04-01T08:34:22","slug":"astera-microgranules-neon-zobu-pasta-75-ml","status":"publish","type":"product","link":"https:\/\/e.kosmolat.eu\/lv\/product\/astera-microgranules-neon-zobu-pasta-75-ml\/","title":{"rendered":"Astera Microgranules Neon Zobu pasta, 75 ml"},"content":{"rendered":"<p>G\u0113la zobu pasta ar mikrogranul\u0101m ide\u0101lai starpzobu t\u012br\u012b\u0161anai. Sf\u0113riskas mikroda\u013ci\u0146as maigi no\u0146em aplikumu, neboj\u0101jot zobus un smaganas. Piparm\u0113tras arom\u0101ts pastiprina t\u012br\u012bbas saj\u016btu un nodro\u0161ina ilgsto\u0161u svaigumu un komfortu.<\/p>\n<p>Lieto\u0161ana: Lai nodro\u0161in\u0101tu zobu un smaganu vesel\u012bbu, t\u012briet zobus 2-3 min\u016btes vismaz divas reizes dien\u0101. <\/p>\n<p>Br\u012bdin\u0101jums: satur n\u0101trija fluor\u012bdu 0,1 %, kas apr\u0113\u0137in\u0101ti k\u0101 F. Ieteicams ikdienas lieto\u0161anai pieaugu\u0161ajiem un b\u0113rniem, kas vec\u0101ki par 6 gadiem. B\u0113rniem vecum\u0101 l\u012bdz se\u0161iem gadiem: lietot pastu zir\u0146a lielum\u0101 un t\u012br\u012bt zobus pieaugu\u0161\u0101 uzraudz\u012bb\u0101, lai samazin\u0101tu nor\u012b\u0161anas iesp\u0113ju. Ja lietojat citus fluoru saturo\u0161us l\u012bdzek\u013cus, konsult\u0113jieties ar zob\u0101rstu vai \u0101rstu.<\/p>\n","protected":false},"excerpt":{"rendered":"<p>G\u0113la zobu pasta ar mikrogranul\u0101m ide\u0101lai starpzobu t\u012br\u012b\u0161anai. Sf\u0113riskas mikroda\u013ci\u0146as maigi no\u0146em aplikumu, neboj\u0101jot zobus un smaganas. Piparm\u0113tras arom\u0101ts pastiprina t\u012br\u012bbas saj\u016btu un nodro\u0161ina ilgsto\u0161u svaigumu un komfortu. Lieto\u0161ana: Lai nodro\u0161in\u0101tu zobu un smaganu vesel\u012bbu, t\u012briet zobus 2-3 min\u016btes vismaz divas reizes dien\u0101. Br\u012bdin\u0101jums: satur n\u0101trija fluor\u012bdu 0,1 %, kas apr\u0113\u0137in\u0101ti k\u0101 F. Ieteicams ikdienas [&#8230;]\n","protected":false},"featured_media":97390,"template":"","meta":[],"product_cat":[1999],"product_tag":[],"class_list":{"0":"post-97386","1":"product","2":"type-product","3":"status-publish","4":"has-post-thumbnail","6":"product_brand-aroma-bg","7":"product_cat-bez-kategorijas","9":"first","10":"outofstock","11":"taxable","12":"shipping-taxable","13":"product-type-simple"},"_links":{"self":[{"href":"https:\/\/e.kosmolat.eu\/lv\/wp-json\/wp\/v2\/product\/97386","targetHints":{"allow":["GET"]}}],"collection":[{"href":"https:\/\/e.kosmolat.eu\/lv\/wp-json\/wp\/v2\/product"}],"about":[{"href":"https:\/\/e.kosmolat.eu\/lv\/wp-json\/wp\/v2\/types\/product"}],"wp:featuredmedia":[{"embeddable":true,"href":"https:\/\/e.kosmolat.eu\/lv\/wp-json\/wp\/v2\/media\/97390"}],"wp:attachment":[{"href":"https:\/\/e.kosmolat.eu\/lv\/wp-json\/wp\/v2\/media?parent=97386"}],"wp:term":[{"taxonomy":"product_cat","embeddable":true,"href":"https:\/\/e.kosmolat.eu\/lv\/wp-json\/wp\/v2\/product_cat?post=97386"},{"taxonomy":"product_tag","embeddable":true,"href":"https:\/\/e.kosmolat.eu\/lv\/wp-json\/wp\/v2\/product_tag?post=97386"}],"curies":[{"name":"wp","href":"https:\/\/api.w.org\/{rel}","templated":true}]}}