{"id":97378,"date":"2025-10-01T07:38:35","date_gmt":"2025-10-01T07:38:35","guid":{"rendered":"https:\/\/e.kosmolat.eu\/product\/parodont-active-zobu-pasta-ar-melnas-juras-miner-75-ml\/"},"modified":"2026-04-01T08:34:10","modified_gmt":"2026-04-01T08:34:10","slug":"parodont-active-zobu-pasta-ar-melnas-juras-miner-75-ml","status":"publish","type":"product","link":"https:\/\/e.kosmolat.eu\/lv\/product\/parodont-active-zobu-pasta-ar-melnas-juras-miner-75-ml\/","title":{"rendered":"Parodont Active Zobu pasta ar Meln\u0101s j\u016bras miner., 75 ml"},"content":{"rendered":"<p>Satur Meln\u0101s j\u016bras miner\u0101lus. Stiprina zobu emalju un nov\u0113r\u0161 smaganu asi\u0146o\u0161anu. Piem\u0113rots ikdienas lieto\u0161anai, tostarp sm\u0113\u0137\u0113t\u0101jiem un cilv\u0113kiem ar jut\u012bg\u0101m smagan\u0101m. Ieteicamas regul\u0101ras zob\u0101rsta p\u0101rbaudes.<\/p>\n<p>Lieto\u0161ana: lai nodro\u0161in\u0101tu zobu un smaganu vesel\u012bbu, t\u012briet zobus 2-3 min\u016btes vismaz divas reizes dien\u0101. <\/p>\n<p>Tikai pieaugu\u0161ajiem. Nelietot b\u0113rniem vecum\u0101 l\u012bdz 3 gadiem. Satur n\u0101trija monofluorfosf\u0101tu 0,1 %, kas apr\u0113\u0137in\u0101ti k\u0101 F.<\/p>\n","protected":false},"excerpt":{"rendered":"<p>Satur Meln\u0101s j\u016bras miner\u0101lus. Stiprina zobu emalju un nov\u0113r\u0161 smaganu asi\u0146o\u0161anu. Piem\u0113rots ikdienas lieto\u0161anai, tostarp sm\u0113\u0137\u0113t\u0101jiem un cilv\u0113kiem ar jut\u012bg\u0101m smagan\u0101m. Ieteicamas regul\u0101ras zob\u0101rsta p\u0101rbaudes. Lieto\u0161ana: lai nodro\u0161in\u0101tu zobu un smaganu vesel\u012bbu, t\u012briet zobus 2-3 min\u016btes vismaz divas reizes dien\u0101. Tikai pieaugu\u0161ajiem. Nelietot b\u0113rniem vecum\u0101 l\u012bdz 3 gadiem. Satur n\u0101trija monofluorfosf\u0101tu 0,1 %, kas apr\u0113\u0137in\u0101ti [&#8230;]\n","protected":false},"featured_media":97382,"template":"","meta":[],"product_cat":[2181],"product_tag":[],"class_list":{"0":"post-97378","1":"product","2":"type-product","3":"status-publish","4":"has-post-thumbnail","6":"product_brand-aroma-bg","7":"product_cat-bez-kategorijas-lt","9":"first","10":"instock","11":"taxable","12":"shipping-taxable","13":"product-type-simple"},"_links":{"self":[{"href":"https:\/\/e.kosmolat.eu\/lv\/wp-json\/wp\/v2\/product\/97378","targetHints":{"allow":["GET"]}}],"collection":[{"href":"https:\/\/e.kosmolat.eu\/lv\/wp-json\/wp\/v2\/product"}],"about":[{"href":"https:\/\/e.kosmolat.eu\/lv\/wp-json\/wp\/v2\/types\/product"}],"wp:featuredmedia":[{"embeddable":true,"href":"https:\/\/e.kosmolat.eu\/lv\/wp-json\/wp\/v2\/media\/97382"}],"wp:attachment":[{"href":"https:\/\/e.kosmolat.eu\/lv\/wp-json\/wp\/v2\/media?parent=97378"}],"wp:term":[{"taxonomy":"product_cat","embeddable":true,"href":"https:\/\/e.kosmolat.eu\/lv\/wp-json\/wp\/v2\/product_cat?post=97378"},{"taxonomy":"product_tag","embeddable":true,"href":"https:\/\/e.kosmolat.eu\/lv\/wp-json\/wp\/v2\/product_tag?post=97378"}],"curies":[{"name":"wp","href":"https:\/\/api.w.org\/{rel}","templated":true}]}}