{"id":97362,"date":"2025-10-01T07:37:59","date_gmt":"2025-10-01T07:37:59","guid":{"rendered":"https:\/\/e.kosmolat.eu\/product\/astera-kids-ice-cream-bernu-zobu-pasta-2-6-gadi-50-ml\/"},"modified":"2026-04-01T08:33:57","modified_gmt":"2026-04-01T08:33:57","slug":"astera-kids-ice-cream-bernu-zobu-pasta-2-6-gadi-50-ml","status":"publish","type":"product","link":"https:\/\/e.kosmolat.eu\/lv\/product\/astera-kids-ice-cream-bernu-zobu-pasta-2-6-gadi-50-ml\/","title":{"rendered":"Astera Kids Ice Cream B\u0113rnu zobu pasta 2-6 gadi, 50 ml"},"content":{"rendered":"<p>\u2022 Nesatur parab\u0113nus<br \/>\n\u2022 Nesatur cukuru<br \/>\n\u2022 Zema abrazivit\u0101te<br \/>\n\u2022 Aizsardz\u012bba pret  kariesu<\/p>\n<p>Agr\u012bnas r\u016bpes par b\u0113rnu zobiem ir ieguld\u012bjums visai dz\u012bvei.<\/p>\n<p>Br\u012bdin\u0101jums: Satur n\u0101trija monofluorfosf\u0101tu 0,1 %, kas apr\u0113\u0137in\u0101ti k\u0101 F. B\u0113rniem vecum\u0101 l\u012bdz se\u0161iem gadiem: lietot pastu zir\u0146a lielum\u0101 un t\u012br\u012bt zobus pieaugu\u0161\u0101 uzraudz\u012bb\u0101, lai samazin\u0101tu nor\u012b\u0161anas iesp\u0113ju. Ja lietojat citus fluoru saturo\u0161us l\u012bdzek\u013cus, konsult\u0113jieties ar zob\u0101rstu vai \u0101rstu.<\/p>\n","protected":false},"excerpt":{"rendered":"<p>\u2022 Nesatur parab\u0113nus \u2022 Nesatur cukuru \u2022 Zema abrazivit\u0101te \u2022 Aizsardz\u012bba pret kariesu Agr\u012bnas r\u016bpes par b\u0113rnu zobiem ir ieguld\u012bjums visai dz\u012bvei. Br\u012bdin\u0101jums: Satur n\u0101trija monofluorfosf\u0101tu 0,1 %, kas apr\u0113\u0137in\u0101ti k\u0101 F. B\u0113rniem vecum\u0101 l\u012bdz se\u0161iem gadiem: lietot pastu zir\u0146a lielum\u0101 un t\u012br\u012bt zobus pieaugu\u0161\u0101 uzraudz\u012bb\u0101, lai samazin\u0101tu nor\u012b\u0161anas iesp\u0113ju. Ja lietojat citus fluoru saturo\u0161us [&#8230;]\n","protected":false},"featured_media":97366,"template":"","meta":[],"product_cat":[1999],"product_tag":[],"class_list":{"0":"post-97362","1":"product","2":"type-product","3":"status-publish","4":"has-post-thumbnail","6":"product_brand-aroma-bg","7":"product_cat-bez-kategorijas","9":"first","10":"outofstock","11":"taxable","12":"shipping-taxable","13":"product-type-simple"},"_links":{"self":[{"href":"https:\/\/e.kosmolat.eu\/lv\/wp-json\/wp\/v2\/product\/97362","targetHints":{"allow":["GET"]}}],"collection":[{"href":"https:\/\/e.kosmolat.eu\/lv\/wp-json\/wp\/v2\/product"}],"about":[{"href":"https:\/\/e.kosmolat.eu\/lv\/wp-json\/wp\/v2\/types\/product"}],"wp:featuredmedia":[{"embeddable":true,"href":"https:\/\/e.kosmolat.eu\/lv\/wp-json\/wp\/v2\/media\/97366"}],"wp:attachment":[{"href":"https:\/\/e.kosmolat.eu\/lv\/wp-json\/wp\/v2\/media?parent=97362"}],"wp:term":[{"taxonomy":"product_cat","embeddable":true,"href":"https:\/\/e.kosmolat.eu\/lv\/wp-json\/wp\/v2\/product_cat?post=97362"},{"taxonomy":"product_tag","embeddable":true,"href":"https:\/\/e.kosmolat.eu\/lv\/wp-json\/wp\/v2\/product_tag?post=97362"}],"curies":[{"name":"wp","href":"https:\/\/api.w.org\/{rel}","templated":true}]}}