{"id":97354,"date":"2025-10-01T07:37:41","date_gmt":"2025-10-01T07:37:41","guid":{"rendered":"https:\/\/e.kosmolat.eu\/product\/aroma-labora-collagen-r-krems-adai-ap-acim-15-ml\/"},"modified":"2026-04-16T13:08:57","modified_gmt":"2026-04-16T13:08:57","slug":"aroma-labora-collagen-r-krems-adai-ap-acim-15-ml","status":"publish","type":"product","link":"https:\/\/e.kosmolat.eu\/lv\/product\/aroma-labora-collagen-r-krems-adai-ap-acim-15-ml\/","title":{"rendered":"Aroma Labora Collagen R. Kr\u0113ms \u0101dai ap ac\u012bm, 15 ml"},"content":{"rendered":"<p>\u0160is barojo\u0161ais kr\u0113ms nodro\u0161ina vieglu mitrin\u0101\u0161anu un pal\u012bdz uzlabot \u0101das izskatu, samazinot s\u012bkas grumbi\u0146as jut\u012bgaj\u0101 zon\u0101 ap ac\u012bm. Formula ar j\u016bras kolag\u0113nu mitrina un palielina \u0101das elast\u012bbu. Makad\u0101mijas e\u013c\u013ca dzi\u013ci baro un stiprina dabisko aizsargbarjeru, padarot \u0101du ap ac\u012bm svaigu un jaunekl\u012bgu.<\/p>\n<p>Lieto\u0161ana: Uzkl\u0101jiet ar viegl\u0101m pirkstu kust\u012bb\u0101m uz \u0101das ap ac\u012bm, izvairoties no t\u0101s stiep\u0161anas.<\/p>\n","protected":false},"excerpt":{"rendered":"<p>\u0160is barojo\u0161ais kr\u0113ms nodro\u0161ina vieglu mitrin\u0101\u0161anu un pal\u012bdz uzlabot \u0101das izskatu, samazinot s\u012bkas grumbi\u0146as jut\u012bgaj\u0101 zon\u0101 ap ac\u012bm. Formula ar j\u016bras kolag\u0113nu mitrina un palielina \u0101das elast\u012bbu. Makad\u0101mijas e\u013c\u013ca dzi\u013ci baro un stiprina dabisko aizsargbarjeru, padarot \u0101du ap ac\u012bm svaigu un jaunekl\u012bgu. Lieto\u0161ana: Uzkl\u0101jiet ar viegl\u0101m pirkstu kust\u012bb\u0101m uz \u0101das ap ac\u012bm, izvairoties no t\u0101s [&#8230;]\n","protected":false},"featured_media":97358,"template":"","meta":[],"product_cat":[2181],"product_tag":[],"class_list":{"0":"post-97354","1":"product","2":"type-product","3":"status-publish","4":"has-post-thumbnail","6":"product_brand-aroma-bg","7":"product_cat-bez-kategorijas-lt","9":"first","10":"instock","11":"taxable","12":"shipping-taxable","13":"product-type-simple"},"_links":{"self":[{"href":"https:\/\/e.kosmolat.eu\/lv\/wp-json\/wp\/v2\/product\/97354","targetHints":{"allow":["GET"]}}],"collection":[{"href":"https:\/\/e.kosmolat.eu\/lv\/wp-json\/wp\/v2\/product"}],"about":[{"href":"https:\/\/e.kosmolat.eu\/lv\/wp-json\/wp\/v2\/types\/product"}],"wp:featuredmedia":[{"embeddable":true,"href":"https:\/\/e.kosmolat.eu\/lv\/wp-json\/wp\/v2\/media\/97358"}],"wp:attachment":[{"href":"https:\/\/e.kosmolat.eu\/lv\/wp-json\/wp\/v2\/media?parent=97354"}],"wp:term":[{"taxonomy":"product_cat","embeddable":true,"href":"https:\/\/e.kosmolat.eu\/lv\/wp-json\/wp\/v2\/product_cat?post=97354"},{"taxonomy":"product_tag","embeddable":true,"href":"https:\/\/e.kosmolat.eu\/lv\/wp-json\/wp\/v2\/product_tag?post=97354"}],"curies":[{"name":"wp","href":"https:\/\/api.w.org\/{rel}","templated":true}]}}