{"id":97346,"date":"2025-10-01T07:37:21","date_gmt":"2025-10-01T07:37:21","guid":{"rendered":"https:\/\/e.kosmolat.eu\/product\/aroma-labora-lf-serums-30-ml\/"},"modified":"2026-04-07T10:04:11","modified_gmt":"2026-04-07T10:04:11","slug":"aroma-labora-lf-serums-30-ml","status":"publish","type":"product","link":"https:\/\/e.kosmolat.eu\/lv\/product\/aroma-labora-lf-serums-30-ml\/","title":{"rendered":"Aroma Labora L&#038;F Serums, 30 ml"},"content":{"rendered":"<p>Serums pal\u012bdz samazin\u0101t \u0101das noveco\u0161an\u0101s paz\u012bmes \u2014 \u0101das dehidrat\u0101ciju, s\u012bkas grumbi\u0146as, elast\u012bbas zudumu un bl\u0101vu sejas toni. Sp\u0113c\u012bg\u0101 akt\u012bv\u0101 sast\u0101vda\u013ca ar tr\u012bsk\u0101r\u0161u nostiprino\u0161u iedarb\u012bbu pal\u012bdz c\u012bn\u012bties ar \u0101das noveco\u0161anos. T\u0101 aizsarg\u0101 un stiprina \u0101das strukt\u016bru. Serums saglab\u0101 nepiecie\u0161amo mitrumu, un \u0101da k\u013c\u016bst glud\u0101ka, maig\u0101ka un vesel\u012bg\u0101ka.<\/p>\n<p>Lieto\u0161ana: Nelielu seruma daudzumu uzkl\u0101jiet no r\u012bta vai vakar\u0101 uz att\u012br\u012btas sejas un kakla \u0101das, viegli iemas\u0113jiet l\u012bdz piln\u012bgai uzs\u016bk\u0161anai.<\/p>\n","protected":false},"excerpt":{"rendered":"<p>Serums pal\u012bdz samazin\u0101t \u0101das noveco\u0161an\u0101s paz\u012bmes \u2014 \u0101das dehidrat\u0101ciju, s\u012bkas grumbi\u0146as, elast\u012bbas zudumu un bl\u0101vu sejas toni. Sp\u0113c\u012bg\u0101 akt\u012bv\u0101 sast\u0101vda\u013ca ar tr\u012bsk\u0101r\u0161u nostiprino\u0161u iedarb\u012bbu pal\u012bdz c\u012bn\u012bties ar \u0101das noveco\u0161anos. T\u0101 aizsarg\u0101 un stiprina \u0101das strukt\u016bru. Serums saglab\u0101 nepiecie\u0161amo mitrumu, un \u0101da k\u013c\u016bst glud\u0101ka, maig\u0101ka un vesel\u012bg\u0101ka. Lieto\u0161ana: Nelielu seruma daudzumu uzkl\u0101jiet no r\u012bta vai vakar\u0101 [&#8230;]\n","protected":false},"featured_media":97350,"template":"","meta":[],"product_cat":[2181],"product_tag":[],"class_list":{"0":"post-97346","1":"product","2":"type-product","3":"status-publish","4":"has-post-thumbnail","6":"product_brand-aroma-bg","7":"product_cat-bez-kategorijas-lt","9":"first","10":"instock","11":"taxable","12":"shipping-taxable","13":"product-type-simple"},"_links":{"self":[{"href":"https:\/\/e.kosmolat.eu\/lv\/wp-json\/wp\/v2\/product\/97346","targetHints":{"allow":["GET"]}}],"collection":[{"href":"https:\/\/e.kosmolat.eu\/lv\/wp-json\/wp\/v2\/product"}],"about":[{"href":"https:\/\/e.kosmolat.eu\/lv\/wp-json\/wp\/v2\/types\/product"}],"wp:featuredmedia":[{"embeddable":true,"href":"https:\/\/e.kosmolat.eu\/lv\/wp-json\/wp\/v2\/media\/97350"}],"wp:attachment":[{"href":"https:\/\/e.kosmolat.eu\/lv\/wp-json\/wp\/v2\/media?parent=97346"}],"wp:term":[{"taxonomy":"product_cat","embeddable":true,"href":"https:\/\/e.kosmolat.eu\/lv\/wp-json\/wp\/v2\/product_cat?post=97346"},{"taxonomy":"product_tag","embeddable":true,"href":"https:\/\/e.kosmolat.eu\/lv\/wp-json\/wp\/v2\/product_tag?post=97346"}],"curies":[{"name":"wp","href":"https:\/\/api.w.org\/{rel}","templated":true}]}}