{"id":97338,"date":"2025-10-01T07:37:03","date_gmt":"2025-10-01T07:37:03","guid":{"rendered":"https:\/\/e.kosmolat.eu\/product\/aroma-labora-lf-nakts-krems-visiem-adas-tip-50-ml\/"},"modified":"2026-04-08T07:14:15","modified_gmt":"2026-04-08T07:14:15","slug":"aroma-labora-lf-nakts-krems-visiem-adas-tip-50-ml","status":"publish","type":"product","link":"https:\/\/e.kosmolat.eu\/lv\/product\/aroma-labora-lf-nakts-krems-visiem-adas-tip-50-ml\/","title":{"rendered":"Aroma Labora L&#038;F Nakts kr\u0113ms visiem \u0101das tip., 50 ml"},"content":{"rendered":"<p>Labora Lift&#038;Firm nakts kr\u0113ms nodro\u0161ina pilnv\u0113rt\u012bgu pretnoveco\u0161an\u0101s kop\u0161anu, pal\u012bdzot mazin\u0101t redzam\u0101s noveco\u0161an\u0101s paz\u012bmes \u2014 dehidrat\u0113tu \u0101du, s\u012bkas grumbi\u0146as, elast\u012bbas zudumu un bl\u0101vu sejas toni. Sp\u0113c\u012bg\u0101 akt\u012bv\u0101 sast\u0101vda\u013ca ar tr\u012bsk\u0101r\u0161u nostiprino\u0161u iedarb\u012bbu c\u012bn\u0101s pret \u0101das noveco\u0161anos. T\u0101 aizsarg\u0101 un uzlabo \u0101das strukt\u016bru, atjauno un mitrina to, pie\u0161\u0137ir svaig\u0101ku sejas toni. Marokas arg\u0101na e\u013c\u013c\u0101 eso\u0161\u0101s nepies\u0101tin\u0101t\u0101s tauksk\u0101bes omega-9 un omega-6 pal\u012bdz izl\u012bdzin\u0101t grumbas, baro \u0101du un uzlabo t\u0101s elast\u012bbu. Sast\u0101vda\u013cu kombin\u0101cija saglab\u0101 nepiecie\u0161amo mitruma l\u012bmeni, un \u0101da k\u013c\u016bst glud\u0101ka, maig\u0101ka un vesel\u012bg\u0101ka.<\/p>\n<p>Lieto\u0161ana: regul\u0101ri uzkl\u0101jiet vakar\u0101 uz att\u012br\u012btas sejas un kakla \u0101das ar viegl\u0101m mas\u0113jo\u0161\u0101m kust\u012bb\u0101m.<\/p>\n","protected":false},"excerpt":{"rendered":"<p>Labora Lift&#038;Firm nakts kr\u0113ms nodro\u0161ina pilnv\u0113rt\u012bgu pretnoveco\u0161an\u0101s kop\u0161anu, pal\u012bdzot mazin\u0101t redzam\u0101s noveco\u0161an\u0101s paz\u012bmes \u2014 dehidrat\u0113tu \u0101du, s\u012bkas grumbi\u0146as, elast\u012bbas zudumu un bl\u0101vu sejas toni. Sp\u0113c\u012bg\u0101 akt\u012bv\u0101 sast\u0101vda\u013ca ar tr\u012bsk\u0101r\u0161u nostiprino\u0161u iedarb\u012bbu c\u012bn\u0101s pret \u0101das noveco\u0161anos. T\u0101 aizsarg\u0101 un uzlabo \u0101das strukt\u016bru, atjauno un mitrina to, pie\u0161\u0137ir svaig\u0101ku sejas toni. Marokas arg\u0101na e\u013c\u013c\u0101 eso\u0161\u0101s nepies\u0101tin\u0101t\u0101s tauksk\u0101bes [&#8230;]\n","protected":false},"featured_media":97342,"template":"","meta":[],"product_cat":[2181],"product_tag":[],"class_list":{"0":"post-97338","1":"product","2":"type-product","3":"status-publish","4":"has-post-thumbnail","6":"product_brand-aroma-bg","7":"product_cat-bez-kategorijas-lt","9":"first","10":"outofstock","11":"taxable","12":"shipping-taxable","13":"product-type-simple"},"_links":{"self":[{"href":"https:\/\/e.kosmolat.eu\/lv\/wp-json\/wp\/v2\/product\/97338","targetHints":{"allow":["GET"]}}],"collection":[{"href":"https:\/\/e.kosmolat.eu\/lv\/wp-json\/wp\/v2\/product"}],"about":[{"href":"https:\/\/e.kosmolat.eu\/lv\/wp-json\/wp\/v2\/types\/product"}],"wp:featuredmedia":[{"embeddable":true,"href":"https:\/\/e.kosmolat.eu\/lv\/wp-json\/wp\/v2\/media\/97342"}],"wp:attachment":[{"href":"https:\/\/e.kosmolat.eu\/lv\/wp-json\/wp\/v2\/media?parent=97338"}],"wp:term":[{"taxonomy":"product_cat","embeddable":true,"href":"https:\/\/e.kosmolat.eu\/lv\/wp-json\/wp\/v2\/product_cat?post=97338"},{"taxonomy":"product_tag","embeddable":true,"href":"https:\/\/e.kosmolat.eu\/lv\/wp-json\/wp\/v2\/product_tag?post=97338"}],"curies":[{"name":"wp","href":"https:\/\/api.w.org\/{rel}","templated":true}]}}