{"id":97322,"date":"2025-10-01T07:36:26","date_gmt":"2025-10-01T07:36:26","guid":{"rendered":"https:\/\/e.kosmolat.eu\/product\/aroma-labora-collagen-r-nakts-krems-50-ml\/"},"modified":"2026-02-23T06:43:03","modified_gmt":"2026-02-23T06:43:03","slug":"aroma-labora-collagen-r-nakts-krems-50-ml","status":"publish","type":"product","link":"https:\/\/e.kosmolat.eu\/lv\/product\/aroma-labora-collagen-r-nakts-krems-50-ml\/","title":{"rendered":"Aroma Labora Collagen R. Nakts kr\u0113ms, 50 ml"},"content":{"rendered":"<p>Nakts kr\u0113ms Collagen Recharge pal\u012bdz atjaunot \u0101du miega laik\u0101, samazina smalk\u0101s grumbi\u0146as un izl\u012bdzina sejas toni. Formula ar kolag\u0113nu veicina dabisko \u0101das atjauno\u0161anos nakt\u012b un uzlabo t\u0101s elast\u012bbu. Makad\u0101mijas e\u013c\u013ca dzi\u013ci mitrina un pal\u012bdz atjaunot \u0101das aizsargbarjeru. Mostieties katru r\u012btu ar skaist\u0101ku un starojo\u0161\u0101ku \u0101du!<\/p>\n<p>Lieto\u0161ana: Uzkl\u0101jiet ar viegl\u0101m mas\u0113jo\u0161\u0101m kust\u012bb\u0101m uz att\u012br\u012btas sejas un kakla \u0101das 30 min\u016btes pirms gul\u0113tie\u0161anas.<\/p>\n","protected":false},"excerpt":{"rendered":"<p>Nakts kr\u0113ms Collagen Recharge pal\u012bdz atjaunot \u0101du miega laik\u0101, samazina smalk\u0101s grumbi\u0146as un izl\u012bdzina sejas toni. Formula ar kolag\u0113nu veicina dabisko \u0101das atjauno\u0161anos nakt\u012b un uzlabo t\u0101s elast\u012bbu. Makad\u0101mijas e\u013c\u013ca dzi\u013ci mitrina un pal\u012bdz atjaunot \u0101das aizsargbarjeru. Mostieties katru r\u012btu ar skaist\u0101ku un starojo\u0161\u0101ku \u0101du! Lieto\u0161ana: Uzkl\u0101jiet ar viegl\u0101m mas\u0113jo\u0161\u0101m kust\u012bb\u0101m uz att\u012br\u012btas sejas un [&#8230;]\n","protected":false},"featured_media":97326,"template":"","meta":[],"product_cat":[1320],"product_tag":[],"class_list":{"0":"post-97322","1":"product","2":"type-product","3":"status-publish","4":"has-post-thumbnail","6":"product_brand-aroma-bg","7":"product_cat-sejas-kremi","9":"first","10":"outofstock","11":"taxable","12":"shipping-taxable","13":"product-type-simple"},"_links":{"self":[{"href":"https:\/\/e.kosmolat.eu\/lv\/wp-json\/wp\/v2\/product\/97322","targetHints":{"allow":["GET"]}}],"collection":[{"href":"https:\/\/e.kosmolat.eu\/lv\/wp-json\/wp\/v2\/product"}],"about":[{"href":"https:\/\/e.kosmolat.eu\/lv\/wp-json\/wp\/v2\/types\/product"}],"wp:featuredmedia":[{"embeddable":true,"href":"https:\/\/e.kosmolat.eu\/lv\/wp-json\/wp\/v2\/media\/97326"}],"wp:attachment":[{"href":"https:\/\/e.kosmolat.eu\/lv\/wp-json\/wp\/v2\/media?parent=97322"}],"wp:term":[{"taxonomy":"product_cat","embeddable":true,"href":"https:\/\/e.kosmolat.eu\/lv\/wp-json\/wp\/v2\/product_cat?post=97322"},{"taxonomy":"product_tag","embeddable":true,"href":"https:\/\/e.kosmolat.eu\/lv\/wp-json\/wp\/v2\/product_tag?post=97322"}],"curies":[{"name":"wp","href":"https:\/\/api.w.org\/{rel}","templated":true}]}}