{"id":97314,"date":"2025-10-01T07:36:09","date_gmt":"2025-10-01T07:36:09","guid":{"rendered":"https:\/\/e.kosmolat.eu\/product\/aroma-labora-collagen-r-dienas-krems-spf-30-50-ml\/"},"modified":"2026-04-20T11:57:49","modified_gmt":"2026-04-20T11:57:49","slug":"aroma-labora-collagen-r-dienas-krems-spf-30-50-ml","status":"publish","type":"product","link":"https:\/\/e.kosmolat.eu\/lv\/product\/aroma-labora-collagen-r-dienas-krems-spf-30-50-ml\/","title":{"rendered":"Aroma Labora Collagen R. Dienas kr\u0113ms SPF 30, 50 ml"},"content":{"rendered":"<p>\u0160is dienas kr\u0113ms dzi\u013ci mitrina \u0101du un uzlabo t\u0101s tvirtumu. J\u016bras kolag\u0113ns padara \u0101du redzami glud\u0101ku un elast\u012bg\u0101ku. Augsta barojo\u0161\u0101s makad\u0101mijas e\u013c\u013cas koncentr\u0101cija nodro\u0161ina intens\u012bvu mitrin\u0101\u0161anu, stiprina \u0101das aizsargbarjeru un nov\u0113r\u0161 mitruma zudumu. SPF 30 pasarg\u0101 no kait\u012bg\u0101 UV starojuma, kas izraisa priek\u0161laic\u012bgu noveco\u0161anos. Formula nodro\u0161ina ilgsto\u0161u mitrin\u0101\u0161anu, baro un atjauno \u0101du, atgrie\u017eot tai vesel\u012bgu, jaunekl\u012bgu izskatu un dabisku mirdzumu.<\/p>\n<p>Lieto\u0161ana: uzkl\u0101jiet kr\u0113mu katru r\u012btu uz att\u012br\u012btas sejas un kakla \u0101das.<\/p>\n","protected":false},"excerpt":{"rendered":"<p>\u0160is dienas kr\u0113ms dzi\u013ci mitrina \u0101du un uzlabo t\u0101s tvirtumu. J\u016bras kolag\u0113ns padara \u0101du redzami glud\u0101ku un elast\u012bg\u0101ku. Augsta barojo\u0161\u0101s makad\u0101mijas e\u013c\u013cas koncentr\u0101cija nodro\u0161ina intens\u012bvu mitrin\u0101\u0161anu, stiprina \u0101das aizsargbarjeru un nov\u0113r\u0161 mitruma zudumu. SPF 30 pasarg\u0101 no kait\u012bg\u0101 UV starojuma, kas izraisa priek\u0161laic\u012bgu noveco\u0161anos. Formula nodro\u0161ina ilgsto\u0161u mitrin\u0101\u0161anu, baro un atjauno \u0101du, atgrie\u017eot tai vesel\u012bgu, [&#8230;]\n","protected":false},"featured_media":97318,"template":"","meta":[],"product_cat":[1320],"product_tag":[],"class_list":{"0":"post-97314","1":"product","2":"type-product","3":"status-publish","4":"has-post-thumbnail","6":"product_brand-aroma-bg","7":"product_cat-sejas-kremi","9":"first","10":"outofstock","11":"taxable","12":"shipping-taxable","13":"product-type-simple"},"_links":{"self":[{"href":"https:\/\/e.kosmolat.eu\/lv\/wp-json\/wp\/v2\/product\/97314","targetHints":{"allow":["GET"]}}],"collection":[{"href":"https:\/\/e.kosmolat.eu\/lv\/wp-json\/wp\/v2\/product"}],"about":[{"href":"https:\/\/e.kosmolat.eu\/lv\/wp-json\/wp\/v2\/types\/product"}],"wp:featuredmedia":[{"embeddable":true,"href":"https:\/\/e.kosmolat.eu\/lv\/wp-json\/wp\/v2\/media\/97318"}],"wp:attachment":[{"href":"https:\/\/e.kosmolat.eu\/lv\/wp-json\/wp\/v2\/media?parent=97314"}],"wp:term":[{"taxonomy":"product_cat","embeddable":true,"href":"https:\/\/e.kosmolat.eu\/lv\/wp-json\/wp\/v2\/product_cat?post=97314"},{"taxonomy":"product_tag","embeddable":true,"href":"https:\/\/e.kosmolat.eu\/lv\/wp-json\/wp\/v2\/product_tag?post=97314"}],"curies":[{"name":"wp","href":"https:\/\/api.w.org\/{rel}","templated":true}]}}