{"id":97306,"date":"2025-10-01T07:18:32","date_gmt":"2025-10-01T07:18:32","guid":{"rendered":"https:\/\/e.kosmolat.eu\/product\/dermaflora-sampuns-ar-alveju-visiem-matu-tip-250-ml\/"},"modified":"2026-04-16T13:44:38","modified_gmt":"2026-04-16T13:44:38","slug":"dermaflora-sampuns-ar-alveju-visiem-matu-tip-250-ml","status":"publish","type":"product","link":"https:\/\/e.kosmolat.eu\/lv\/product\/dermaflora-sampuns-ar-alveju-visiem-matu-tip-250-ml\/","title":{"rendered":"Dermaflora \u0160amp\u016bns ar alveju visiem matu tip., 250 ml"},"content":{"rendered":"<p>\u0160amp\u016bns maigi att\u012bra matus un galvas \u0101du, pateicoties \u0101dai draudz\u012bg\u0101m sast\u0101vda\u013c\u0101m. Koncentr\u0113ts alvejas ekstrakts pastiprina mitrin\u0101\u0161anu un nodro\u0161ina nomierino\u0161u iedarb\u012bbu. L\u012bdzeklis piem\u0113rots jut\u012bgai \u0101dai, satur dab\u012bgas sast\u0101vda\u013cas un nesatur SLES, parab\u0113nus, naftas produktus, smar\u017evielu alerg\u0113nus, silikonus un kr\u0101svielas.<\/p>\n","protected":false},"excerpt":{"rendered":"<p>\u0160amp\u016bns maigi att\u012bra matus un galvas \u0101du, pateicoties \u0101dai draudz\u012bg\u0101m sast\u0101vda\u013c\u0101m. Koncentr\u0113ts alvejas ekstrakts pastiprina mitrin\u0101\u0161anu un nodro\u0161ina nomierino\u0161u iedarb\u012bbu. L\u012bdzeklis piem\u0113rots jut\u012bgai \u0101dai, satur dab\u012bgas sast\u0101vda\u013cas un nesatur SLES, parab\u0113nus, naftas produktus, smar\u017evielu alerg\u0113nus, silikonus un kr\u0101svielas.<\/p>\n","protected":false},"featured_media":97310,"template":"","meta":[],"product_cat":[1251],"product_tag":[],"class_list":{"0":"post-97306","1":"product","2":"type-product","3":"status-publish","4":"has-post-thumbnail","6":"product_brand-florin_hu","7":"product_cat-sampunai","9":"first","10":"instock","11":"taxable","12":"shipping-taxable","13":"product-type-simple"},"_links":{"self":[{"href":"https:\/\/e.kosmolat.eu\/lv\/wp-json\/wp\/v2\/product\/97306","targetHints":{"allow":["GET"]}}],"collection":[{"href":"https:\/\/e.kosmolat.eu\/lv\/wp-json\/wp\/v2\/product"}],"about":[{"href":"https:\/\/e.kosmolat.eu\/lv\/wp-json\/wp\/v2\/types\/product"}],"wp:featuredmedia":[{"embeddable":true,"href":"https:\/\/e.kosmolat.eu\/lv\/wp-json\/wp\/v2\/media\/97310"}],"wp:attachment":[{"href":"https:\/\/e.kosmolat.eu\/lv\/wp-json\/wp\/v2\/media?parent=97306"}],"wp:term":[{"taxonomy":"product_cat","embeddable":true,"href":"https:\/\/e.kosmolat.eu\/lv\/wp-json\/wp\/v2\/product_cat?post=97306"},{"taxonomy":"product_tag","embeddable":true,"href":"https:\/\/e.kosmolat.eu\/lv\/wp-json\/wp\/v2\/product_tag?post=97306"}],"curies":[{"name":"wp","href":"https:\/\/api.w.org\/{rel}","templated":true}]}}