{"id":97298,"date":"2025-10-01T07:15:43","date_gmt":"2025-10-01T07:15:43","guid":{"rendered":"https:\/\/e.kosmolat.eu\/product\/dermaflora-dusas-zeleja-ar-msm-jut-adai-bez-smarzv-250-ml\/"},"modified":"2026-02-11T12:47:24","modified_gmt":"2026-02-11T12:47:24","slug":"dermaflora-dusas-zeleja-ar-msm-jut-adai-bez-smarzv-250-ml","status":"publish","type":"product","link":"https:\/\/e.kosmolat.eu\/lv\/product\/dermaflora-dusas-zeleja-ar-msm-jut-adai-bez-smarzv-250-ml\/","title":{"rendered":"Dermaflora Du\u0161as \u017eeleja ar MSM jut. \u0101dai, bez smar\u017ev., 250 ml"},"content":{"rendered":"<p>Pateicoties unik\u0101lajam sast\u0101vam, du\u0161as \u017eeleja maigi att\u012bra, baro un nomierina jut\u012bgu \u0101du. Akt\u012bv\u0101s sast\u0101vda\u013cas pasarg\u0101 to no dehidrat\u0101cijas un stiprina dabisk\u0101s aizsargfunkcijas. MSM, paz\u012bstams k\u0101 \u201cskaistuma miner\u0101ls\u201d, stimul\u0113 kolag\u0113na veido\u0161anos, pal\u012bdz saglab\u0101t \u0101das elast\u012bbu un atbalsta \u0161\u016bnu atjauno\u0161an\u0101s procesus. Alvejas ekstrakts mitrina un sniedz nomierino\u0161u efektu. L\u012bdzeklis ar augstu dab\u012bgo sast\u0101vda\u013cu saturu ir ide\u0101li piem\u0113rots jut\u012bgai \u0101dai.<\/p>\n<p>Nesatur smar\u017evielas, SLES, naftas produktus, parab\u0113nus un kr\u0101svielas.<\/p>\n","protected":false},"excerpt":{"rendered":"<p>Pateicoties unik\u0101lajam sast\u0101vam, du\u0161as \u017eeleja maigi att\u012bra, baro un nomierina jut\u012bgu \u0101du. Akt\u012bv\u0101s sast\u0101vda\u013cas pasarg\u0101 to no dehidrat\u0101cijas un stiprina dabisk\u0101s aizsargfunkcijas. MSM, paz\u012bstams k\u0101 \u201cskaistuma miner\u0101ls\u201d, stimul\u0113 kolag\u0113na veido\u0161anos, pal\u012bdz saglab\u0101t \u0101das elast\u012bbu un atbalsta \u0161\u016bnu atjauno\u0161an\u0101s procesus. Alvejas ekstrakts mitrina un sniedz nomierino\u0161u efektu. L\u012bdzeklis ar augstu dab\u012bgo sast\u0101vda\u013cu saturu ir ide\u0101li piem\u0113rots [&#8230;]\n","protected":false},"featured_media":97302,"template":"","meta":[],"product_cat":[1282],"product_tag":[],"class_list":{"0":"post-97298","1":"product","2":"type-product","3":"status-publish","4":"has-post-thumbnail","6":"product_brand-florin_hu","7":"product_cat-duso-geliai-ir-duso-aliejai","9":"first","10":"instock","11":"taxable","12":"shipping-taxable","13":"product-type-simple"},"_links":{"self":[{"href":"https:\/\/e.kosmolat.eu\/lv\/wp-json\/wp\/v2\/product\/97298","targetHints":{"allow":["GET"]}}],"collection":[{"href":"https:\/\/e.kosmolat.eu\/lv\/wp-json\/wp\/v2\/product"}],"about":[{"href":"https:\/\/e.kosmolat.eu\/lv\/wp-json\/wp\/v2\/types\/product"}],"wp:featuredmedia":[{"embeddable":true,"href":"https:\/\/e.kosmolat.eu\/lv\/wp-json\/wp\/v2\/media\/97302"}],"wp:attachment":[{"href":"https:\/\/e.kosmolat.eu\/lv\/wp-json\/wp\/v2\/media?parent=97298"}],"wp:term":[{"taxonomy":"product_cat","embeddable":true,"href":"https:\/\/e.kosmolat.eu\/lv\/wp-json\/wp\/v2\/product_cat?post=97298"},{"taxonomy":"product_tag","embeddable":true,"href":"https:\/\/e.kosmolat.eu\/lv\/wp-json\/wp\/v2\/product_tag?post=97298"}],"curies":[{"name":"wp","href":"https:\/\/api.w.org\/{rel}","templated":true}]}}