{"id":97290,"date":"2025-10-01T07:15:21","date_gmt":"2025-10-01T07:15:21","guid":{"rendered":"https:\/\/e.kosmolat.eu\/product\/dermaflora-dusas-zeleja-ar-alveju-visiem-adas-tipiem-250-ml\/"},"modified":"2026-04-10T09:37:06","modified_gmt":"2026-04-10T09:37:06","slug":"dermaflora-dusas-zeleja-ar-alveju-visiem-adas-tipiem-250-ml","status":"publish","type":"product","link":"https:\/\/e.kosmolat.eu\/lv\/product\/dermaflora-dusas-zeleja-ar-alveju-visiem-adas-tipiem-250-ml\/","title":{"rendered":"Dermaflora Du\u0161as \u017eeleja ar alveju visiem \u0101das tipiem, 250 ml"},"content":{"rendered":"<p>Pateicoties sav\u0101m \u012bpa\u0161aj\u0101m sast\u0101vda\u013c\u0101m, du\u0161as \u017eeleja maigi att\u012bra un kopj \u0101du. T\u0101 ir bag\u0101ta ar dab\u012bg\u0101m viel\u0101m, kas pal\u012bdz pasarg\u0101t \u0101du no sausuma. Koncentr\u0113tais alvejas ekstrakts mitrina un sniedz nomierino\u0161u iedarb\u012bbu.<\/p>\n<p>Nesatur SLES, parab\u0113nus, naftas produktus, smar\u017evielu aler\u0123enus un kr\u0101svielas.<\/p>\n","protected":false},"excerpt":{"rendered":"<p>Pateicoties sav\u0101m \u012bpa\u0161aj\u0101m sast\u0101vda\u013c\u0101m, du\u0161as \u017eeleja maigi att\u012bra un kopj \u0101du. T\u0101 ir bag\u0101ta ar dab\u012bg\u0101m viel\u0101m, kas pal\u012bdz pasarg\u0101t \u0101du no sausuma. Koncentr\u0113tais alvejas ekstrakts mitrina un sniedz nomierino\u0161u iedarb\u012bbu. Nesatur SLES, parab\u0113nus, naftas produktus, smar\u017evielu aler\u0123enus un kr\u0101svielas.<\/p>\n","protected":false},"featured_media":97294,"template":"","meta":[],"product_cat":[1282],"product_tag":[],"class_list":{"0":"post-97290","1":"product","2":"type-product","3":"status-publish","4":"has-post-thumbnail","6":"product_brand-florin_hu","7":"product_cat-duso-geliai-ir-duso-aliejai","9":"first","10":"instock","11":"taxable","12":"shipping-taxable","13":"product-type-simple"},"_links":{"self":[{"href":"https:\/\/e.kosmolat.eu\/lv\/wp-json\/wp\/v2\/product\/97290","targetHints":{"allow":["GET"]}}],"collection":[{"href":"https:\/\/e.kosmolat.eu\/lv\/wp-json\/wp\/v2\/product"}],"about":[{"href":"https:\/\/e.kosmolat.eu\/lv\/wp-json\/wp\/v2\/types\/product"}],"wp:featuredmedia":[{"embeddable":true,"href":"https:\/\/e.kosmolat.eu\/lv\/wp-json\/wp\/v2\/media\/97294"}],"wp:attachment":[{"href":"https:\/\/e.kosmolat.eu\/lv\/wp-json\/wp\/v2\/media?parent=97290"}],"wp:term":[{"taxonomy":"product_cat","embeddable":true,"href":"https:\/\/e.kosmolat.eu\/lv\/wp-json\/wp\/v2\/product_cat?post=97290"},{"taxonomy":"product_tag","embeddable":true,"href":"https:\/\/e.kosmolat.eu\/lv\/wp-json\/wp\/v2\/product_tag?post=97290"}],"curies":[{"name":"wp","href":"https:\/\/api.w.org\/{rel}","templated":true}]}}