{"id":97282,"date":"2025-10-01T07:15:00","date_gmt":"2025-10-01T07:15:00","guid":{"rendered":"https:\/\/e.kosmolat.eu\/product\/dermaflora-sampuns-ar-msm-jutigai-galvas-adai-bez-smarzv-250-ml\/"},"modified":"2026-04-20T11:40:24","modified_gmt":"2026-04-20T11:40:24","slug":"dermaflora-sampuns-ar-msm-jutigai-galvas-adai-bez-smarzv-250-ml","status":"publish","type":"product","link":"https:\/\/e.kosmolat.eu\/lv\/product\/dermaflora-sampuns-ar-msm-jutigai-galvas-adai-bez-smarzv-250-ml\/","title":{"rendered":"Dermaflora \u0160amp\u016bns ar MSM jut\u012bgai galvas \u0101dai, bez smar\u017ev., 250 ml"},"content":{"rendered":"<p>Pateicoties unik\u0101lajam sast\u0101vam, \u0161amp\u016bns maigi att\u012bra un baro matus un galvas \u0101du. Viela MSM, kas paz\u012bstama k\u0101 \u201cskaistuma miner\u0101ls\u201d, veicina \u0161\u016bnu atjauno\u0161anos, stimul\u0113 matu aug\u0161anu, stiprina tos un atjauno strukt\u016bru. Alvejas ekstrakts pastiprina mitrin\u0101\u0161anu un sniedz nomierino\u0161u iedarb\u012bbu. L\u012bdzeklis ar dab\u012bg\u0101m sast\u0101vda\u013c\u0101m ir ieteicams cilv\u0113kiem ar jut\u012bgu \u0101du.<\/p>\n<p>Nesatur smar\u017evielas, SLES, naftas produktus, parab\u0113nus un silikonus.<\/p>\n","protected":false},"excerpt":{"rendered":"<p>Pateicoties unik\u0101lajam sast\u0101vam, \u0161amp\u016bns maigi att\u012bra un baro matus un galvas \u0101du. Viela MSM, kas paz\u012bstama k\u0101 \u201cskaistuma miner\u0101ls\u201d, veicina \u0161\u016bnu atjauno\u0161anos, stimul\u0113 matu aug\u0161anu, stiprina tos un atjauno strukt\u016bru. Alvejas ekstrakts pastiprina mitrin\u0101\u0161anu un sniedz nomierino\u0161u iedarb\u012bbu. L\u012bdzeklis ar dab\u012bg\u0101m sast\u0101vda\u013c\u0101m ir ieteicams cilv\u0113kiem ar jut\u012bgu \u0101du. Nesatur smar\u017evielas, SLES, naftas produktus, parab\u0113nus un [&#8230;]\n","protected":false},"featured_media":97286,"template":"","meta":[],"product_cat":[1251],"product_tag":[],"class_list":{"0":"post-97282","1":"product","2":"type-product","3":"status-publish","4":"has-post-thumbnail","6":"product_brand-florin_hu","7":"product_cat-sampunai","9":"first","10":"instock","11":"taxable","12":"shipping-taxable","13":"product-type-simple"},"_links":{"self":[{"href":"https:\/\/e.kosmolat.eu\/lv\/wp-json\/wp\/v2\/product\/97282","targetHints":{"allow":["GET"]}}],"collection":[{"href":"https:\/\/e.kosmolat.eu\/lv\/wp-json\/wp\/v2\/product"}],"about":[{"href":"https:\/\/e.kosmolat.eu\/lv\/wp-json\/wp\/v2\/types\/product"}],"wp:featuredmedia":[{"embeddable":true,"href":"https:\/\/e.kosmolat.eu\/lv\/wp-json\/wp\/v2\/media\/97286"}],"wp:attachment":[{"href":"https:\/\/e.kosmolat.eu\/lv\/wp-json\/wp\/v2\/media?parent=97282"}],"wp:term":[{"taxonomy":"product_cat","embeddable":true,"href":"https:\/\/e.kosmolat.eu\/lv\/wp-json\/wp\/v2\/product_cat?post=97282"},{"taxonomy":"product_tag","embeddable":true,"href":"https:\/\/e.kosmolat.eu\/lv\/wp-json\/wp\/v2\/product_tag?post=97282"}],"curies":[{"name":"wp","href":"https:\/\/api.w.org\/{rel}","templated":true}]}}