{"id":97165,"date":"2025-09-25T09:46:38","date_gmt":"2025-09-25T09:46:38","guid":{"rendered":"https:\/\/e.kosmolat.eu\/?post_type=product&#038;p=97165"},"modified":"2026-03-01T07:28:31","modified_gmt":"2026-03-01T07:28:31","slug":"pasta-del-capitano-1905-balinosa-zobu-pasta-ar-sodu-75-ml","status":"publish","type":"product","link":"https:\/\/e.kosmolat.eu\/lv\/product\/pasta-del-capitano-1905-balinosa-zobu-pasta-ar-sodu-75-ml\/","title":{"rendered":"Pasta del Capitano 1905 Balino\u0161a zobu pasta ar sodu, 75 ml"},"content":{"rendered":"<p>Optim\u0101ls risin\u0101jums dabisk\u0101 zobu baltuma saglab\u0101\u0161anai. Satur Sulfetal Zn\u00ae molekulu ar cinka un n\u0101trija bikarbon\u0101ta att\u012bro\u0161o iedarb\u012bbu. Formula darbojas saudz\u012bgi, samazinot zobu iekr\u0101so\u0161anos, ko izraisa kafija, t\u0113ja un sarkanv\u012bns, lai j\u016bsu zobi vienm\u0113r b\u016btu balti un mirdzo\u0161i.<\/p>\n<p>Br\u012bdin\u0101jums: B\u0113rniem vecum\u0101 l\u012bdz se\u0161iem gadiem: lietot pastu zir\u0146a lielum\u0101 un t\u012br\u012bt zobus pieaugu\u0161\u0101 uzraudz\u012bb\u0101, lai samazin\u0101tu nor\u012b\u0161anas iesp\u0113ju. P\u0113c lieto\u0161anas cie\u0161i aizveriet t\u016bbi\u0146u. P\u0101rtrauciet lieto\u0161anu, ja rodas aler\u0123iska reakcija.<\/p>\n<p>Der\u012bguma termi\u0146\u0161 p\u0113c atv\u0113r\u0161anas ir nor\u0101d\u012bts m\u0113ne\u0161os un ir sp\u0113k\u0101, ja produkts tiek uzglab\u0101ts pareizi un tiek lietots paredz\u0113tajos apst\u0101k\u013cos.<\/p>\n","protected":false},"excerpt":{"rendered":"<p>Optim\u0101ls risin\u0101jums dabisk\u0101 zobu baltuma saglab\u0101\u0161anai. Satur Sulfetal Zn\u00ae molekulu ar cinka un n\u0101trija bikarbon\u0101ta att\u012bro\u0161o iedarb\u012bbu. Formula darbojas saudz\u012bgi, samazinot zobu iekr\u0101so\u0161anos, ko izraisa kafija, t\u0113ja un sarkanv\u012bns, lai j\u016bsu zobi vienm\u0113r b\u016btu balti un mirdzo\u0161i. Br\u012bdin\u0101jums: B\u0113rniem vecum\u0101 l\u012bdz se\u0161iem gadiem: lietot pastu zir\u0146a lielum\u0101 un t\u012br\u012bt zobus pieaugu\u0161\u0101 uzraudz\u012bb\u0101, lai samazin\u0101tu nor\u012b\u0161anas [&#8230;]\n","protected":false},"featured_media":97169,"template":"","meta":[],"product_cat":[1308],"product_tag":[],"class_list":{"0":"post-97165","1":"product","2":"type-product","3":"status-publish","4":"has-post-thumbnail","6":"product_brand-sale","7":"product_cat-dantu-pastos-ir-geliai","9":"first","10":"instock","11":"taxable","12":"shipping-taxable","13":"product-type-simple"},"_links":{"self":[{"href":"https:\/\/e.kosmolat.eu\/lv\/wp-json\/wp\/v2\/product\/97165","targetHints":{"allow":["GET"]}}],"collection":[{"href":"https:\/\/e.kosmolat.eu\/lv\/wp-json\/wp\/v2\/product"}],"about":[{"href":"https:\/\/e.kosmolat.eu\/lv\/wp-json\/wp\/v2\/types\/product"}],"wp:featuredmedia":[{"embeddable":true,"href":"https:\/\/e.kosmolat.eu\/lv\/wp-json\/wp\/v2\/media\/97169"}],"wp:attachment":[{"href":"https:\/\/e.kosmolat.eu\/lv\/wp-json\/wp\/v2\/media?parent=97165"}],"wp:term":[{"taxonomy":"product_cat","embeddable":true,"href":"https:\/\/e.kosmolat.eu\/lv\/wp-json\/wp\/v2\/product_cat?post=97165"},{"taxonomy":"product_tag","embeddable":true,"href":"https:\/\/e.kosmolat.eu\/lv\/wp-json\/wp\/v2\/product_tag?post=97165"}],"curies":[{"name":"wp","href":"https:\/\/api.w.org\/{rel}","templated":true}]}}