{"id":91770,"date":"2025-09-20T04:19:29","date_gmt":"2025-09-20T04:19:29","guid":{"rendered":"https:\/\/e.kosmolat.eu\/product\/revital-pro-sejas-mikstin-lidzsvaroj-visiem-adas-tip-200-ml\/"},"modified":"2025-09-20T04:19:44","modified_gmt":"2025-09-20T04:19:44","slug":"revital-pro-sejas-mikstin-lidzsvaroj-visiem-adas-tip-200-ml","status":"publish","type":"product","link":"https:\/\/e.kosmolat.eu\/lv\/product\/revital-pro-sejas-mikstin-lidzsvaroj-visiem-adas-tip-200-ml\/","title":{"rendered":"Revital Pro Sejas m\u012bkstin. l\u012bdzsvaroj. visiem \u0101das tip. , 200 ml"},"content":{"rendered":"<p>Revital Pro l\u012bdzsvarojo&scaron;s sejas \u0101das m\u012bkstin\u0101t\u0101js ir l\u012bdzeklis ar intens\u012bvu mitrino&scaron;u efektu, kas acumirkl\u012b atjauno lip\u012bdu barjeru un nomierina \u0101du. Sagatavo to n\u0101kamajam sejas kop&scaron;anas posmam, radot optim\u0101lus apst\u0101k\u013cus akt\u012bvo komponentu iek\u013c\u016b&scaron;anai \u0101d\u0101.<\/p>\n<ul>\n<li><strong>Retinols (A vitam\u012bns)<\/strong> stimul\u0113 &scaron;\u016bnu atjauno&scaron;anos. Tas pastiprina kolag\u0113na, elast\u012bna, lip\u012bdu un hialuronsk\u0101bes ra\u017eo&scaron;anu, izl\u012bdzina \u0101das mikroreljefu un uzlabo t\u0101s toni: \u0101da k\u013c\u016bst biez\u0101ka, elast\u012bg\u0101ka, samazin\u0101s grumbu dzi\u013cums un izl\u012bdzin\u0101s s\u012bk\u0101s krunci\u0146as.<\/li>\n<li><strong>Hialuronsk\u0101be<\/strong> uztur optim\u0101lu \u0101das hidrobalansu, pasarg\u0101jot to no sausuma un dehidrat\u0101cijas. Tai piem\u012bt t\u016bl\u012bt\u0113ja izl\u012bdzino&scaron;a un atjaunojo&scaron;a iedarb\u012bba.<\/li>\n<li><strong>Niacinam\u012bds (B3 vitam\u012bns)<\/strong> regul\u0113 sebuma izstr\u0101di, uzlabo \u0101das tonusu, tvirtumu un elast\u012bbu. Atjauno \u0101das barjerfunkcijas, mazinot lob\u012b&scaron;anos un dehidrat\u0101ciju.<\/li>\n<li><strong>Alvejas ekstrakts<\/strong> mitrina \u0101du, pies\u0101tinot to ar vitam\u012bniem un mikroelementiem, padara \u0101du tvirtu un elast\u012bgu, nomierina, piedal\u0101s &scaron;\u016bnu atjauno&scaron;an\u0101&scaron; proces\u0101, atjaunina un paaugstina \u0101das aizsarg\u0101jo&scaron;\u0101s \u012bpa&scaron;\u012bbas. Satur 97,8% dabiskas izcelsmes sast\u0101vda\u013cu.<\/li>\n<\/ul>\n<p>Satur A vitam\u012bnu. L\u016bgums pirms lieto&scaron;anas p\u0101rdom\u0101t savu dienas devu.<\/p>\n<p><strong>Lieto&scaron;ana: <\/strong>uzkl\u0101jiet l\u012bdzekli uz vates diska un maigi noslaukiet seju gar mas\u0101\u017eas l\u012bnij\u0101m. Lietojiet no r\u012bta un vakar\u0101 p\u0113c \u0101das att\u012br\u012b&scaron;anas.&nbsp;Maksim\u0101lam efektam lietojiet kop\u0101 ar citiem Revital Pro produktiem.<\/p>\n<p>Uzglab\u0101t temperat\u016br\u0101 no +5 &deg;\u0421 l\u012bdz +25 &deg;\u0421.<\/p>\n<p><strong>Der\u012bguma termi\u0146&scaron;:<\/strong> 36 m\u0113ne&scaron;i.<br \/>\n&nbsp;<\/p>\n","protected":false},"excerpt":{"rendered":"<p>Revital Pro l\u012bdzsvarojo&scaron;s sejas \u0101das m\u012bkstin\u0101t\u0101js ir l\u012bdzeklis ar intens\u012bvu mitrino&scaron;u efektu, kas acumirkl\u012b atjauno lip\u012bdu barjeru un nomierina \u0101du. Sagatavo to n\u0101kamajam sejas kop&scaron;anas posmam, radot optim\u0101lus apst\u0101k\u013cus akt\u012bvo komponentu iek\u013c\u016b&scaron;anai \u0101d\u0101. Retinols (A vitam\u012bns) stimul\u0113 &scaron;\u016bnu atjauno&scaron;anos. Tas pastiprina kolag\u0113na, elast\u012bna, lip\u012bdu un hialuronsk\u0101bes ra\u017eo&scaron;anu, izl\u012bdzina \u0101das mikroreljefu un uzlabo t\u0101s toni: \u0101da [&#8230;]\n","protected":false},"featured_media":91774,"template":"","meta":[],"product_cat":[1580],"product_tag":[],"class_list":{"0":"post-91770","1":"product","2":"type-product","3":"status-publish","4":"has-post-thumbnail","6":"product_brand-dilis-kosmetik_by","7":"product_cat-losjonai-ir-tonikai","9":"first","10":"outofstock","11":"taxable","12":"shipping-taxable","13":"product-type-simple"},"_links":{"self":[{"href":"https:\/\/e.kosmolat.eu\/lv\/wp-json\/wp\/v2\/product\/91770","targetHints":{"allow":["GET"]}}],"collection":[{"href":"https:\/\/e.kosmolat.eu\/lv\/wp-json\/wp\/v2\/product"}],"about":[{"href":"https:\/\/e.kosmolat.eu\/lv\/wp-json\/wp\/v2\/types\/product"}],"wp:featuredmedia":[{"embeddable":true,"href":"https:\/\/e.kosmolat.eu\/lv\/wp-json\/wp\/v2\/media\/91774"}],"wp:attachment":[{"href":"https:\/\/e.kosmolat.eu\/lv\/wp-json\/wp\/v2\/media?parent=91770"}],"wp:term":[{"taxonomy":"product_cat","embeddable":true,"href":"https:\/\/e.kosmolat.eu\/lv\/wp-json\/wp\/v2\/product_cat?post=91770"},{"taxonomy":"product_tag","embeddable":true,"href":"https:\/\/e.kosmolat.eu\/lv\/wp-json\/wp\/v2\/product_tag?post=91770"}],"curies":[{"name":"wp","href":"https:\/\/api.w.org\/{rel}","templated":true}]}}