{"id":91034,"date":"2025-09-20T03:34:06","date_gmt":"2025-09-20T03:34:06","guid":{"rendered":"https:\/\/e.kosmolat.eu\/product\/7days-b-colour-ds-acu-enu-palete-9-toni-01-black-mamba-9o1-g\/"},"modified":"2025-09-20T03:34:18","modified_gmt":"2025-09-20T03:34:18","slug":"7days-b-colour-ds-acu-enu-palete-9-toni-01-black-mamba-9o1-g","status":"publish","type":"product","link":"https:\/\/e.kosmolat.eu\/lv\/product\/7days-b-colour-ds-acu-enu-palete-9-toni-01-black-mamba-9o1-g\/","title":{"rendered":"7Days B.Colour DS Acu \u0113nu palete 9 to\u0146i\/ 01 Black mamba, 9\u00f51 g"},"content":{"rendered":"<p>Univers\u0101la palete ar 9 unik\u0101liem spilgtiem un neitr\u0101liem to\u0146iem. Augsti pigment\u0113tas, mat\u0113tas un mirdzo&scaron;as tekst\u016bras tur\u0101s visu dienu. Viegli uzkl\u0101jas un nebirst.<\/p>\n<p><strong>Lieto&scaron;ana:<\/strong> uzkl\u0101jiet \u0113nas ar otu vai pirkstu gali\u0146iem. Pirms \u0113nu uzkl\u0101&scaron;anas lietojiet praimeri.&nbsp;<\/p>\n<p><strong>Piesardz\u012bbas pas\u0101kumi:<\/strong> tikai \u0101r\u012bgai lieto&scaron;anai. Izvair\u012bties no iek\u013c\u016b&scaron;anas ac\u012bs. Ja nok\u013c\u016bst ac\u012bs, izskalot ar lielu daudzumu \u016bdens un v\u0113rsties pie \u0101rsta. Nelietot paaugstin\u0101tas jut\u012bbas gad\u012bjum\u0101 pret atsevi&scaron;\u0137\u0101m sast\u0101vda\u013c\u0101m. Sarg\u0101t no b\u0113rniem.<\/p>\n<p>Uzglab\u0101t temperat\u016br\u0101 no +5 &deg;\u0421 l\u012bdz +25 &deg;\u0421, sarg\u0101jot no tie&scaron;iem saules stariem.<br \/>\n&nbsp;<\/p>\n","protected":false},"excerpt":{"rendered":"<p>Univers\u0101la palete ar 9 unik\u0101liem spilgtiem un neitr\u0101liem to\u0146iem. Augsti pigment\u0113tas, mat\u0113tas un mirdzo&scaron;as tekst\u016bras tur\u0101s visu dienu. Viegli uzkl\u0101jas un nebirst. Lieto&scaron;ana: uzkl\u0101jiet \u0113nas ar otu vai pirkstu gali\u0146iem. Pirms \u0113nu uzkl\u0101&scaron;anas lietojiet praimeri.&nbsp; Piesardz\u012bbas pas\u0101kumi: tikai \u0101r\u012bgai lieto&scaron;anai. Izvair\u012bties no iek\u013c\u016b&scaron;anas ac\u012bs. Ja nok\u013c\u016bst ac\u012bs, izskalot ar lielu daudzumu \u016bdens un v\u0113rsties pie [&#8230;]\n","protected":false},"featured_media":91038,"template":"","meta":[],"product_cat":[1999],"product_tag":[],"class_list":{"0":"post-91034","1":"product","2":"type-product","3":"status-publish","4":"has-post-thumbnail","6":"product_brand-7days_it","7":"product_cat-bez-kategorijas","9":"first","10":"outofstock","11":"taxable","12":"shipping-taxable","13":"product-type-simple"},"_links":{"self":[{"href":"https:\/\/e.kosmolat.eu\/lv\/wp-json\/wp\/v2\/product\/91034","targetHints":{"allow":["GET"]}}],"collection":[{"href":"https:\/\/e.kosmolat.eu\/lv\/wp-json\/wp\/v2\/product"}],"about":[{"href":"https:\/\/e.kosmolat.eu\/lv\/wp-json\/wp\/v2\/types\/product"}],"wp:featuredmedia":[{"embeddable":true,"href":"https:\/\/e.kosmolat.eu\/lv\/wp-json\/wp\/v2\/media\/91038"}],"wp:attachment":[{"href":"https:\/\/e.kosmolat.eu\/lv\/wp-json\/wp\/v2\/media?parent=91034"}],"wp:term":[{"taxonomy":"product_cat","embeddable":true,"href":"https:\/\/e.kosmolat.eu\/lv\/wp-json\/wp\/v2\/product_cat?post=91034"},{"taxonomy":"product_tag","embeddable":true,"href":"https:\/\/e.kosmolat.eu\/lv\/wp-json\/wp\/v2\/product_tag?post=91034"}],"curies":[{"name":"wp","href":"https:\/\/api.w.org\/{rel}","templated":true}]}}