{"id":83642,"date":"2025-09-19T20:08:12","date_gmt":"2025-09-19T20:08:12","guid":{"rendered":"https:\/\/e.kosmolat.eu\/product\/cz-acu-plakstinu-krems-barosana-17-ml\/"},"modified":"2025-09-19T20:08:23","modified_gmt":"2025-09-19T20:08:23","slug":"cz-acu-plakstinu-krems-barosana-17-ml","status":"publish","type":"product","link":"https:\/\/e.kosmolat.eu\/lv\/product\/cz-acu-plakstinu-krems-barosana-17-ml\/","title":{"rendered":"CZ Acu plaksti\u0146u kr\u0113ms Baro\u0161ana, 17 ml"},"content":{"rendered":"<p>Intens\u012bva baro\u0161ana. Ekspress-kop\u0161ana pret m\u012bmikas grumbi\u0146\u0101m. Toniz\u0113 \u0101du un atsvaidzina t\u0101s izskatu. Iev\u0113rojami samazina piet\u016bkumus un tum\u0161us lokus. Kolag\u0113ns &ndash; nepiecie\u0161ama olbaltumviela \u0101dai, tas galvenais b\u016bvmateri\u0101ls. Acumirkl\u012b uzs\u016bcas. Neatst\u0101j taukainu pl\u0113vi. Ide\u0101ls lieto\u0161anai k\u0101 pamats zem makij\u0101\u017eas. Rekomend\u0113ts no 25 gadiem.<\/p>\n<p><strong>Lieto\u0161ana:<\/strong> no r\u012bta un vakar\u0101 viegl\u0101m kust\u012bb\u0101m uzkl\u0101jiet kr\u0113mu: no iek\u0161\u0113j\u0101 acs kakti\u0146a uz \u0101r\u0113jo acs kakti\u0146u, neuzkl\u0101jot to skropstu tuvum\u0101, lai izvair\u012btos no iek\u013c\u016b\u0161anas uz acs g\u013cot\u0101das. Paaugstin\u0101tas \u0101das jut\u012bbas gad\u012bjum\u0101 veikt individu\u0101l\u0101s nepanesam\u012bbas testu: uzkl\u0101t nelielu kr\u0113ma daudzumu uz apak\u0161\u0113j\u0101 plaksti\u0146a, vienm\u0113r\u012bgi izsm\u0113r\u0113t. Ja kairin\u0101jums nerodas 24h laik\u0101, lietojiet saska\u0146\u0101 ar lieto\u0161anas rekomend\u0101cij\u0101m.<\/p>\n<p>&nbsp;<\/p>\n<p>&nbsp;<\/p>\n","protected":false},"excerpt":{"rendered":"<p>Intens\u012bva baro\u0161ana. Ekspress-kop\u0161ana pret m\u012bmikas grumbi\u0146\u0101m. Toniz\u0113 \u0101du un atsvaidzina t\u0101s izskatu. Iev\u0113rojami samazina piet\u016bkumus un tum\u0161us lokus. Kolag\u0113ns &ndash; nepiecie\u0161ama olbaltumviela \u0101dai, tas galvenais b\u016bvmateri\u0101ls. Acumirkl\u012b uzs\u016bcas. Neatst\u0101j taukainu pl\u0113vi. Ide\u0101ls lieto\u0161anai k\u0101 pamats zem makij\u0101\u017eas. Rekomend\u0113ts no 25 gadiem. Lieto\u0161ana: no r\u012bta un vakar\u0101 viegl\u0101m kust\u012bb\u0101m uzkl\u0101jiet kr\u0113mu: no iek\u0161\u0113j\u0101 acs kakti\u0146a uz [&#8230;]\n","protected":false},"featured_media":83646,"template":"","meta":[],"product_cat":[1589],"product_tag":[],"class_list":{"0":"post-83642","1":"product","2":"type-product","3":"status-publish","4":"has-post-thumbnail","6":"product_brand-unilever-rus","7":"product_cat-1589","9":"first","10":"outofstock","11":"taxable","12":"shipping-taxable","13":"product-type-simple"},"_links":{"self":[{"href":"https:\/\/e.kosmolat.eu\/lv\/wp-json\/wp\/v2\/product\/83642","targetHints":{"allow":["GET"]}}],"collection":[{"href":"https:\/\/e.kosmolat.eu\/lv\/wp-json\/wp\/v2\/product"}],"about":[{"href":"https:\/\/e.kosmolat.eu\/lv\/wp-json\/wp\/v2\/types\/product"}],"wp:featuredmedia":[{"embeddable":true,"href":"https:\/\/e.kosmolat.eu\/lv\/wp-json\/wp\/v2\/media\/83646"}],"wp:attachment":[{"href":"https:\/\/e.kosmolat.eu\/lv\/wp-json\/wp\/v2\/media?parent=83642"}],"wp:term":[{"taxonomy":"product_cat","embeddable":true,"href":"https:\/\/e.kosmolat.eu\/lv\/wp-json\/wp\/v2\/product_cat?post=83642"},{"taxonomy":"product_tag","embeddable":true,"href":"https:\/\/e.kosmolat.eu\/lv\/wp-json\/wp\/v2\/product_tag?post=83642"}],"curies":[{"name":"wp","href":"https:\/\/api.w.org\/{rel}","templated":true}]}}