{"id":78152,"date":"2025-09-17T09:20:48","date_gmt":"2025-09-17T09:20:48","guid":{"rendered":"https:\/\/e.kosmolat.eu\/product\/sh-kompleksais-roku-un-nagu-krems-75-ml\/"},"modified":"2026-04-24T05:58:25","modified_gmt":"2026-04-24T05:58:25","slug":"sh-kompleksais-roku-un-nagu-krems-75-ml","status":"publish","type":"product","link":"https:\/\/e.kosmolat.eu\/lv\/product\/sh-kompleksais-roku-un-nagu-krems-75-ml\/","title":{"rendered":"SH Kompleksais roku un nagu kr\u0113ms, 75 ml"},"content":{"rendered":"<p>Satur miner\u0101lvielu kompleksu, k\u0101 ar\u012b A un E vitam\u012bnus. Kr\u0113ma \u012bpa\u0161\u0101 formula nodro\u0161ina nepiecie\u0161amo roku \u0101das baro\u0161anu un mitrin\u0101\u0161anu, pal\u012bdz stiprin\u0101t nagus un m\u012bkstina kutikulu. Silk Oil Elixir formula ar mikroe\u013c\u013c\u0101m un z\u012bda prote\u012bniem, bag\u0101tin\u0101ta ar miner\u0101lvielu kompleksu, pal\u012bdz nov\u0113rst ienad\u017eu veido\u0161anos un ilg\u0101k saglab\u0101t skaistu manik\u012bru. <\/p>\n<p>Lieto\u0161ana: uzkl\u0101jiet uz t\u012bras, sausas roku \u0101das un maigi iemas\u0113jiet, l\u012bdz kr\u0113ms piln\u012bb\u0101 uzs\u016bcas. Lietojiet p\u0113c nepiecie\u0161am\u012bbas. <\/p>\n<p>Br\u012bdin\u0101jums: satur A vitam\u012bnu. L\u016bgums pirms lieto\u0161anas p\u0101rdom\u0101t savu dienas devu.<\/p>\n","protected":false},"excerpt":{"rendered":"<p>Satur miner\u0101lvielu kompleksu, k\u0101 ar\u012b A un E vitam\u012bnus. Kr\u0113ma \u012bpa\u0161\u0101 formula nodro\u0161ina nepiecie\u0161amo roku \u0101das baro\u0161anu un mitrin\u0101\u0161anu, pal\u012bdz stiprin\u0101t nagus un m\u012bkstina kutikulu. Silk Oil Elixir formula ar mikroe\u013c\u013c\u0101m un z\u012bda prote\u012bniem, bag\u0101tin\u0101ta ar miner\u0101lvielu kompleksu, pal\u012bdz nov\u0113rst ienad\u017eu veido\u0161anos un ilg\u0101k saglab\u0101t skaistu manik\u012bru. Lieto\u0161ana: uzkl\u0101jiet uz t\u012bras, sausas roku \u0101das un [&#8230;]\n","protected":false},"featured_media":78156,"template":"","meta":[],"product_cat":[1302],"product_tag":[],"class_list":{"0":"post-78152","1":"product","2":"type-product","3":"status-publish","4":"has-post-thumbnail","6":"product_brand-private-label","7":"product_cat-roku-kopsanas-kosmetika","9":"first","10":"instock","11":"taxable","12":"shipping-taxable","13":"product-type-simple"},"_links":{"self":[{"href":"https:\/\/e.kosmolat.eu\/lv\/wp-json\/wp\/v2\/product\/78152","targetHints":{"allow":["GET"]}}],"collection":[{"href":"https:\/\/e.kosmolat.eu\/lv\/wp-json\/wp\/v2\/product"}],"about":[{"href":"https:\/\/e.kosmolat.eu\/lv\/wp-json\/wp\/v2\/types\/product"}],"wp:featuredmedia":[{"embeddable":true,"href":"https:\/\/e.kosmolat.eu\/lv\/wp-json\/wp\/v2\/media\/78156"}],"wp:attachment":[{"href":"https:\/\/e.kosmolat.eu\/lv\/wp-json\/wp\/v2\/media?parent=78152"}],"wp:term":[{"taxonomy":"product_cat","embeddable":true,"href":"https:\/\/e.kosmolat.eu\/lv\/wp-json\/wp\/v2\/product_cat?post=78152"},{"taxonomy":"product_tag","embeddable":true,"href":"https:\/\/e.kosmolat.eu\/lv\/wp-json\/wp\/v2\/product_tag?post=78152"}],"curies":[{"name":"wp","href":"https:\/\/api.w.org\/{rel}","templated":true}]}}