{"id":78144,"date":"2025-09-17T09:06:49","date_gmt":"2025-09-17T09:06:49","guid":{"rendered":"https:\/\/e.kosmolat.eu\/product\/sh-mitrinoss-roku-krems-75-ml\/"},"modified":"2026-04-24T05:58:12","modified_gmt":"2026-04-24T05:58:12","slug":"sh-mitrinoss-roku-krems-75-ml","status":"publish","type":"product","link":"https:\/\/e.kosmolat.eu\/lv\/product\/sh-mitrinoss-roku-krems-75-ml\/","title":{"rendered":"SH Mitrino\u0161s roku kr\u0113ms, 75 ml"},"content":{"rendered":"<p>Ar ol\u012bve\u013c\u013cu un hialuronu. Viegla tekst\u016bra, bez lip\u012bguma un taukainuma. Intens\u012bvi pies\u0101tina \u0101du ar mitrumu un nov\u0113r\u0161 sausumu visas dienas garum\u0101. Silk Oil Elixir formula ar mikroe\u013c\u013c\u0101m un z\u012bda prote\u012bniem pastiprina kr\u0113ma darb\u012bbu un aktiviz\u0113 \u0101das sp\u0113ju saglab\u0101t mitrumu. Regul\u0101ra roku kr\u0113ma lieto\u0161ana ne ret\u0101k k\u0101 2 reizes dien\u0101 kompens\u0113 zaud\u0113to mitrumu un pal\u0113nina t\u0101 zudumu. <\/p>\n<p>Lieto\u0161ana: uzkl\u0101jiet uz t\u012bras, sausas \u0101das, maigi iemas\u0113jot, l\u012bdz kr\u0113ms piln\u012bb\u0101 uzs\u016bcas. Lietojiet p\u0113c nepiecie\u0161am\u012bbas.<\/p>\n","protected":false},"excerpt":{"rendered":"<p>Ar ol\u012bve\u013c\u013cu un hialuronu. Viegla tekst\u016bra, bez lip\u012bguma un taukainuma. Intens\u012bvi pies\u0101tina \u0101du ar mitrumu un nov\u0113r\u0161 sausumu visas dienas garum\u0101. Silk Oil Elixir formula ar mikroe\u013c\u013c\u0101m un z\u012bda prote\u012bniem pastiprina kr\u0113ma darb\u012bbu un aktiviz\u0113 \u0101das sp\u0113ju saglab\u0101t mitrumu. Regul\u0101ra roku kr\u0113ma lieto\u0161ana ne ret\u0101k k\u0101 2 reizes dien\u0101 kompens\u0113 zaud\u0113to mitrumu un pal\u0113nina t\u0101 [&#8230;]\n","protected":false},"featured_media":78148,"template":"","meta":[],"product_cat":[1302],"product_tag":[],"class_list":{"0":"post-78144","1":"product","2":"type-product","3":"status-publish","4":"has-post-thumbnail","6":"product_brand-private-label","7":"product_cat-roku-kopsanas-kosmetika","9":"first","10":"instock","11":"taxable","12":"shipping-taxable","13":"product-type-simple"},"_links":{"self":[{"href":"https:\/\/e.kosmolat.eu\/lv\/wp-json\/wp\/v2\/product\/78144","targetHints":{"allow":["GET"]}}],"collection":[{"href":"https:\/\/e.kosmolat.eu\/lv\/wp-json\/wp\/v2\/product"}],"about":[{"href":"https:\/\/e.kosmolat.eu\/lv\/wp-json\/wp\/v2\/types\/product"}],"wp:featuredmedia":[{"embeddable":true,"href":"https:\/\/e.kosmolat.eu\/lv\/wp-json\/wp\/v2\/media\/78148"}],"wp:attachment":[{"href":"https:\/\/e.kosmolat.eu\/lv\/wp-json\/wp\/v2\/media?parent=78144"}],"wp:term":[{"taxonomy":"product_cat","embeddable":true,"href":"https:\/\/e.kosmolat.eu\/lv\/wp-json\/wp\/v2\/product_cat?post=78144"},{"taxonomy":"product_tag","embeddable":true,"href":"https:\/\/e.kosmolat.eu\/lv\/wp-json\/wp\/v2\/product_tag?post=78144"}],"curies":[{"name":"wp","href":"https:\/\/api.w.org\/{rel}","templated":true}]}}