{"id":78128,"date":"2025-09-17T07:06:46","date_gmt":"2025-09-17T07:06:46","guid":{"rendered":"https:\/\/e.kosmolat.eu\/product\/sh-barojoss-roku-krems-75-ml\/"},"modified":"2026-04-24T06:26:24","modified_gmt":"2026-04-24T06:26:24","slug":"sh-barojoss-roku-krems-75-ml","status":"publish","type":"product","link":"https:\/\/e.kosmolat.eu\/lv\/product\/sh-barojoss-roku-krems-75-ml\/","title":{"rendered":"SH Barojo\u0161s roku kr\u0113ms, 75 ml"},"content":{"rendered":"<p>Ar \u0161\u012b sviestu, provitam\u012bnu B5 un hialuronu. Intens\u012bvi izl\u012bdzina \u0101du, padara to maigu un m\u012bkstu, pie\u0161\u0137ir rok\u0101m koptu izskatu. Silk Oil Elixir formula ar mikroe\u013c\u013c\u0101m un z\u012bda prote\u012bniem, kas pastiprin\u0101ta ar hialuronu, dzi\u013ci mitrina, atjauno un nov\u0113r\u0161 5 probl\u0113mas, kas saist\u012btas ar \u0101das sausumu: savilkums, raupjums, lob\u012b\u0161an\u0101s, mitruma zudums, elast\u012bbas samazin\u0101\u0161an\u0101s. <\/p>\n<p>Lieto\u0161ana: uzkl\u0101jiet kr\u0113mu uz t\u012bras, sausas roku \u0101das, viegli iemas\u0113jot, l\u012bdz tas piln\u012bb\u0101 uzs\u016bcas. Lietojiet p\u0113c nepiecie\u0161am\u012bbas.<\/p>\n","protected":false},"excerpt":{"rendered":"<p>Ar \u0161\u012b sviestu, provitam\u012bnu B5 un hialuronu. Intens\u012bvi izl\u012bdzina \u0101du, padara to maigu un m\u012bkstu, pie\u0161\u0137ir rok\u0101m koptu izskatu. Silk Oil Elixir formula ar mikroe\u013c\u013c\u0101m un z\u012bda prote\u012bniem, kas pastiprin\u0101ta ar hialuronu, dzi\u013ci mitrina, atjauno un nov\u0113r\u0161 5 probl\u0113mas, kas saist\u012btas ar \u0101das sausumu: savilkums, raupjums, lob\u012b\u0161an\u0101s, mitruma zudums, elast\u012bbas samazin\u0101\u0161an\u0101s. Lieto\u0161ana: uzkl\u0101jiet kr\u0113mu uz [&#8230;]\n","protected":false},"featured_media":96314,"template":"","meta":[],"product_cat":[1302],"product_tag":[],"class_list":{"0":"post-78128","1":"product","2":"type-product","3":"status-publish","4":"has-post-thumbnail","6":"product_brand-private-label","7":"product_cat-roku-kopsanas-kosmetika","9":"first","10":"instock","11":"taxable","12":"shipping-taxable","13":"product-type-simple"},"_links":{"self":[{"href":"https:\/\/e.kosmolat.eu\/lv\/wp-json\/wp\/v2\/product\/78128","targetHints":{"allow":["GET"]}}],"collection":[{"href":"https:\/\/e.kosmolat.eu\/lv\/wp-json\/wp\/v2\/product"}],"about":[{"href":"https:\/\/e.kosmolat.eu\/lv\/wp-json\/wp\/v2\/types\/product"}],"wp:featuredmedia":[{"embeddable":true,"href":"https:\/\/e.kosmolat.eu\/lv\/wp-json\/wp\/v2\/media\/96314"}],"wp:attachment":[{"href":"https:\/\/e.kosmolat.eu\/lv\/wp-json\/wp\/v2\/media?parent=78128"}],"wp:term":[{"taxonomy":"product_cat","embeddable":true,"href":"https:\/\/e.kosmolat.eu\/lv\/wp-json\/wp\/v2\/product_cat?post=78128"},{"taxonomy":"product_tag","embeddable":true,"href":"https:\/\/e.kosmolat.eu\/lv\/wp-json\/wp\/v2\/product_tag?post=78128"}],"curies":[{"name":"wp","href":"https:\/\/api.w.org\/{rel}","templated":true}]}}