{"id":78115,"date":"2025-09-17T06:50:49","date_gmt":"2025-09-17T06:50:49","guid":{"rendered":"https:\/\/e.kosmolat.eu\/product\/sh-aizsargajoss-roku-krems-75-ml\/"},"modified":"2026-04-24T05:58:38","modified_gmt":"2026-04-24T05:58:38","slug":"sh-aizsargajoss-roku-krems-75-ml","status":"publish","type":"product","link":"https:\/\/e.kosmolat.eu\/lv\/product\/sh-aizsargajoss-roku-krems-75-ml\/","title":{"rendered":"SH Aizsarg\u0101jo\u0161s roku kr\u0113ms, 75 ml"},"content":{"rendered":"<p>Ar C vitam\u012bnu un bi\u0161u vasku. Aizsarg\u0101jo\u0161s roku kr\u0113ms ar Silk Oil Elixir formulu, kas bag\u0101tin\u0101ta ar C vitam\u012bnu, ir \u012bpa\u0161i izstr\u0101d\u0101ts nelabv\u0113l\u012bgiem apk\u0101rt\u0113j\u0101s vides faktoriem pak\u013caut\u0101s roku \u0101das papildu aizsardz\u012bbai. Kr\u0113ma p\u0101rkl\u0101jo\u0161\u0101 tekst\u016bra veido akt\u012bvu aizsargbarjeru, savuk\u0101rt barojo\u0161\u0101s sast\u0101vda\u013cas m\u012bkstina \u0101du un iev\u0113rojami uzlabo t\u0101s dabisk\u0101s aizsargfunkcijas. <\/p>\n<p>Lieto\u0161ana: ar viegl\u0101m mas\u0113jo\u0161\u0101m kust\u012bb\u0101m uzkl\u0101jiet kr\u0113mu uz t\u012bras, sausas roku \u0101das. Ieteicams lietot pirms izie\u0161anas \u0101r\u0101 un pirms sadz\u012bves \u0137\u012bmijas lieto\u0161anas. Nav saules aizsargl\u012bdzeklis.<\/p>\n","protected":false},"excerpt":{"rendered":"<p>Ar C vitam\u012bnu un bi\u0161u vasku. Aizsarg\u0101jo\u0161s roku kr\u0113ms ar Silk Oil Elixir formulu, kas bag\u0101tin\u0101ta ar C vitam\u012bnu, ir \u012bpa\u0161i izstr\u0101d\u0101ts nelabv\u0113l\u012bgiem apk\u0101rt\u0113j\u0101s vides faktoriem pak\u013caut\u0101s roku \u0101das papildu aizsardz\u012bbai. Kr\u0113ma p\u0101rkl\u0101jo\u0161\u0101 tekst\u016bra veido akt\u012bvu aizsargbarjeru, savuk\u0101rt barojo\u0161\u0101s sast\u0101vda\u013cas m\u012bkstina \u0101du un iev\u0113rojami uzlabo t\u0101s dabisk\u0101s aizsargfunkcijas. Lieto\u0161ana: ar viegl\u0101m mas\u0113jo\u0161\u0101m kust\u012bb\u0101m uzkl\u0101jiet kr\u0113mu [&#8230;]\n","protected":false},"featured_media":96318,"template":"","meta":[],"product_cat":[1302],"product_tag":[],"class_list":{"0":"post-78115","1":"product","2":"type-product","3":"status-publish","4":"has-post-thumbnail","6":"product_brand-private-label","7":"product_cat-roku-kopsanas-kosmetika","9":"first","10":"instock","11":"taxable","12":"shipping-taxable","13":"product-type-simple"},"_links":{"self":[{"href":"https:\/\/e.kosmolat.eu\/lv\/wp-json\/wp\/v2\/product\/78115","targetHints":{"allow":["GET"]}}],"collection":[{"href":"https:\/\/e.kosmolat.eu\/lv\/wp-json\/wp\/v2\/product"}],"about":[{"href":"https:\/\/e.kosmolat.eu\/lv\/wp-json\/wp\/v2\/types\/product"}],"wp:featuredmedia":[{"embeddable":true,"href":"https:\/\/e.kosmolat.eu\/lv\/wp-json\/wp\/v2\/media\/96318"}],"wp:attachment":[{"href":"https:\/\/e.kosmolat.eu\/lv\/wp-json\/wp\/v2\/media?parent=78115"}],"wp:term":[{"taxonomy":"product_cat","embeddable":true,"href":"https:\/\/e.kosmolat.eu\/lv\/wp-json\/wp\/v2\/product_cat?post=78115"},{"taxonomy":"product_tag","embeddable":true,"href":"https:\/\/e.kosmolat.eu\/lv\/wp-json\/wp\/v2\/product_tag?post=78115"}],"curies":[{"name":"wp","href":"https:\/\/api.w.org\/{rel}","templated":true}]}}