{"id":77992,"date":"2025-09-12T13:06:54","date_gmt":"2025-09-12T13:06:54","guid":{"rendered":"https:\/\/e.kosmolat.eu\/?post_type=product&#038;p=77992"},"modified":"2026-04-10T09:20:20","modified_gmt":"2026-04-10T09:20:20","slug":"viorica-kapsulas-fundament-adas-atjaunos-45-gab-x-045-ml","status":"publish","type":"product","link":"https:\/\/e.kosmolat.eu\/lv\/product\/viorica-kapsulas-fundament-adas-atjaunos-45-gab-x-045-ml\/","title":{"rendered":"Viorica Kapsulas fundament. \u0101das atjauno\u0161., 45 gab. x 0,45 ml"},"content":{"rendered":"<p>Koncentr\u0113ts serums kapsul\u0101s ar atskr\u016bv\u0113jamu uzgali<br \/>\nar 0,05% retin\u0101lu, keram\u012bdiem, pept\u012bdiem un E vitam\u012bnu fundament\u0101lai \u0101das atjauno\u0161anai.<\/p>\n<p>Produkta priek\u0161roc\u012bbas:<br \/>\n\u2022 Samazina grumbu dzi\u013cumu;<br \/>\n\u2022 Uzlabo \u0101das tonusu un elast\u012bbu;<br \/>\n\u2022 Izl\u012bdzina \u0101das toni;<br \/>\n\u2022 Stimul\u0113 \u0101das atjauno\u0161an\u0101s procesu;<br \/>\n\u2022 Stiprina \u0101das aizsargbarjeru.<\/p>\n<p>Lieto\u0161ana: atskr\u016bv\u0113jiet vai nogrieziet kapsulas uzgali, uzkl\u0101jiet vienas kapsulas saturu uz att\u012br\u012btas \u0101das vakar\u0101, viegli iemas\u0113jot un izvairoties no \u0101das ap ac\u012bm. Dienas laik\u0101 lietojiet saules aizsargl\u012bdzekli. Nelietojiet kop\u0101 ar citiem retino\u012bdiem. Lieto\u0161anas bie\u017eumu ieteicams piel\u0101got, ja par\u0101d\u0101s viegla tirp\u0161ana; p\u0101rtrauciet lieto\u0161anu, ja rodas sp\u0113c\u012bgs vai notur\u012bgs diskomforts.<\/p>\n<p>Br\u012bdin\u0101jums: satur A vitam\u012bnu. L\u016bgums pirms lieto\u0161anas p\u0101rdom\u0101t savu dienas devu. <\/p>\n<p>Uzglab\u0101t temperat\u016br\u0101 no +5 \u00b0\u0421 l\u012bdz +25 \u00b0\u0421, sarg\u0101jot no tie\u0161iem saules stariem.<\/p>\n","protected":false},"excerpt":{"rendered":"<p>Koncentr\u0113ts serums kapsul\u0101s ar atskr\u016bv\u0113jamu uzgali ar 0,05% retin\u0101lu, keram\u012bdiem, pept\u012bdiem un E vitam\u012bnu fundament\u0101lai \u0101das atjauno\u0161anai. Produkta priek\u0161roc\u012bbas: \u2022 Samazina grumbu dzi\u013cumu; \u2022 Uzlabo \u0101das tonusu un elast\u012bbu; \u2022 Izl\u012bdzina \u0101das toni; \u2022 Stimul\u0113 \u0101das atjauno\u0161an\u0101s procesu; \u2022 Stiprina \u0101das aizsargbarjeru. Lieto\u0161ana: atskr\u016bv\u0113jiet vai nogrieziet kapsulas uzgali, uzkl\u0101jiet vienas kapsulas saturu uz att\u012br\u012btas \u0101das [&#8230;]\n","protected":false},"featured_media":96354,"template":"","meta":[],"product_cat":[1325],"product_tag":[],"class_list":{"0":"post-77992","1":"product","2":"type-product","3":"status-publish","4":"has-post-thumbnail","6":"product_brand-viorica-cosmeplant_bg","7":"product_cat-serumi","9":"first","10":"instock","11":"taxable","12":"shipping-taxable","13":"product-type-simple"},"_links":{"self":[{"href":"https:\/\/e.kosmolat.eu\/lv\/wp-json\/wp\/v2\/product\/77992","targetHints":{"allow":["GET"]}}],"collection":[{"href":"https:\/\/e.kosmolat.eu\/lv\/wp-json\/wp\/v2\/product"}],"about":[{"href":"https:\/\/e.kosmolat.eu\/lv\/wp-json\/wp\/v2\/types\/product"}],"wp:featuredmedia":[{"embeddable":true,"href":"https:\/\/e.kosmolat.eu\/lv\/wp-json\/wp\/v2\/media\/96354"}],"wp:attachment":[{"href":"https:\/\/e.kosmolat.eu\/lv\/wp-json\/wp\/v2\/media?parent=77992"}],"wp:term":[{"taxonomy":"product_cat","embeddable":true,"href":"https:\/\/e.kosmolat.eu\/lv\/wp-json\/wp\/v2\/product_cat?post=77992"},{"taxonomy":"product_tag","embeddable":true,"href":"https:\/\/e.kosmolat.eu\/lv\/wp-json\/wp\/v2\/product_tag?post=77992"}],"curies":[{"name":"wp","href":"https:\/\/api.w.org\/{rel}","templated":true}]}}