{"id":77984,"date":"2025-09-12T10:53:17","date_gmt":"2025-09-12T10:53:17","guid":{"rendered":"https:\/\/e.kosmolat.eu\/product\/lady-baby-powder-amk-aprikozu-kerm-skrubis-500-ml\/"},"modified":"2026-04-23T08:27:52","modified_gmt":"2026-04-23T08:27:52","slug":"lady-baby-powder-amk-aprikozu-kerm-skrubis-500-ml","status":"publish","type":"product","link":"https:\/\/e.kosmolat.eu\/lv\/product\/lady-baby-powder-amk-aprikozu-kerm-skrubis-500-ml\/","title":{"rendered":"Lady Baby Powder AMK Apriko\u017eu \u0137erm. skrubis, 500 ml"},"content":{"rendered":"<p>Skrubim ir maiga formula, kas no\u0146em atmiru\u0161\u0101s \u0101das \u0161\u016bnas un pie\u0161\u0137ir \u0101dai svaigumu, maigumu un t\u012br\u012bbu.<\/p>\n<p>Lieto\u0161ana: uzkl\u0101jiet uz mitras vai sausas \u0101das ar maig\u0101m, ap\u013cveida kust\u012bb\u0101m un mas\u0113jiet vienu min\u016bti. R\u016bp\u012bgi noskalojiet ar siltu \u016bdeni. <\/p>\n<p>Piesardz\u012bbas pas\u0101kumi: tikai \u0101r\u012bgai lieto\u0161anai. Izvair\u012bties no saskares ar ac\u012bm. Ja nok\u013c\u016bst ac\u012bs, r\u016bp\u012bgi izskalot ar lielu daudzumu \u016bdens. Uzglab\u0101jiet b\u0113rniem nepieejam\u0101 viet\u0101 istabas temperat\u016br\u0101.<\/p>\n","protected":false},"excerpt":{"rendered":"<p>Skrubim ir maiga formula, kas no\u0146em atmiru\u0161\u0101s \u0101das \u0161\u016bnas un pie\u0161\u0137ir \u0101dai svaigumu, maigumu un t\u012br\u012bbu. Lieto\u0161ana: uzkl\u0101jiet uz mitras vai sausas \u0101das ar maig\u0101m, ap\u013cveida kust\u012bb\u0101m un mas\u0113jiet vienu min\u016bti. R\u016bp\u012bgi noskalojiet ar siltu \u016bdeni. Piesardz\u012bbas pas\u0101kumi: tikai \u0101r\u012bgai lieto\u0161anai. Izvair\u012bties no saskares ar ac\u012bm. Ja nok\u013c\u016bst ac\u012bs, r\u016bp\u012bgi izskalot ar lielu daudzumu \u016bdens. [&#8230;]\n","protected":false},"featured_media":96366,"template":"","meta":[],"product_cat":[1357],"product_tag":[],"class_list":{"0":"post-77984","1":"product","2":"type-product","3":"status-publish","4":"has-post-thumbnail","6":"product_brand-sora_tr","7":"product_cat-skrubji-un-pilingi-kermenim","9":"first","10":"instock","11":"taxable","12":"shipping-taxable","13":"product-type-simple"},"_links":{"self":[{"href":"https:\/\/e.kosmolat.eu\/lv\/wp-json\/wp\/v2\/product\/77984","targetHints":{"allow":["GET"]}}],"collection":[{"href":"https:\/\/e.kosmolat.eu\/lv\/wp-json\/wp\/v2\/product"}],"about":[{"href":"https:\/\/e.kosmolat.eu\/lv\/wp-json\/wp\/v2\/types\/product"}],"wp:featuredmedia":[{"embeddable":true,"href":"https:\/\/e.kosmolat.eu\/lv\/wp-json\/wp\/v2\/media\/96366"}],"wp:attachment":[{"href":"https:\/\/e.kosmolat.eu\/lv\/wp-json\/wp\/v2\/media?parent=77984"}],"wp:term":[{"taxonomy":"product_cat","embeddable":true,"href":"https:\/\/e.kosmolat.eu\/lv\/wp-json\/wp\/v2\/product_cat?post=77984"},{"taxonomy":"product_tag","embeddable":true,"href":"https:\/\/e.kosmolat.eu\/lv\/wp-json\/wp\/v2\/product_tag?post=77984"}],"curies":[{"name":"wp","href":"https:\/\/api.w.org\/{rel}","templated":true}]}}