{"id":77967,"date":"2025-08-29T04:01:00","date_gmt":"2025-08-29T04:01:00","guid":{"rendered":"https:\/\/e.kosmolat.eu\/product\/aroma-labora-caviar-st-krems-adai-ap-acim-15-ml\/"},"modified":"2026-05-09T01:48:11","modified_gmt":"2026-05-09T01:48:11","slug":"aroma-labora-caviar-st-krems-adai-ap-acim-15-ml","status":"publish","type":"product","link":"https:\/\/e.kosmolat.eu\/lv\/product\/aroma-labora-caviar-st-krems-adai-ap-acim-15-ml\/","title":{"rendered":"Aroma Labora Caviar ST Kr\u0113ms \u0101dai ap ac\u012bm, 15 ml"},"content":{"rendered":"<p>Kr\u0113ms nodro\u0161ina pilnv\u0113rt\u012bgu kop\u0161anu maigajai \u0101dai ap ac\u012bm. Viegl\u0101, z\u012bdain\u0101 tekst\u016bra ir bag\u0101tin\u0101ta ar ikru ekstraktu \u2014 aminosk\u0101bju, vitam\u012bnu, miner\u0101lvielu un prote\u012bnu avotu. A un E vitam\u012bniem piem\u012bt sp\u0113c\u012bgas antioksidanta \u012bpa\u0161\u012bbas, tie aizsarg\u0101 \u0101du no priek\u0161laic\u012bgas noveco\u0161an\u0101s. Kr\u0113ms \u0101tri ies\u016bcas, mitrina un samazina s\u012bko grumbi\u0146u redzam\u012bbu. To var lietot zem grima, lai izceltu dabisko \u0101das mirdzumu.<\/p>\n<p>Br\u012bdin\u0101jums: satur A vitam\u012bnu. L\u016bgums pirms lieto\u0161anas p\u0101rdom\u0101t savu dienas devu.<\/p>\n<p>Lieto\u0161ana: uzkl\u0101t katru dienu ar viegl\u0101m mas\u0113jo\u0161\u0101m kust\u012bb\u0101m uz att\u012br\u012btas un sausas \u0101das ap ac\u012bm. Lab\u0101kam rezult\u0101tam lietot kop\u0101 ar dienas un nakts kr\u0113mu Aroma Labora Caviar Skin therapy.<\/p>\n","protected":false},"excerpt":{"rendered":"<p>Kr\u0113ms nodro\u0161ina pilnv\u0113rt\u012bgu kop\u0161anu maigajai \u0101dai ap ac\u012bm. Viegl\u0101, z\u012bdain\u0101 tekst\u016bra ir bag\u0101tin\u0101ta ar ikru ekstraktu \u2014 aminosk\u0101bju, vitam\u012bnu, miner\u0101lvielu un prote\u012bnu avotu. A un E vitam\u012bniem piem\u012bt sp\u0113c\u012bgas antioksidanta \u012bpa\u0161\u012bbas, tie aizsarg\u0101 \u0101du no priek\u0161laic\u012bgas noveco\u0161an\u0101s. Kr\u0113ms \u0101tri ies\u016bcas, mitrina un samazina s\u012bko grumbi\u0146u redzam\u012bbu. To var lietot zem grima, lai izceltu dabisko \u0101das [&#8230;]\n","protected":false},"featured_media":96378,"template":"","meta":[],"product_cat":[1588],"product_tag":[],"class_list":{"0":"post-77967","1":"product","2":"type-product","3":"status-publish","4":"has-post-thumbnail","6":"product_brand-aroma-bg","7":"product_cat-acu-kremi","9":"first","10":"outofstock","11":"taxable","12":"shipping-taxable","13":"product-type-simple"},"_links":{"self":[{"href":"https:\/\/e.kosmolat.eu\/lv\/wp-json\/wp\/v2\/product\/77967","targetHints":{"allow":["GET"]}}],"collection":[{"href":"https:\/\/e.kosmolat.eu\/lv\/wp-json\/wp\/v2\/product"}],"about":[{"href":"https:\/\/e.kosmolat.eu\/lv\/wp-json\/wp\/v2\/types\/product"}],"wp:featuredmedia":[{"embeddable":true,"href":"https:\/\/e.kosmolat.eu\/lv\/wp-json\/wp\/v2\/media\/96378"}],"wp:attachment":[{"href":"https:\/\/e.kosmolat.eu\/lv\/wp-json\/wp\/v2\/media?parent=77967"}],"wp:term":[{"taxonomy":"product_cat","embeddable":true,"href":"https:\/\/e.kosmolat.eu\/lv\/wp-json\/wp\/v2\/product_cat?post=77967"},{"taxonomy":"product_tag","embeddable":true,"href":"https:\/\/e.kosmolat.eu\/lv\/wp-json\/wp\/v2\/product_tag?post=77967"}],"curies":[{"name":"wp","href":"https:\/\/api.w.org\/{rel}","templated":true}]}}