{"id":77963,"date":"2025-08-29T04:00:44","date_gmt":"2025-08-29T04:00:44","guid":{"rendered":"https:\/\/e.kosmolat.eu\/product\/aroma-labora-caviar-st-nakts-sejas-krems-50-ml\/"},"modified":"2026-04-17T06:18:44","modified_gmt":"2026-04-17T06:18:44","slug":"aroma-labora-caviar-st-nakts-sejas-krems-50-ml","status":"publish","type":"product","link":"https:\/\/e.kosmolat.eu\/lv\/product\/aroma-labora-caviar-st-nakts-sejas-krems-50-ml\/","title":{"rendered":"Aroma Labora Caviar ST Nakts sejas kr\u0113ms, 50 ml"},"content":{"rendered":"<p>Efekt\u012bva formula ar ikru ekstraktu, kas pal\u012bdz samazin\u0101t s\u012bk\u0101s grumbi\u0146as, baro un toniz\u0113 \u0101du. Ikru ekstrakts ir aminosk\u0101bju, vitam\u012bnu, miner\u0101lvielu un olbaltumvielu avots, kas mitrina, m\u012bkstina un izl\u012bdzina \u0101du, uzlabo t\u0101s elast\u012bbu un pie\u0161\u0137ir z\u012bdainu maigumu un gludumu. No r\u012bta \u0101da izskat\u0101s tvirt\u0101ka un svaig\u0101ka. Nesatur parab\u0113nus.<\/p>\n<p>Lieto\u0161ana: uzkl\u0101t katru vakaru ar viegl\u0101m mas\u0113jo\u0161\u0101m kust\u012bb\u0101m uz t\u012bras sejas un kakla \u0101das. Lai sasniegtu maksim\u0101lu rezult\u0101tu, lietot kop\u0101 ar Aroma Labora Caviar Skin Therapy dienas kr\u0113mu un kr\u0113mu \u0101dai ap ac\u012bm.<\/p>\n","protected":false},"excerpt":{"rendered":"<p>Efekt\u012bva formula ar ikru ekstraktu, kas pal\u012bdz samazin\u0101t s\u012bk\u0101s grumbi\u0146as, baro un toniz\u0113 \u0101du. Ikru ekstrakts ir aminosk\u0101bju, vitam\u012bnu, miner\u0101lvielu un olbaltumvielu avots, kas mitrina, m\u012bkstina un izl\u012bdzina \u0101du, uzlabo t\u0101s elast\u012bbu un pie\u0161\u0137ir z\u012bdainu maigumu un gludumu. No r\u012bta \u0101da izskat\u0101s tvirt\u0101ka un svaig\u0101ka. Nesatur parab\u0113nus. Lieto\u0161ana: uzkl\u0101t katru vakaru ar viegl\u0101m mas\u0113jo\u0161\u0101m kust\u012bb\u0101m [&#8230;]\n","protected":false},"featured_media":96374,"template":"","meta":[],"product_cat":[2181],"product_tag":[],"class_list":{"0":"post-77963","1":"product","2":"type-product","3":"status-publish","4":"has-post-thumbnail","6":"product_brand-aroma-bg","7":"product_cat-bez-kategorijas-lt","9":"first","10":"instock","11":"taxable","12":"shipping-taxable","13":"product-type-simple"},"_links":{"self":[{"href":"https:\/\/e.kosmolat.eu\/lv\/wp-json\/wp\/v2\/product\/77963","targetHints":{"allow":["GET"]}}],"collection":[{"href":"https:\/\/e.kosmolat.eu\/lv\/wp-json\/wp\/v2\/product"}],"about":[{"href":"https:\/\/e.kosmolat.eu\/lv\/wp-json\/wp\/v2\/types\/product"}],"wp:featuredmedia":[{"embeddable":true,"href":"https:\/\/e.kosmolat.eu\/lv\/wp-json\/wp\/v2\/media\/96374"}],"wp:attachment":[{"href":"https:\/\/e.kosmolat.eu\/lv\/wp-json\/wp\/v2\/media?parent=77963"}],"wp:term":[{"taxonomy":"product_cat","embeddable":true,"href":"https:\/\/e.kosmolat.eu\/lv\/wp-json\/wp\/v2\/product_cat?post=77963"},{"taxonomy":"product_tag","embeddable":true,"href":"https:\/\/e.kosmolat.eu\/lv\/wp-json\/wp\/v2\/product_tag?post=77963"}],"curies":[{"name":"wp","href":"https:\/\/api.w.org\/{rel}","templated":true}]}}