{"id":77959,"date":"2025-08-29T04:00:27","date_gmt":"2025-08-29T04:00:27","guid":{"rendered":"https:\/\/e.kosmolat.eu\/product\/aroma-labora-caviar-st-dienas-sejas-krems-spf-30-50-ml\/"},"modified":"2026-04-21T08:28:22","modified_gmt":"2026-04-21T08:28:22","slug":"aroma-labora-caviar-st-dienas-sejas-krems-spf-30-50-ml","status":"publish","type":"product","link":"https:\/\/e.kosmolat.eu\/lv\/product\/aroma-labora-caviar-st-dienas-sejas-krems-spf-30-50-ml\/","title":{"rendered":"Aroma Labora Caviar ST Dienas sejas kr\u0113ms SPF 30, 50 ml"},"content":{"rendered":"<p>Inovat\u012bva formula ar ikru ekstraktu un SPF 30, \u012bpa\u0161i rad\u012bta pretnoveco\u0161an\u0101s kop\u0161anai un s\u012bko grumbi\u0146u samazin\u0101\u0161anai. Ikru ekstrakts ir aminosk\u0101bju, vitam\u012bnu, miner\u0101lvielu un olbaltumvielu avots, kas intens\u012bvi mitrina, m\u012bkstina un izl\u012bdzina \u0101du, uzlabo t\u0101s elast\u012bbu un pie\u0161\u0137ir z\u012bdainu gludumu. SPF 30 nodro\u0161ina aizsardz\u012bbu pret kait\u012bgo UVA un UVB staru iedarb\u012bbu. Viegl\u0101, netaukain\u0101 tekst\u016bra \u0101tri uzs\u016bcas un ir piem\u0113rota lieto\u0161anai zem dekorat\u012bv\u0101s kosm\u0113tikas, pie\u0161\u0137irot \u0101dai dabisku mirdzumu. Nesatur parab\u0113nus.<\/p>\n<p>Lieto\u0161ana: uzkl\u0101t katru r\u012btu ar viegl\u0101m mas\u0113jo\u0161\u0101m kust\u012bb\u0101m uz att\u012br\u012btas sejas un kakla \u0101das. Lai sasniegtu maksim\u0101lu rezult\u0101tu, ieteicams lietot kop\u0101 ar Aroma Labora Caviar Skin Therapy nakts kr\u0113mu un kr\u0113mu \u0101dai ap ac\u012bm.<\/p>\n","protected":false},"excerpt":{"rendered":"<p>Inovat\u012bva formula ar ikru ekstraktu un SPF 30, \u012bpa\u0161i rad\u012bta pretnoveco\u0161an\u0101s kop\u0161anai un s\u012bko grumbi\u0146u samazin\u0101\u0161anai. Ikru ekstrakts ir aminosk\u0101bju, vitam\u012bnu, miner\u0101lvielu un olbaltumvielu avots, kas intens\u012bvi mitrina, m\u012bkstina un izl\u012bdzina \u0101du, uzlabo t\u0101s elast\u012bbu un pie\u0161\u0137ir z\u012bdainu gludumu. SPF 30 nodro\u0161ina aizsardz\u012bbu pret kait\u012bgo UVA un UVB staru iedarb\u012bbu. Viegl\u0101, netaukain\u0101 tekst\u016bra \u0101tri uzs\u016bcas [&#8230;]\n","protected":false},"featured_media":96370,"template":"","meta":[],"product_cat":[1322],"product_tag":[],"class_list":{"0":"post-77959","1":"product","2":"type-product","3":"status-publish","4":"has-post-thumbnail","6":"product_brand-aroma-bg","7":"product_cat-veido-kremai","9":"first","10":"instock","11":"taxable","12":"shipping-taxable","13":"product-type-simple"},"_links":{"self":[{"href":"https:\/\/e.kosmolat.eu\/lv\/wp-json\/wp\/v2\/product\/77959","targetHints":{"allow":["GET"]}}],"collection":[{"href":"https:\/\/e.kosmolat.eu\/lv\/wp-json\/wp\/v2\/product"}],"about":[{"href":"https:\/\/e.kosmolat.eu\/lv\/wp-json\/wp\/v2\/types\/product"}],"wp:featuredmedia":[{"embeddable":true,"href":"https:\/\/e.kosmolat.eu\/lv\/wp-json\/wp\/v2\/media\/96370"}],"wp:attachment":[{"href":"https:\/\/e.kosmolat.eu\/lv\/wp-json\/wp\/v2\/media?parent=77959"}],"wp:term":[{"taxonomy":"product_cat","embeddable":true,"href":"https:\/\/e.kosmolat.eu\/lv\/wp-json\/wp\/v2\/product_cat?post=77959"},{"taxonomy":"product_tag","embeddable":true,"href":"https:\/\/e.kosmolat.eu\/lv\/wp-json\/wp\/v2\/product_tag?post=77959"}],"curies":[{"name":"wp","href":"https:\/\/api.w.org\/{rel}","templated":true}]}}