{"id":77955,"date":"2025-08-28T04:02:48","date_gmt":"2025-08-28T04:02:48","guid":{"rendered":"https:\/\/e.kosmolat.eu\/product\/mill-soft-wave-gludinamais-skidrums-apgerbiem-500-ml\/"},"modified":"2026-04-15T10:49:34","modified_gmt":"2026-04-15T10:49:34","slug":"mill-soft-wave-gludinamais-skidrums-apgerbiem-500-ml","status":"publish","type":"product","link":"https:\/\/e.kosmolat.eu\/lv\/product\/mill-soft-wave-gludinamais-skidrums-apgerbiem-500-ml\/","title":{"rendered":"Mill Soft Wave Gludin\u0101mais \u0161\u0137idrums ap\u0123\u0113rbiem, 500 ml"},"content":{"rendered":"<p>\u0100trs un praktisks veids, k\u0101 atbr\u012bvoties no krok\u0101m uz ap\u0123\u0113rba un audumiem bez tradicion\u0101l\u0101s gludek\u013ca lieto\u0161anas. Efekt\u012bvi izl\u012bdzina krokas, nodro\u0161inot redzamu gludin\u0101\u0161anas efektu.<\/p>\n<p>Lieto\u0161ana: vienm\u0113r\u012bgi izsmidziniet l\u012bdzekli uz ap\u0123\u0113rba. Atkar\u012bb\u0101 no materi\u0101la veida to viegli izstiepiet un pakariniet uz pakaram\u0101 vai izl\u012bdziniet ar rok\u0101m uz l\u012bdzenas virsmas. Atst\u0101jiet l\u012bdz no\u017e\u016b\u0161anai. Atst\u0101j pat\u012bkamu arom\u0101tu. Nov\u0113r\u0161 statisk\u0101s elektr\u012bbas veido\u0161anos. Satur prote\u012bnus, kas kopj audu \u0161\u0137iedras.<\/p>\n<p>Piesardz\u012bbas pas\u0101kumi: uzglab\u0101t saus\u0101, v\u0113s\u0101 viet\u0101 temperat\u016br\u0101 no +5 \u00b0C l\u012bdz +35 \u00b0C. Ja l\u012bdzeklis tiek izsmidzin\u0101ts uz gr\u012bdas, virsma k\u013c\u016bst slidena. Pirms lieto\u0161anas ieteicams p\u0101rbaud\u012bt l\u012bdzekli uz neliela auduma laukuma.<\/p>\n<p>Sast\u0101v\u0101: maz\u0101k par 5 %  nejonu virsmakt\u012bvo vielu. Smar\u017eas un arom\u0101tisk\u0101s kompoz\u012bcijas\/ Hexyl Cinnamal, Butylphenyl Methylpropional, Pogostemon Cablin Oil, Citrus Aurantium Peel Oil, Limonene, Benzyl Salicylate,  Alpha-Isomethyl Ionone. Konservanti: Sodium Benzoate, Potassium Sorbate.<\/p>\n<p>EUH208 Satur: 2-(4-terc-butilbenzil) propionaldeh\u012bds, benzilsalicil\u0101ts, limon\u0113ns, hexyl cinnamal. Var izrais\u012bt aler\u0123isku reakciju.<br \/>\nDro\u0161\u012bbas pras\u012bbu apz\u012bm\u0113jumi:<br \/>\nP102 Sarg\u0101t no b\u0113rniem.<br \/>\nP305+P351+P338 SASKAR\u0112 AR AC\u012aM: Uzman\u012bgi izskalot ar \u016bdeni vair\u0101kas min\u016btes. Iz\u0146emt kontaktl\u0113cas, ja t\u0101s ir ievietotas un ja to var vienk\u0101r\u0161i izdar\u012bt. Turpin\u0101t skalot.<\/p>\n","protected":false},"excerpt":{"rendered":"<p>\u0100trs un praktisks veids, k\u0101 atbr\u012bvoties no krok\u0101m uz ap\u0123\u0113rba un audumiem bez tradicion\u0101l\u0101s gludek\u013ca lieto\u0161anas. Efekt\u012bvi izl\u012bdzina krokas, nodro\u0161inot redzamu gludin\u0101\u0161anas efektu. Lieto\u0161ana: vienm\u0113r\u012bgi izsmidziniet l\u012bdzekli uz ap\u0123\u0113rba. Atkar\u012bb\u0101 no materi\u0101la veida to viegli izstiepiet un pakariniet uz pakaram\u0101 vai izl\u012bdziniet ar rok\u0101m uz l\u012bdzenas virsmas. Atst\u0101jiet l\u012bdz no\u017e\u016b\u0161anai. Atst\u0101j pat\u012bkamu arom\u0101tu. Nov\u0113r\u0161 statisk\u0101s [&#8230;]\n","protected":false},"featured_media":96150,"template":"","meta":[],"product_cat":[1710],"product_tag":[],"class_list":{"0":"post-77955","1":"product","2":"type-product","3":"status-publish","4":"has-post-thumbnail","6":"product_brand-madonis_pl","7":"product_cat-velas-kondicionieri","9":"first","10":"instock","11":"taxable","12":"shipping-taxable","13":"product-type-simple"},"_links":{"self":[{"href":"https:\/\/e.kosmolat.eu\/lv\/wp-json\/wp\/v2\/product\/77955","targetHints":{"allow":["GET"]}}],"collection":[{"href":"https:\/\/e.kosmolat.eu\/lv\/wp-json\/wp\/v2\/product"}],"about":[{"href":"https:\/\/e.kosmolat.eu\/lv\/wp-json\/wp\/v2\/types\/product"}],"wp:featuredmedia":[{"embeddable":true,"href":"https:\/\/e.kosmolat.eu\/lv\/wp-json\/wp\/v2\/media\/96150"}],"wp:attachment":[{"href":"https:\/\/e.kosmolat.eu\/lv\/wp-json\/wp\/v2\/media?parent=77955"}],"wp:term":[{"taxonomy":"product_cat","embeddable":true,"href":"https:\/\/e.kosmolat.eu\/lv\/wp-json\/wp\/v2\/product_cat?post=77955"},{"taxonomy":"product_tag","embeddable":true,"href":"https:\/\/e.kosmolat.eu\/lv\/wp-json\/wp\/v2\/product_tag?post=77955"}],"curies":[{"name":"wp","href":"https:\/\/api.w.org\/{rel}","templated":true}]}}