{"id":77947,"date":"2025-08-28T04:02:17","date_gmt":"2025-08-28T04:02:17","guid":{"rendered":"https:\/\/e.kosmolat.eu\/product\/mill-universals-attaukosanas-lidzeklis-555-ml\/"},"modified":"2026-04-09T13:40:13","modified_gmt":"2026-04-09T13:40:13","slug":"i_mill-universals-attaukosanas-lidzeklis-555-ml","status":"publish","type":"product","link":"https:\/\/e.kosmolat.eu\/lv\/product\/i_mill-universals-attaukosanas-lidzeklis-555-ml\/","title":{"rendered":"I_Mill Univers\u0101ls attauko\u0161anas l\u012bdzeklis, 555 ml"},"content":{"rendered":"<p>Univers\u0101ls l\u012bdzeklis lieto&scaron;anai m\u0101j\u0101s, gar\u0101\u017e\u0101 un darbn\u012bc\u0101. Efekt\u012bvi no\u0146em taukainus un gr\u016bti not\u012br\u0101mus traipus no cepe&scaron;kr\u0101sns, grila, kam\u012bna, tvaika nos\u016bc\u0113ja, fl\u012bz\u0113m un ap\u0123\u0113rba.<\/p>\n<p><strong>Lieto&scaron;ana:<\/strong> izsmidziniet nepiecie&scaron;amo l\u012bdzek\u013ca daudzumu tie&scaron;i uz traipa, viegli paberz\u0113jiet un noskalojiet ar t\u012bru \u016bdeni. Pirms lieto&scaron;anas p\u0101rbaudiet l\u012bdzekli uz neliela auduma laukuma. Izmantot telp\u0101s ar piek\u013cuvi svaigam gaisam.<\/p>\n<p><strong>Sast\u0101v\u0101:<\/strong> maz\u0101k par 5 % fosf\u0101tu, maz\u0101k par 5 % anjonu virsmakt\u012bvo vielu, maz\u0101k par 5 % nejonu virsmakt\u012bvo vielu, maz\u0101k par 5 % n\u0101trija hidroks\u012bdu, maz\u0101k par 5 % din\u0101trija metasilik\u0101tu, maz\u0101k par 5 % EDTA un t\u0101s s\u0101\u013cu. Smar\u017eas un arom\u0101tisk\u0101s kompoz\u012bcijas\/ Limonene.<\/p>\n<p>&nbsp;<\/p>\n<p><img decoding=\"async\" alt=\"\" src=\"data:image\/png;base64,iVBORw0KGgoAAAANSUhEUgAAAD0AAAA6CAYAAAF0YGHHAAAAAXNSR0IArs4c6QAAAARnQU1BAACxjwv8YQUAAAAJcEhZcwAAFxEAABcRAcom8z8AAA+ESURBVFhH3ZkJcFRVuoCpeTD1yueUlr55U\/PeSJWgMBqfIIsEkiZ7upPudGcjexoCSSAbYYdIZCtQBERWYQRRcGQphBlE8gQ1AZ4OkUVGIiCghj0g6X25t+\/t7n\/O\/\/fpLGQhCQnD+FV1dfc9+z3nX0+vTmEcPQQQ1\/vvBPBHjRiGDaRCP6650xfxItZy6LP8sY\/Kykr6lsem1lAF58rXYcmSJfRB3n33XfoG5SigCohZG+57yJFVwW5e1Ihx+B+pUIgPP80ftcQ1PmUx\/9kFsHvj8OcaJ+bnxuzJfWlwjnHowMZKQuHYPHxYW1tLhUhBQQFYklS+Si5lkKfpO8jJyYHFixeDfPZMYy+iJryaSjnCxjUt5+EYEzsVC83+rlvDXJDRj\/\/sGMaQoWAMfAFMAI\/zR\/eGzaI3Nrob4+BnQFy6JJFXa4lUmBNs5Gdq06ZNEBUVBbm5uVBcXAzDhw+nV4eYwoaDu2TCR7wZW3xWwvumyEAqRL788kvQ6XT8n4\/XXnsNnn76aerQj33OFBBmlWzl3bAZxCpu2Yon8OK2cR3YB96okW2\/aTE+aouJy05TbNMLwaULt\/Jq98aclqAyDO4PpohAEFI0e\/njzuHKzazkPzuHlBh1zZqfBRA7uu21toYUM9rlWL6I1uw+fxagvZfVFIhRgPjxHmrox2M0gBw+vP0OICYY5NMneJO7kCRwsKPMqzYHIkeA5+fbYDabYcOGDaBWq6lNWloahIWFgV6vp\/+WuztwsSmB2w0ejwdu3boFTqeTKvrRarWwbNkyOHr0KP03+TuwsvPblE8++YT\/amTAgAFQVFREHz9mfwdGxWD49ty5BvWJH1QbfpRKJfzwww8wd+5c+o8K0l4+dRA1Royhw6jgXhgCA8CydeuTvFkjKILtYQwe3P52WcNf5lWbgxqHV2kfIYJ14JZ5M59S4EUdwxsVCB5DPdjYTPijzoEHh\/\/sXgRtRA294LgwXNmv+eOeRdSEWtDa2+fNovcpHz9G5wZUQeCtqvgDr9a9uONCwTjqRXBuXk+D3o372hVmNvqDN2IEOFcuUfBmXcdUWvo4KIPAOCIAXIc\/58O0j1dwApolkQmNtPjVQt5VxzGWzXgRFaDxpWdpReeY6J45c4bEdvz48TBz5kz44IMPSPug6Tpw4AAsWLAAysrK4O2334aPPvqIJoJG1c7kQ5xR\/CfedduIeZlaNzviaDy8FjN1gFgsFvjwww\/5v7bBekh4eDjs3r0bZs+eTf\/NymAwhQ4FOT\/zMB+qEXt2\/DwnU4vGkf9LlZuCuvTQoUPUmUaj4U9bx2g0wtmzZyE\/P79BfTbFMj6dNIWUmXCVD40WgO0r0zvO9\/5ElTZu3Ijy2fAJDQ2FwMDAZs+akpCQQPp6zpw59D8rixm+VnBfriU3D5jHwfpojkulcBhQjOZO49U7j9fr5b8akU5wcWTe8a2yst\/x4VpHUodeMrHTah03hjfvGuL2rWAMGkTm33vw4H\/w7juGUxtZYWFazMTErTPYF8wBVESO6FEi76rryEmq1+xMwaPv3h7WvEx2qpl868Ku8KbdhyVFrZeYBjMOGQBel8iHZKLEXquZvSExOeYYr9pz3MlOGwbRgUyJBICdDWpPUa\/mRQ+G63OKnpSbRogPAlv5rACIHgnWkCEgzix+mz\/uWawFOSFe5hwYRzwPZm0EWJi6lCbn7eHFPYMpJzlZZhqJzKXN6jtgqmAws1Mt52cf5dW6F2mifqILxWvIM6i2aFA\/5kQV09HDwD0hzRfwdxdSVmI5GhkTGZmWqhJBeUYDIWfprvFm94eYoV1rR8vGvJV7YSud6LNOY+IsvHnXELLid1vChrHgr3VnuTXs8+eAQfESiElKmXfTOVjDI3hozElK3mXHcW5YRSbYq4tsaRrbwxEfdRZdXku6ljo6cuQI7Nixg2wxBmKvvPIKuUqZmZlw4cIFWL58OXkk6EIdPHgQbv58B8QP3vVZK5\/b3Id33TZSkvIq7pN1YjYNiqSnp8PmzZsp1xAXF0dBHPpgGE6NGzeOosOAgABQqVTkLGDUiEgV+8g\/A3UI3Dl\/\/jd8iJa4NaH15Ge\/OpMa+omMjASXy8X\/tc5XX33FQlmJVo\/R5hdffAGiKIJ8ohqMLzMLx+TdsWvX\/\/ChGpHVCsE4+iWwL13Au2IiYvUpidTUVPq+c+cOfbdGdXU1pKSkQE1NDVRUVNBW+JFr\/s7cY+aZMA\/XtXPbC3xI9no1Id7WnPstW7aQi9u3b1+IiIi456rLy8vJY8VXXV9fz5\/68FypBcOQZwGYhNg2rfpdLwxXjOz4S1WHeJXmPProo\/TdngeKwTyeg+zsbBg4cCA5koWFhfDTTz\/xGj68bAuMo5gS0oRCL0eycjl5Giyy8MNeQsPnscceo0F79+7d8CwkJITXZHJrt0NGRgYsWrSITvhbb70Fp06d4qXNseZnU7xrz0pcw\/phZi4pdioGxJQ9k6VmiYHWPtu3b+dd+cC9f+qpp8gFvnLlCuzbtw\/y8vLg2rVrvAbzuZNjfJm3+IhqGtSPLUWdKaG5w324x162B+ZR7sYcoyC\/TEyK+RsfrjlypibCw8Ic40vPgKf+Z97s\/jAxXw2zAlKqehcfpnXM2Uk+n2roAHD\/eJE37xqoPGzs9TpT4jrml93O0\/cHJYsqWVQgf\/ct76YTsNeN58XODIxlbPJS3m3HuFlS8ltQjQID86ul\/\/dl9jsE01Y4YYkdVmF82iTeXee4MX\/+IxjsGZgDIO7ZwXtuG6\/JQG6RzPbVMkmv5d10jfkAv6JIk1kagVmctvBcvUwSgYlL25S8SN78\/pGUwR6DYjA4Vr7Oh2rEff5cQ5ToLSt5njfpPqSYIDtZLxak+ZG\/\/groKoj52fXzZ\/VMpgiR1Io6tNe2mSUgVR4ikcEsHin+noZZswtGJp\/o3oB6NNw4efIRXtTzyLqwY+zV3388\/KAQ5s\/p506LPQbs9Hs0YeCaXbqcHZVf8eJfFuai8cPkxKgLKACYWce4D9WDlcV96A8Kk\/P\/fN7rbdsn\/FfCPqNQJWnD6yjAZYvF\/KJtegF4HXaQvzxCxhMF04yLj2H+aIH+kP3Ekd\/z5v9aWHLS9ZIuzC5h5MfUHtpLx8Iy8DIzdjfyyWowJ0STKsQEKUSPAjkv86R4YO8A3t3DjZSRMFWKGe1BR9LAtBx6NRjQNb1laQv3Tz+w2E1Hvjjec2Fu1J2TclHavHEY7\/7hAU24PC7ldTyemAozMFnFtJjw5y18OZ3DU3eTYkg8HWifPOy0uDN0dcJbK5R8yH8eNz7++BEpLW4L2iy8eDQw5YQyKh74K5\/+\/eE1GcFePoNu91FEJOZOulNirfZli\/R8Cg8O665dv3WNUVag\/4O5ZwPzhfDCQmKy2SPIMjiWLiRRwahTwIuR+Ei3OG\/2TD6lnuP2jBn9xTGaajQ7GCOh44dJG\/e5Gj67lmD24Pz583TNhFdO77zzDhw7dozK8KJlypQpsHTpUti2bRvs2bOHympra1uNzRBh03owMW1vDHqRbthBFwH2mZPfrALozafZPTim5A+T4iMu0WLZQBjvWSfqwX25MSavqTkDCoUCVq1aBevXr6cot6qqihZss9komsXFXLx4ESZNmgRvvvkmFBcXw7p16yghcfnyZYp+L126RHWvX78Ohw8fhv3798OKFSsgOTkZbt68yUdjse7He8A0iukOFodYcfGaUJCm5m+7DfAon3bXEIpzIt3Mxnq4jcXF2krzmt3jNQWzYn369IFBgwZRmgYzJitXrqSJ42LwOq2tHXQ4HHD79m345ptv6CW88cYbdCEZFRUFTzzxBJSWlvKaPuysPvYkff5\/pEcMTHFightiFeAu0B+A77\/\/T76MjuEcm5wpacMcEou4MXGJx9hONlbwjdgKJ06coATK1q1b+ZOug6cAM3tFRUX0H9NTOp2Odj83N5duYktKSqjMj3zyazDrIpnG\/6PP1jN9487N\/FqoqOjvW1UbOPRJU12q4OY2duNqpkZb7o4gCJT3\/PZbX3CPx3by5MmUA\/vss8+o7NNPP6WyziIzxbV27VpKca5Zs4Z+BwUFUWYxOjqanrUF2fo0LV1n4elEWy+PS77g2L61ua13jEtd4bexGDZhrkzYtpl30zY\/\/vgj9OvXj66e8UiijOr1ekqhoax2lePHj9OOYi5v586dpNzwuGNG7OrVq7xW+3huXgdrwTh2Sp8jpQtMRF2T89b5FpyqeR\/dPiuzgZhuNUWNBHH\/X3jTRr777jvK76GiWr16NX38SgtzgHhNjlRWVtJONK2HH1RGe\/fupTp343a7qR2maHEnUZtjohoz6qjtMd2LShDBjCpqfcy0Y9KzPbz1d8A2rZAuQNCPwIyfmJuxlhaOWBNV8yRVsNeJSVDc7ZefA+e6lbw5wIYNGxoSn1394BFtDbwxP336NIwZMwZGjhxJ2fuxY8fScfZr7Lq6uoZUMyZbccdR+bWGh1kVSwZ3Z3GXowLBHh91xTZ90n+xebRESFPnSbFBggujH7bzqLHtS17F7eBd9iy4MBQNVGLz5s2DhQsXkhWYNm0aafD33nuPrjDQDOLLaop86jiYE5XkvuJ1NEZ2YrKy2lo+6zm+vPYRM7VaOVZR70ZzxewgvjXbrBLwsCPzsCEd+RxMeE0a+Dx5iBCjAFti9D7HG\/P\/my+nczgzkxSSOuQq5YHRVjONbpmQDp7bdXzIfx6uT\/4KJhTFkS\/4FqsKBiFDu4t5Rd3jnRn1SS861CFnyStDLc923pwaB+6L3\/MpPDiEzcwVZZ4YuqKog1xMETsy41ewon\/j0+1ebuRn9xU04UcwCY9ygwrPHBcG0t+O+mbUQ3iZrDuWL6aTZmARl8gW61GHgKhPLuVT63lqS0sfF3SRu\/2RFl57oV\/uqjzIp9k9eJnCwqtS1CkYXoosthZjQxz2idl5fCoPnqqq+b3FJOVavGykOz8mX3QfsHMbn3bX8NyqA+skfUMiAZPbojrkplAyQcWHfjgQk2PL5Zimtv55cK5ntv4u09Ie7iu1YMlKJFNJbiRbrJQQVWvKzRjMh3k4EVI0E10qhctn64eAYfAz4Fi2qN27T\/nvp3w2FmN0Ji5e1lZOVH1tLZve\/Zc0PYk1XZckxI62kK0fzeLwoc+C\/ZWp4LXb+FKZjT1a6UsDj+A2loWGjkTlftuSsp6\/p+lJrOnxIS614prXb+txgTmpYI4NpZy3z8YGgZCp21FVW\/vvvNkvA5s+LUDQhNb40k3DycaK0aO8ruxEvNrpw6v9MrlelP2kmKaptI9NnsUfPUB69foHCSiy68vTY+4AAAAASUVORK5CYII=\" \/><strong>GHS05&nbsp;B\u012bstami<\/strong><\/p>\n<p><strong>H314<\/strong> Izraisa smagus \u0101das apdegumus un acu boj\u0101jumus.<\/p>\n<p><strong>H290<\/strong> Var kod\u012bgi iedarboties uz met\u0101liem.<\/p>\n<p>Dro&scaron;\u012bbas pras\u012bbu apz\u012bm\u0113jumi:<\/p>\n<p>P101 Medic\u012bniska padoma nepiecie&scaron;am\u012bbas gad\u012bjum\u0101 attiec\u012bg\u0101 inform\u0101cija ir nor\u0101d\u012bta uz iepakojuma vai eti\u0137etes.<\/p>\n<p>P102 Sarg\u0101t no b\u0113rniem.<\/p>\n<p>P103 Pirms izmanto&scaron;anas izlas\u012bt eti\u0137eti.<\/p>\n<p>P260 Neieelpot izgarojumus\/ smidzin\u0101jumu.<\/p>\n<p>P264 P\u0113c izmanto&scaron;anas rokas k\u0101rt\u012bgi nomazg\u0101t.<\/p>\n<p>P280 Izmantot aizsargcimdus\/ aizsargdr\u0113bes\/ acu aizsargus\/sejas aizsargus.<\/p>\n<p>P305+P351+P338 SASKAR\u0112 AR AC\u012aM: Uzman\u012bgi izskalot ar \u016bdeni vair\u0101kas min\u016btes. Iz\u0146emt kontaktl\u0113cas, ja t\u0101s ir ievietotas un ja to var vienk\u0101r&scaron;i izdar\u012bt. Turpin\u0101t skalot.<\/p>\n<p>P301+P330+P331 NOR\u012a&Scaron;ANAS GAD\u012aJUM\u0100: Izskalot muti. NEIZRAIS\u012aT vem&scaron;anu.<\/p>\n<p>P303+P361+P353 SASKAR\u0112 AR \u0100DU (vai matiem): Nekav\u0113joties novilkt visu pies\u0101r\u0146oto ap\u0123\u0113rbu. Noskalot \u0101du ar \u016bdeni [vai iet du&scaron;\u0101].<\/p>\n<p>P304+P340 IEELPO&Scaron;ANAS GAD\u012aJUM\u0100: nog\u0101d\u0101t cietu&scaron;o svaig\u0101 gais\u0101 un nodro&scaron;in\u0101t netrauc\u0113tu elpo&scaron;anu.<\/p>\n<p>P310 Nekav\u0113joties sazinieties ar SAIND\u0112&Scaron;AN\u0100S INFORM\u0100CIJAS CENTRU\/\u0101rstu ja jums ir slikta pa&scaron;saj\u016bta.<\/p>\n<p>P321 \u012apa&scaron;a medic\u012bnisk\u0101 pal\u012bdz\u012bba (saskares vietas nomazg\u0101t ar \u016bdeni un ziep\u0113m).<\/p>\n<p>P405 Glab\u0101t sl\u0113gt\u0101 veid\u0101.<\/p>\n<p>P234 Tur\u0113t tikai ori\u0123in\u0101liepakojum\u0101.<\/p>\n<p>P501 Atbr\u012bvoties no satura\/tvertnes\/ iepakojuma saska\u0146\u0101 ar valsts noteikumiem.<\/p>\n","protected":false},"excerpt":{"rendered":"<p>Univers\u0101ls l\u012bdzeklis lieto&scaron;anai m\u0101j\u0101s, gar\u0101\u017e\u0101 un darbn\u012bc\u0101. Efekt\u012bvi no\u0146em taukainus un gr\u016bti not\u012br\u0101mus traipus no cepe&scaron;kr\u0101sns, grila, kam\u012bna, tvaika nos\u016bc\u0113ja, fl\u012bz\u0113m un ap\u0123\u0113rba. Lieto&scaron;ana: izsmidziniet nepiecie&scaron;amo l\u012bdzek\u013ca daudzumu tie&scaron;i uz traipa, viegli paberz\u0113jiet un noskalojiet ar t\u012bru \u016bdeni. Pirms lieto&scaron;anas p\u0101rbaudiet l\u012bdzekli uz neliela auduma laukuma. Izmantot telp\u0101s ar piek\u013cuvi svaigam gaisam. Sast\u0101v\u0101: maz\u0101k par [&#8230;]\n","protected":false},"featured_media":96142,"template":"","meta":[],"product_cat":[1466],"product_tag":[],"class_list":{"0":"post-77947","1":"product","2":"type-product","3":"status-publish","4":"has-post-thumbnail","6":"product_brand-madonis_pl","7":"product_cat-virtuvei","9":"first","10":"instock","11":"taxable","12":"shipping-taxable","13":"product-type-simple"},"_links":{"self":[{"href":"https:\/\/e.kosmolat.eu\/lv\/wp-json\/wp\/v2\/product\/77947","targetHints":{"allow":["GET"]}}],"collection":[{"href":"https:\/\/e.kosmolat.eu\/lv\/wp-json\/wp\/v2\/product"}],"about":[{"href":"https:\/\/e.kosmolat.eu\/lv\/wp-json\/wp\/v2\/types\/product"}],"wp:featuredmedia":[{"embeddable":true,"href":"https:\/\/e.kosmolat.eu\/lv\/wp-json\/wp\/v2\/media\/96142"}],"wp:attachment":[{"href":"https:\/\/e.kosmolat.eu\/lv\/wp-json\/wp\/v2\/media?parent=77947"}],"wp:term":[{"taxonomy":"product_cat","embeddable":true,"href":"https:\/\/e.kosmolat.eu\/lv\/wp-json\/wp\/v2\/product_cat?post=77947"},{"taxonomy":"product_tag","embeddable":true,"href":"https:\/\/e.kosmolat.eu\/lv\/wp-json\/wp\/v2\/product_tag?post=77947"}],"curies":[{"name":"wp","href":"https:\/\/api.w.org\/{rel}","templated":true}]}}