{"id":77943,"date":"2025-08-28T04:02:02","date_gmt":"2025-08-28T04:02:02","guid":{"rendered":"https:\/\/e.kosmolat.eu\/product\/dermaflora-adas-kops-zeleja-ar-alveju-150-ml\/"},"modified":"2026-04-20T11:39:42","modified_gmt":"2026-04-20T11:39:42","slug":"dermaflora-adas-kops-zeleja-ar-alveju-150-ml","status":"publish","type":"product","link":"https:\/\/e.kosmolat.eu\/lv\/product\/dermaflora-adas-kops-zeleja-ar-alveju-150-ml\/","title":{"rendered":"Dermaflora \u0100das kop\u0161. \u017eeleja ar alveju, 150 ml"},"content":{"rendered":"<p>95% alvejas. 0% alerg\u0113nu, parab\u0113nu, alkohola un silikonu.<\/p>\n<p>Satur augstas t\u012br\u012bbas pak\u0101pes alvejas ekstraktu, kas sniedz \u0101dai pat\u012bkamu atv\u0113sino\u0161u saj\u016btu un komfortu. Mitrina, kopj un pal\u012bdz mazin\u0101t savilkuma un diskomforta saj\u016btu. Atbalsta dabiskos \u0101das atjauno\u0161an\u0101s procesus, padarot to glud\u0101ku un elast\u012bg\u0101ku.<\/p>\n<p>Piem\u0113rota \u0101das kop\u0161anai p\u0113c uztur\u0113\u0161an\u0101s saul\u0113, viegla aps\u0101rtuma vai kairin\u0101juma gad\u012bjum\u0101, k\u0101 ar\u012b p\u0113c kukai\u0146u kodumiem un nelieliem boj\u0101jumiem.<\/p>\n","protected":false},"excerpt":{"rendered":"<p>95% alvejas. 0% alerg\u0113nu, parab\u0113nu, alkohola un silikonu. Satur augstas t\u012br\u012bbas pak\u0101pes alvejas ekstraktu, kas sniedz \u0101dai pat\u012bkamu atv\u0113sino\u0161u saj\u016btu un komfortu. Mitrina, kopj un pal\u012bdz mazin\u0101t savilkuma un diskomforta saj\u016btu. Atbalsta dabiskos \u0101das atjauno\u0161an\u0101s procesus, padarot to glud\u0101ku un elast\u012bg\u0101ku. Piem\u0113rota \u0101das kop\u0161anai p\u0113c uztur\u0113\u0161an\u0101s saul\u0113, viegla aps\u0101rtuma vai kairin\u0101juma gad\u012bjum\u0101, k\u0101 ar\u012b p\u0113c [&#8230;]\n","protected":false},"featured_media":94418,"template":"","meta":[],"product_cat":[1390],"product_tag":[],"class_list":{"0":"post-77943","1":"product","2":"type-product","3":"status-publish","4":"has-post-thumbnail","6":"product_brand-florin_hu","7":"product_cat-kremai-aliejai-kuno-pienelis","9":"first","10":"instock","11":"taxable","12":"shipping-taxable","13":"product-type-simple"},"_links":{"self":[{"href":"https:\/\/e.kosmolat.eu\/lv\/wp-json\/wp\/v2\/product\/77943","targetHints":{"allow":["GET"]}}],"collection":[{"href":"https:\/\/e.kosmolat.eu\/lv\/wp-json\/wp\/v2\/product"}],"about":[{"href":"https:\/\/e.kosmolat.eu\/lv\/wp-json\/wp\/v2\/types\/product"}],"wp:featuredmedia":[{"embeddable":true,"href":"https:\/\/e.kosmolat.eu\/lv\/wp-json\/wp\/v2\/media\/94418"}],"wp:attachment":[{"href":"https:\/\/e.kosmolat.eu\/lv\/wp-json\/wp\/v2\/media?parent=77943"}],"wp:term":[{"taxonomy":"product_cat","embeddable":true,"href":"https:\/\/e.kosmolat.eu\/lv\/wp-json\/wp\/v2\/product_cat?post=77943"},{"taxonomy":"product_tag","embeddable":true,"href":"https:\/\/e.kosmolat.eu\/lv\/wp-json\/wp\/v2\/product_tag?post=77943"}],"curies":[{"name":"wp","href":"https:\/\/api.w.org\/{rel}","templated":true}]}}